{"id":1272,"date":"2020-05-10T18:19:20","date_gmt":"2020-05-10T15:19:20","guid":{"rendered":"https:\/\/salkolahti.com\/?page_id=1272"},"modified":"2020-05-10T18:23:17","modified_gmt":"2020-05-10T15:23:17","slug":"varausehdot","status":"publish","type":"page","link":"https:\/\/salkolahti.com\/en\/varausehdot\/","title":{"rendered":"Varausehdot"},"content":{"rendered":"<p>[et_pb_section fb_built=&#8221;1&#8243; admin_label=&#8221;section&#8221; _builder_version=&#8221;3.22&#8243;][et_pb_row admin_label=&#8221;row&#8221; _builder_version=&#8221;3.25&#8243; background_size=&#8221;initial&#8221; background_position=&#8221;top_left&#8221; background_repeat=&#8221;repeat&#8221;][et_pb_column type=&#8221;4_4&#8243; _builder_version=&#8221;3.25&#8243; custom_padding=&#8221;|||&#8221; custom_padding__hover=&#8221;|||&#8221;][et_pb_text admin_label=&#8221;Text&#8221; _builder_version=&#8221;3.27.4&#8243; background_size=&#8221;initial&#8221; background_position=&#8221;top_left&#8221; background_repeat=&#8221;repeat&#8221;]<\/p>\n<p><span color=\"#333333\" style=\"color: #333333;\"><span style=\"font-size: 26px;\">Varausehdot Salkolahti Lomam\u00f6kit<\/span><\/span><\/p>\n<p><span style=\"font-size: 14px;\"><\/span><\/p>\n<p><span style=\"font-size: 14px;\"><\/span><\/p>\n<p><span style=\"font-size: 14px;\"><\/span><\/p>\n<p><span style=\"font-size: 14px;\">Salkolahden Lomam\u00f6kit (Vuokraaja) noudattaa m\u00f6kkien varaamisessa ja varausten peruuttamisessa seuraavia ehtoja:<br \/><\/span><\/p>\n<p><span style=\"font-size: 14px;\"><strong>Varaaminen ja vuokran maksu<br \/><\/strong>Varauksen tekij\u00e4n (Asiakas) on oltava v\u00e4hint\u00e4\u00e4n 20 vuotias. Varaus on vahvistettu, kun Asiakas on maksanut 1. maksuer\u00e4n er\u00e4p\u00e4iv\u00e4\u00e4n menness\u00e4. Ellei vuokraa ole suoritettu laskuun kirjattuun er\u00e4p\u00e4iv\u00e4\u00e4n menness\u00e4, on Vuokraajalla oikeus peruuttaa varaus.<br \/><\/span><\/p>\n<p><span style=\"font-size: 14px;\"><strong>Peruutukset ja siirrot<br \/><\/strong>Jos Asiakas joutuu perumaan loman, tulee t\u00e4st\u00e4 ilmoittaa heti esteen ilmaannuttua. Mik\u00e4li peruutus tapahtuu yli kuukausi ennen sovittua vuokrausajankohtaa, pid\u00e4tet\u00e4\u00e4n varausmaksu. Mik\u00e4li varauksen peruutus tehd\u00e4\u00e4n my\u00f6hemmin kuin 3 viikkoa ennen loman alkua, veloitetaan koko vuokra. Peruutus katsotaan tapahtuneeksi sill\u00e4 hetkell\u00e4, jolloin tieto peruutuksesta on tullut Vuokraajalle. Asiakkaalla on oikeus saada maksamansa vuokra takaisin lukuun ottamatta varausmaksua, mik\u00e4li peruutus johtuu Asiakkaan tai h\u00e4nen kanssaan yhteistaloudessa asuvan henkil\u00f6n \u00e4killisest\u00e4 sairastumisesta. Peruutuksesta on ilmoitettava t\u00e4ll\u00f6in viipym\u00e4tt\u00e4. Mik\u00e4li peruutus tapahtuu loman aikana, ei vuokrasummaa palauteta.<br \/><\/span><\/p>\n<p><span style=\"font-size: 14px;\"><strong>Vuokraajan oikeus peruuttaa varaus<\/strong><br \/>Mik\u00e4li kyseess\u00e4 on ylivoimainen este; tulipalo, vesivahinko, tai muu pakottava syy, on Salkolahden Lomam\u00f6keill\u00e4 oikeus irtisanoa sopimus. Salkolahden Lomam\u00f6kit on t\u00e4ll\u00f6in velvollinen ilmoittamaan t\u00e4st\u00e4 asiakkaalle viipym\u00e4tt\u00e4 ja Asiakkaalla on oikeus saada maksamansa vuokra kokonaisuudessaan takaisin. Vuokraajalla on t\u00e4ll\u00f6in oikeus my\u00f6s esitt\u00e4\u00e4 vaihtoehtoista majoituspaikkaa mik\u00e4li Tilaaja t\u00e4m\u00e4n hyv\u00e4ksyy.<br \/><strong><br \/>M\u00f6kin k\u00e4ytt\u00e4minen<\/strong><br \/>Vuokraan sis\u00e4ltyv\u00e4t m\u00f6kki varusteineen, ruokailuastiat, ruokailuv\u00e4lineet, s\u00e4hk\u00f6 ja polttopuut. M\u00f6keiss\u00e4 on tyynyt, peitot ja patjat. Vuokraushintaan eiv\u00e4t sis\u00e4lly liinavaatteet ja pyyhkeet ellei asiasta ole erikseen sovittu. Liinavaatteita on k\u00e4ytett\u00e4v\u00e4 kaikissa vuoteissa. Makuupusseja ei saa k\u00e4ytt\u00e4\u00e4. Puhdistusaineet kuuluvat vuokraan. Lomam\u00f6kin siivouksesta loman aikana ja sen p\u00e4\u00e4ttyess\u00e4 huolehtii asiakas. Jos suoritat loppusiivouksen itse, on noudatettava annettuja ohjeita. Mik\u00e4li varauksen p\u00e4\u00e4ttyess\u00e4 ei ole tehty asianmukaista loppusiivousta ja asiasta ei ole erikseen sovittu, on Salkolahden Lomam\u00f6keill\u00e4 oikeus peri\u00e4 j\u00e4lkisiivousmaksu. Tupakointi on kielletty kaikissa m\u00f6keiss\u00e4mme.<br \/>M\u00f6kill\u00e4 tulee k\u00e4ytt\u00e4yty\u00e4 yleisen hyv\u00e4n tavan mukaisesti, liiallista h\u00e4iri\u00f6t\u00e4 aiheuttamatta.<strong><br \/><\/strong><\/span><\/p>\n<p><span style=\"font-size: 14px;\"><strong>Henkil\u00f6m\u00e4\u00e4r\u00e4<\/strong><br \/>Varausta tehdess\u00e4 on sovittava henkil\u00f6m\u00e4\u00e4r\u00e4st\u00e4, mik\u00e4li m\u00f6kill\u00e4nne vierailee henkil\u00f6it\u00e4 joista ei ole varauksen yhteydess\u00e4 sovittu tulee t\u00e4st\u00e4 ilmoittaa vuokraajalle. Asuntoauton tai -vaunun k\u00e4ytt\u00f6 on luvanvaraista.<br \/><strong><br \/>PETS<\/strong><br \/>Lemmikkiel\u00e4inten tuominen m\u00f6kille on aina luvanvaraista. Varmistathan ennen varaamist\u00e4 ett\u00e4 m\u00f6kille voi tuoda lemmikin ilmoittamalla asiasta vuokrauksen yhteydess\u00e4.<br \/><strong><br \/>Vastuurajoitukset<\/strong><br \/>Salkolahden lomam\u00f6kkien korvausvastuu aiheutuneista vahingoista on aina enint\u00e4\u00e4n vuokrasumman suuruinen.<\/span><\/p>\n<p>[\/et_pb_text][\/et_pb_column][\/et_pb_row][\/et_pb_section]<\/p>","protected":false},"excerpt":{"rendered":"<p>Varausehdot Salkolahti Lomam\u00f6kit Salkolahden Lomam\u00f6kit (Vuokraaja) noudattaa m\u00f6kkien varaamisessa ja varausten peruuttamisessa seuraavia ehtoja: Varaaminen ja vuokran maksuVarauksen tekij\u00e4n (Asiakas) on oltava v\u00e4hint\u00e4\u00e4n 20 vuotias. Varaus on vahvistettu, kun Asiakas on maksanut 1. maksuer\u00e4n er\u00e4p\u00e4iv\u00e4\u00e4n menness\u00e4. Ellei vuokraa ole suoritettu laskuun kirjattuun er\u00e4p\u00e4iv\u00e4\u00e4n menness\u00e4, on Vuokraajalla oikeus peruuttaa varaus. Peruutukset ja siirrotJos Asiakas joutuu perumaan [&hellip;]<\/p>","protected":false},"author":2,"featured_media":0,"parent":0,"menu_order":0,"comment_status":"closed","ping_status":"closed","template":"","meta":{"_acf_changed":false,"_et_pb_use_builder":"on","_et_pb_old_content":"","_et_gb_content_width":"","footnotes":"","_links_to":"","_links_to_target":""},"class_list":["post-1272","page","type-page","status-publish","hentry"],"acf":[],"yoast_head":"<!-- This site is optimized with the Yoast SEO plugin v27.4 - https:\/\/yoast.com\/product\/yoast-seo-wordpress\/ -->\n<title>Varausehdot - Salkolahti Lomam\u00f6kit<\/title>\n<meta name=\"robots\" content=\"index, follow, max-snippet:-1, max-image-preview:large, max-video-preview:-1\" \/>\n<link rel=\"canonical\" href=\"https:\/\/salkolahti.com\/en\/varausehdot\/\" \/>\n<meta property=\"og:locale\" content=\"en_US\" \/>\n<meta property=\"og:type\" content=\"article\" \/>\n<meta property=\"og:title\" content=\"Varausehdot - Salkolahti Lomam\u00f6kit\" \/>\n<meta property=\"og:description\" content=\"Varausehdot Salkolahti Lomam\u00f6kit Salkolahden Lomam\u00f6kit (Vuokraaja) noudattaa m\u00f6kkien varaamisessa ja varausten peruuttamisessa seuraavia ehtoja: Varaaminen ja vuokran maksuVarauksen tekij\u00e4n (Asiakas) on oltava v\u00e4hint\u00e4\u00e4n 20 vuotias. Varaus on vahvistettu, kun Asiakas on maksanut 1. maksuer\u00e4n er\u00e4p\u00e4iv\u00e4\u00e4n menness\u00e4. Ellei vuokraa ole suoritettu laskuun kirjattuun er\u00e4p\u00e4iv\u00e4\u00e4n menness\u00e4, on Vuokraajalla oikeus peruuttaa varaus. Peruutukset ja siirrotJos Asiakas joutuu perumaan [&hellip;]\" \/>\n<meta property=\"og:url\" content=\"https:\/\/salkolahti.com\/en\/varausehdot\/\" \/>\n<meta property=\"og:site_name\" content=\"Salkolahti Lomam\u00f6kit\" \/>\n<meta property=\"article:modified_time\" content=\"2020-05-10T15:23:17+00:00\" \/>\n<meta name=\"twitter:card\" content=\"summary_large_image\" \/>\n<meta name=\"twitter:label1\" content=\"Est. reading time\" \/>\n\t<meta name=\"twitter:data1\" content=\"2 minutes\" \/>\n<script type=\"application\/ld+json\" class=\"yoast-schema-graph\">{\"@context\":\"https:\\\/\\\/schema.org\",\"@graph\":[{\"@type\":\"WebPage\",\"@id\":\"https:\\\/\\\/salkolahti.com\\\/varausehdot\\\/\",\"url\":\"https:\\\/\\\/salkolahti.com\\\/varausehdot\\\/\",\"name\":\"Varausehdot - Salkolahti Lomam\u00f6kit\",\"isPartOf\":{\"@id\":\"https:\\\/\\\/salkolahti.com\\\/#website\"},\"datePublished\":\"2020-05-10T15:19:20+00:00\",\"dateModified\":\"2020-05-10T15:23:17+00:00\",\"breadcrumb\":{\"@id\":\"https:\\\/\\\/salkolahti.com\\\/varausehdot\\\/#breadcrumb\"},\"inLanguage\":\"en-US\",\"potentialAction\":[{\"@type\":\"ReadAction\",\"target\":[\"https:\\\/\\\/salkolahti.com\\\/varausehdot\\\/\"]}]},{\"@type\":\"BreadcrumbList\",\"@id\":\"https:\\\/\\\/salkolahti.com\\\/varausehdot\\\/#breadcrumb\",\"itemListElement\":[{\"@type\":\"ListItem\",\"position\":1,\"name\":\"Home\",\"item\":\"https:\\\/\\\/salkolahti.com\\\/\"},{\"@type\":\"ListItem\",\"position\":2,\"name\":\"Varausehdot\"}]},{\"@type\":\"WebSite\",\"@id\":\"https:\\\/\\\/salkolahti.com\\\/#website\",\"url\":\"https:\\\/\\\/salkolahti.com\\\/\",\"name\":\"Salkolahti Lomam\u00f6kit\",\"description\":\"M\u00f6kit ja Huvilat sinun tarpeisiin\",\"publisher\":{\"@id\":\"https:\\\/\\\/salkolahti.com\\\/#organization\"},\"potentialAction\":[{\"@type\":\"SearchAction\",\"target\":{\"@type\":\"EntryPoint\",\"urlTemplate\":\"https:\\\/\\\/salkolahti.com\\\/?s={search_term_string}\"},\"query-input\":{\"@type\":\"PropertyValueSpecification\",\"valueRequired\":true,\"valueName\":\"search_term_string\"}}],\"inLanguage\":\"en-US\"},{\"@type\":\"Organization\",\"@id\":\"https:\\\/\\\/salkolahti.com\\\/#organization\",\"name\":\"Salkolahti lomam\u00f6kit\",\"url\":\"https:\\\/\\\/salkolahti.com\\\/\",\"logo\":{\"@type\":\"ImageObject\",\"inLanguage\":\"en-US\",\"@id\":\"https:\\\/\\\/salkolahti.com\\\/#\\\/schema\\\/logo\\\/image\\\/\",\"url\":\"https:\\\/\\\/salkolahti.com\\\/wp-content\\\/uploads\\\/2020\\\/05\\\/favicon.ico\",\"contentUrl\":\"https:\\\/\\\/salkolahti.com\\\/wp-content\\\/uploads\\\/2020\\\/05\\\/favicon.ico\",\"width\":32,\"height\":32,\"caption\":\"Salkolahti lomam\u00f6kit\"},\"image\":{\"@id\":\"https:\\\/\\\/salkolahti.com\\\/#\\\/schema\\\/logo\\\/image\\\/\"}}]}<\/script>\n<!-- \/ Yoast SEO plugin. -->","yoast_head_json":{"title":"Varausehdot - Salkolahti Lomam\u00f6kit","robots":{"index":"index","follow":"follow","max-snippet":"max-snippet:-1","max-image-preview":"max-image-preview:large","max-video-preview":"max-video-preview:-1"},"canonical":"https:\/\/salkolahti.com\/en\/varausehdot\/","og_locale":"en_US","og_type":"article","og_title":"Varausehdot - Salkolahti Lomam\u00f6kit","og_description":"Varausehdot Salkolahti Lomam\u00f6kit Salkolahden Lomam\u00f6kit (Vuokraaja) noudattaa m\u00f6kkien varaamisessa ja varausten peruuttamisessa seuraavia ehtoja: Varaaminen ja vuokran maksuVarauksen tekij\u00e4n (Asiakas) on oltava v\u00e4hint\u00e4\u00e4n 20 vuotias. Varaus on vahvistettu, kun Asiakas on maksanut 1. maksuer\u00e4n er\u00e4p\u00e4iv\u00e4\u00e4n menness\u00e4. Ellei vuokraa ole suoritettu laskuun kirjattuun er\u00e4p\u00e4iv\u00e4\u00e4n menness\u00e4, on Vuokraajalla oikeus peruuttaa varaus. Peruutukset ja siirrotJos Asiakas joutuu perumaan [&hellip;]","og_url":"https:\/\/salkolahti.com\/en\/varausehdot\/","og_site_name":"Salkolahti Lomam\u00f6kit","article_modified_time":"2020-05-10T15:23:17+00:00","twitter_card":"summary_large_image","twitter_misc":{"Est. reading time":"2 minutes"},"schema":{"@context":"https:\/\/schema.org","@graph":[{"@type":"WebPage","@id":"https:\/\/salkolahti.com\/varausehdot\/","url":"https:\/\/salkolahti.com\/varausehdot\/","name":"Varausehdot - Salkolahti Lomam\u00f6kit","isPartOf":{"@id":"https:\/\/salkolahti.com\/#website"},"datePublished":"2020-05-10T15:19:20+00:00","dateModified":"2020-05-10T15:23:17+00:00","breadcrumb":{"@id":"https:\/\/salkolahti.com\/varausehdot\/#breadcrumb"},"inLanguage":"en-US","potentialAction":[{"@type":"ReadAction","target":["https:\/\/salkolahti.com\/varausehdot\/"]}]},{"@type":"BreadcrumbList","@id":"https:\/\/salkolahti.com\/varausehdot\/#breadcrumb","itemListElement":[{"@type":"ListItem","position":1,"name":"Home","item":"https:\/\/salkolahti.com\/"},{"@type":"ListItem","position":2,"name":"Varausehdot"}]},{"@type":"WebSite","@id":"https:\/\/salkolahti.com\/#website","url":"https:\/\/salkolahti.com\/","name":"Salkolahti Lomam\u00f6kit","description":"M\u00f6kit ja Huvilat sinun tarpeisiin","publisher":{"@id":"https:\/\/salkolahti.com\/#organization"},"potentialAction":[{"@type":"SearchAction","target":{"@type":"EntryPoint","urlTemplate":"https:\/\/salkolahti.com\/?s={search_term_string}"},"query-input":{"@type":"PropertyValueSpecification","valueRequired":true,"valueName":"search_term_string"}}],"inLanguage":"en-US"},{"@type":"Organization","@id":"https:\/\/salkolahti.com\/#organization","name":"Salkolahti lomam\u00f6kit","url":"https:\/\/salkolahti.com\/","logo":{"@type":"ImageObject","inLanguage":"en-US","@id":"https:\/\/salkolahti.com\/#\/schema\/logo\/image\/","url":"https:\/\/salkolahti.com\/wp-content\/uploads\/2020\/05\/favicon.ico","contentUrl":"https:\/\/salkolahti.com\/wp-content\/uploads\/2020\/05\/favicon.ico","width":32,"height":32,"caption":"Salkolahti lomam\u00f6kit"},"image":{"@id":"https:\/\/salkolahti.com\/#\/schema\/logo\/image\/"}}]}},"_links":{"self":[{"href":"https:\/\/salkolahti.com\/en\/wp-json\/wp\/v2\/pages\/1272","targetHints":{"allow":["GET"]}}],"collection":[{"href":"https:\/\/salkolahti.com\/en\/wp-json\/wp\/v2\/pages"}],"about":[{"href":"https:\/\/salkolahti.com\/en\/wp-json\/wp\/v2\/types\/page"}],"author":[{"embeddable":true,"href":"https:\/\/salkolahti.com\/en\/wp-json\/wp\/v2\/users\/2"}],"replies":[{"embeddable":true,"href":"https:\/\/salkolahti.com\/en\/wp-json\/wp\/v2\/comments?post=1272"}],"version-history":[{"count":2,"href":"https:\/\/salkolahti.com\/en\/wp-json\/wp\/v2\/pages\/1272\/revisions"}],"predecessor-version":[{"id":1275,"href":"https:\/\/salkolahti.com\/en\/wp-json\/wp\/v2\/pages\/1272\/revisions\/1275"}],"wp:attachment":[{"href":"https:\/\/salkolahti.com\/en\/wp-json\/wp\/v2\/media?parent=1272"}],"curies":[{"name":"wp","href":"https:\/\/api.w.org\/{rel}","templated":true}]}}