{"id":3,"date":"2020-03-15T13:42:28","date_gmt":"2020-03-15T11:42:28","guid":{"rendered":"https:\/\/2020.salkolahti.com\/?page_id=3"},"modified":"2020-05-07T13:17:38","modified_gmt":"2020-05-07T10:17:38","slug":"tietosuojaseloste","status":"publish","type":"page","link":"https:\/\/salkolahti.com\/en\/tietosuojaseloste\/","title":{"rendered":"Tietosuojaseloste"},"content":{"rendered":"[et_pb_section fb_built=&#8221;1&#8243; admin_label=&#8221;section&#8221; _builder_version=&#8221;3.22&#8243;][et_pb_row admin_label=&#8221;row&#8221; _builder_version=&#8221;3.25&#8243; background_size=&#8221;initial&#8221; background_position=&#8221;top_left&#8221; background_repeat=&#8221;repeat&#8221;][et_pb_column type=&#8221;4_4&#8243; _builder_version=&#8221;3.25&#8243; custom_padding=&#8221;|||&#8221; custom_padding__hover=&#8221;|||&#8221;][et_pb_text admin_label=&#8221;Text&#8221; _builder_version=&#8221;3.27.4&#8243; background_size=&#8221;initial&#8221; background_position=&#8221;top_left&#8221; background_repeat=&#8221;repeat&#8221;]<p><span style=\"color: #333333; font-size: 26px;\">Keit\u00e4 olemme<\/span><\/p>\n<p>Rekisterinpit\u00e4j\u00e4<br \/>Salkolahden lomam\u00f6kit \/ Eija ja Mikko Salkolahti<br \/>Y-tunnus 1772973-8<br \/>Koiviston Anttila 71 35420 Talviainen<\/p>\n<h2>Mit\u00e4 henkil\u00f6tietoa ker\u00e4\u00e4mme ja miksi<\/h2>\n<p><span style=\"font-size: 14px;\">Ker\u00e4\u00e4mme tietoja ensisijaisesti suoraan palvelujemme k\u00e4ytt\u00e4j\u00e4lt\u00e4 www-sivujen lomakkeilla l\u00e4hetetyist\u00e4 viesteist\u00e4 ja henkil\u00f6kohtaisen asioinnin yhteydess\u00e4 (s\u00e4hk\u00f6posti- ja puhelinkeskustelut sek\u00e4 toimistolla asiointi).<\/span><\/p>\n<p>Ker\u00e4tt\u00e4vi\u00e4 tietoja ovat tilaajan nimi- ja osoitetiedot, s\u00e4hk\u00f6postiosoite, puhelinnumero ja verkkoyhteyden IP-osoite sek\u00e4 matkustajien nimet, syntym\u00e4ajat, yhteystiedot.<br \/>N\u00e4iden tietojen lis\u00e4ksi voimme ker\u00e4t\u00e4 muita asiakassuhteeseen liittyvi\u00e4 tietoja, matkahistoriatiedot, tiedot allergioista, sek\u00e4 terveys- ja liikuntarajoitteista. Tarvittaessa ker\u00e4\u00e4mme my\u00f6s matkustajan passin tiedot.<\/p>\n<p>Henkil\u00f6tietojen k\u00e4sittely perustuu suostumukseen, asiakassuhteeseen tai muuhun s\u00e4\u00e4d\u00f6sten velvoittamaan k\u00e4sittelyyn. Asiakas voi milloin tahansa peruuttaa suostumuksensa tietojen k\u00e4sittelyyn, mutta t\u00e4ll\u00f6in emme voi taata asiakkaan varaaman palvelun toimittamista.<br \/>Henkil\u00f6tietoja voidaan k\u00e4sitell\u00e4 my\u00f6s ilman asiakkaan suostumusta sen ollessa v\u00e4ltt\u00e4m\u00e4t\u00f6nt\u00e4 asiakkaan kanssa tehdyn sopimuksen toteuttamiseksi tai lakiin perustuvien velvoitteiden t\u00e4ytt\u00e4miseksi.<br \/>Asiakas antaa suostumuksensa henkil\u00f6tietojensa k\u00e4sittelyyn k\u00e4ytt\u00e4ess\u00e4\u00e4n salkolahti.com -sivustoa ja asioidessaan Salkolahden Lomam\u00f6kit edustajan kanssa.<br \/>Matkan varaajan on yleens\u00e4 ilmoitettava my\u00f6s matkaseurueeseen kuuluvien henkil\u00f6iden henkil\u00f6tietoja. Edellyt\u00e4mme, ett\u00e4 tietojen ilmoittajalla on kaikkien matkustajien suostumus my\u00f6s muiden matkustajien henkil\u00f6tietojen ilmoittamiseen. Jos joku toinen on tehnyt sinua koskevan varauksen, ker\u00e4\u00e4mme sinua koskevat henkil\u00f6tiedot varauksen tekij\u00e4lt\u00e4. Sama koskee tilannetta, jossa joku toinen on ollut yhteydess\u00e4 kanssamme sinun puolestasi.<\/p>\n<p>&nbsp;<\/p>\n<h3>Henkil\u00f6tietojen k\u00e4sittelyn tarkoitus<\/h3>\n<p>Ker\u00e4\u00e4mme henkil\u00f6tietosi, jotta voimme toteuttaa tilaamasi palvelun solmitun sopimuksen mukaisesti. Tietoja k\u00e4ytet\u00e4\u00e4n palveluvarauksiin, matka-asiakirjojen valmisteluun ja toimittamiseen. Matkan hallinnointi edellytt\u00e4\u00e4 my\u00f6s tietojen k\u00e4ytt\u00e4mist\u00e4 kirjanpitoon, maksukorttien varmennukseen, laskutukseen jne.<br \/>Yhteystietoja sek\u00e4 matkahistoriatietoa k\u00e4ytet\u00e4\u00e4n asiakkaan kanssa kommunikointiin, asiakassuhteen yll\u00e4pitoon, omaan markkinointiin ja toiminnan sek\u00e4 tuotteiden kehitt\u00e4miseen. Emme osta tietoja ulkopuolisilta yrityksilt\u00e4 tai luovuta tai myy tietojasi eteenp\u00e4in ulkopuolisille tahoille.\u00a0Tietoja ei k\u00e4ytet\u00e4 automatisoituun p\u00e4\u00e4t\u00f6ksentekoon tai profilointiin.<\/p>\n<h3>Tietojen tallentaminen, s\u00e4ilytys ja suojaaminen<\/h3>\n<p>\u00a0<span style=\"font-size: 14px;\">Henkil\u00f6tietoja tallennetaan asiakastietokantaamme, myynti- ja varausj\u00e4rjestelmiin. Vain Salkolahti Lomam\u00f6kkien henkil\u00f6st\u00f6ll\u00e4 on p\u00e4\u00e4sy n\u00e4ihin j\u00e4rjestelmiin ja ne ovat salasanoin suojatut. Henkil\u00f6tietojen k\u00e4sittelyss\u00e4 k\u00e4ytetyt tietoj\u00e4rjestelm\u00e4t on suojattu asianmukaisesti ja tietojen k\u00e4sittelyss\u00e4 noudatetaan huolellisuutta. Internet-palvelimilla s\u00e4ilytett\u00e4vien henkil\u00f6tietojen laitteistojen fyysisest\u00e4 ja digitaalisesta tietoturvasta huolehditaan asiaankuuluvasti. Rekisterinpit\u00e4j\u00e4 huolehtii siit\u00e4, ett\u00e4 tallennettuja tietoja sek\u00e4 palvelimien k\u00e4ytt\u00f6oikeuksia ja muita henkil\u00f6tietojen turvallisuuden kannalta kriittisi\u00e4 tietoja k\u00e4sitell\u00e4\u00e4n luottamuksellisesti ja vain niiden ty\u00f6ntekij\u00f6iden toimesta, joiden ty\u00f6nkuvaan se kuuluu.<\/span><\/p>\n<h3>Tietojen luovutukset<\/h3>\n<p>\u00a0Huolehdimme siit\u00e4, ett\u00e4 tietoja luovutetaan GDPR:n vaatimusten mukaisesti.<br \/>K\u00e4yt\u00e4mme liiketoiminnassamme erilaisia IT-j\u00e4rjestelmi\u00e4 ja palveluja, joista osassa s\u00e4ilytet\u00e4\u00e4n ja k\u00e4sitell\u00e4\u00e4n henkil\u00f6tietoja. Osa j\u00e4rjestelmist\u00e4 on pilvipalveluja, jolloin tieto on fyysisesti tallennettuna j\u00e4rjestelm\u00e4ntoimittajan tiloissa. Tietoja luovutetaan my\u00f6s muille sopimuskumppaneille, joka k\u00e4sitt\u00e4\u00e4 esimerkiksi tilitoimiston ja luottokorttiyhti\u00f6t, jotka kaikki k\u00e4sittelev\u00e4t henkil\u00f6tietoja sopimuksen edellytt\u00e4m\u00e4ll\u00e4 tavalla.<br \/>Emme tee massa-\/s\u00e4\u00e4nn\u00f6nmukaisia tietojen luovutuksia ulkopuolisille tahoille tai tietojen luovutuksia ulkopuolisille tahoille markkinointitarkoituksiin.<\/p>\n<h3>Tietojen s\u00e4ilytysaika<\/h3>\n<p>S\u00e4ilyt\u00e4mme asiakasrekisteriss\u00e4mme henkil\u00f6tietoja niin kauan kuin k\u00e4sittelyperusteen kannalta on tarpeen. Henkil\u00f6tietoja s\u00e4ilytet\u00e4\u00e4n asiakasrekisteriss\u00e4 kunnes rekister\u00f6idyn ja Salkolahden Lomam\u00f6kkien v\u00e4lisen asiakassuhteen voidaan katsoa p\u00e4\u00e4ttyneen.<br \/>S\u00e4ilyt\u00e4mme henkil\u00f6tietoja tavallisesti asiakasrekisteriss\u00e4mme 6 vuotta viimeisimm\u00e4n matkavarauksen tai palvelukontaktin j\u00e4lkeen.<br \/>Jos olet rekister\u00f6itynyt uutiskirjetilaajaksi, k\u00e4sittelemme tarvittavia tietoja niin kauan kunnes peruutat uutiskirjetilauksen kuitenkin maksimissaan 10 vuotta. Voit milloin tahansa peruuttaa uutiskirjetilauksen ilmoittamalla siit\u00e4 varaukset@salkolahti.com osoitteeseen.<br \/>IP-osoitteet salkolahti.com -sivuilla vierailuista s\u00e4ilyv\u00e4t 1 kk ajan.<br \/>Osaa tiedoista voidaan joutua lains\u00e4\u00e4d\u00e4nn\u00f6st\u00e4 johtuvista syist\u00e4 s\u00e4ilytt\u00e4m\u00e4\u00e4n ilmoitettua pidemm\u00e4n ajan.<\/p>\n<h3>Muilta sivustoilta upotettu sis\u00e4lt\u00f6\u00a0<\/h3>\n<p>\u00a0T\u00e4m\u00e4n sivuston artikkelit voivat sis\u00e4lt\u00e4\u00e4 upotettua sis\u00e4lt\u00f6\u00e4 (esimerkiksi videoita, kuvia, artikkeleita jne.). Toisilta sivustoilta tuodun upotetun sis\u00e4ll\u00f6n avaaminen on verrattavissa siihen, ett\u00e4 vierailija itse k\u00e4visi kolmannen osapuolen sivustolla.<\/p>\n<p>N\u00e4m\u00e4 sivustot voivat ker\u00e4t\u00e4 tietoa sinusta, k\u00e4ytt\u00e4\u00e4 ev\u00e4steit\u00e4, upottaa kolmannen osapuolen seurantaev\u00e4steit\u00e4 ja monitoroida vuorovaikutustasi upotetun sis\u00e4ll\u00f6n kanssa, mukaan lukien vuorovaikutuksen seuranta jos ja kun olet kirjautunut k\u00e4ytt\u00e4j\u00e4n\u00e4 sivustolle.<\/p>\n<h3>Rekister\u00f6idyn oikeudet<\/h3>\n<p>\u00a0Asiakkaalla on oikeus vastustaa omien henkil\u00f6tietojensa asiakassuhteeseen perustuvaa k\u00e4sittely\u00e4. Asiakkaalla on my\u00f6s oikeus henkil\u00f6tietojensa k\u00e4sittelyyn antamansa suostumuksen peruuttamiseen, jolloin lopetamme asiakkaan suostumukseen perustuvan henkil\u00f6tietojen k\u00e4sittelyn. Suostumuksen peruuttamiseksi ja henkil\u00f6tietojen k\u00e4sittelyn vastustamiseksi asiakkaan tulee olla kirjallisesti yhteydess\u00e4 Salkolahden Lomam\u00f6kkeihin yll\u00e4 mainittuun osoitteeseen.<br \/>Vaikka asiakassuhteen tai suostumuksen perusteella tapahtuva tietojen k\u00e4sittely keskeytet\u00e4\u00e4n, voidaan tietoja s\u00e4ilytt\u00e4\u00e4 kuitenkin muihin tarkoituksiin, esimerkiksi lain vaatimusten perusteella s\u00e4ilytett\u00e4v\u00e4ksi. Asiakkaalla on oikeus tarkastaa Salkolahden Lomam\u00f6kkien tallentamia henkil\u00f6tietojaan ja oikeus saada virheelliset tiedot oikaistuksi. Asiakas voi pyyt\u00e4\u00e4 rekisteriotteen itse\u00e4\u00e4n koskevista tiedoista l\u00e4hett\u00e4m\u00e4ll\u00e4 allekirjoitetun kirjallisen pyynn\u00f6n postitse otsikolla \u2019Henkil\u00f6rekisteriotepyynt\u00f6 tietosuojavastaavalle\u2019. Otteen saa maksutta yhden kerran. Seuraavista rekisteriotepyynn\u00f6ist\u00e4 perimme palvelumaksun 10 Eur. Rekisterinpit\u00e4j\u00e4 voi pyyt\u00e4\u00e4 tarvittaessa henkil\u00f6rekisteripyynn\u00f6n esitt\u00e4j\u00e4\u00e4 todistamaan henkil\u00f6llisyytens\u00e4. Rekisterinpit\u00e4j\u00e4 vastaa asiakkaalle EU:n tietosuoja-asetuksessa s\u00e4\u00e4detyss\u00e4 ajassa (p\u00e4\u00e4s\u00e4\u00e4nt\u00f6isesti kuukauden kuluessa).<\/p>\n<p>\u00a0<span style=\"color: #333333; font-size: 26px;\">Ev\u00e4steet<\/span><\/p>\n<p>\u00a0<span style=\"font-size: 14px;\">\u00a0Ev\u00e4steet (eng. cookie) ovat pieni\u00e4 tekstitiedostoja, joita verkkoselain tallentaa k\u00e4ytt\u00e4j\u00e4n laitteelle. Verkkosivut asettavat ev\u00e4steit\u00e4 esimerkiksi s\u00e4ilytt\u00e4\u00e4kseen k\u00e4ytt\u00e4j\u00e4n tietoja t\u00e4m\u00e4n siirtyess\u00e4 internetpalvelun sivulta toiselle ja k\u00e4ytt\u00f6kokemusta parantaakseen. Salkolahti.com -sivusto ei aseta ev\u00e4steit\u00e4, mutta sivuilla on linkkej\u00e4 ja yhteyksi\u00e4 seuraaviin kolmannen tahon palveluihin, joiden ev\u00e4steet ja liit\u00e4nn\u00e4iset latautuvat palveluntarjoajan omalta palvelimelta. Google Analytics -palvelu seuraa ja tilastoi verkkosivuston k\u00e4ytt\u00f6\u00e4 www-sivujen vierailijoiden m\u00e4\u00e4r\u00e4\u00e4 yms. k\u00e4ytt\u00e4jien tietokoneisiin tallennettujen ev\u00e4steiden avulla. AddThis -palvelun sosiaalisen median jakopainikkeet. Verkkoselaimet hyv\u00e4ksyv\u00e4t ev\u00e4steet yleens\u00e4 automaattisesti. Voit muuttaa selaimen asetuksia ja est\u00e4\u00e4 uusien ev\u00e4steiden tallennuksen, poistaa laitteellesi jo tallennetut ev\u00e4steet sek\u00e4 pyyt\u00e4\u00e4 ilmoitusta ennen uusien ev\u00e4steiden tallentamista.<\/span><\/p>[\/et_pb_text][\/et_pb_column][\/et_pb_row][\/et_pb_section]<!-- \/wp:post-content -->","protected":false},"excerpt":{"rendered":"<p>Keit\u00e4 olemme Rekisterinpit\u00e4j\u00e4Salkolahden lomam\u00f6kit \/ Eija ja Mikko SalkolahtiY-tunnus 1772973-8Koiviston Anttila 71 35420 Talviainen Mit\u00e4 henkil\u00f6tietoa ker\u00e4\u00e4mme ja miksi Ker\u00e4\u00e4mme tietoja ensisijaisesti suoraan palvelujemme k\u00e4ytt\u00e4j\u00e4lt\u00e4 www-sivujen lomakkeilla l\u00e4hetetyist\u00e4 viesteist\u00e4 ja henkil\u00f6kohtaisen asioinnin yhteydess\u00e4 (s\u00e4hk\u00f6posti- ja puhelinkeskustelut sek\u00e4 toimistolla asiointi). Ker\u00e4tt\u00e4vi\u00e4 tietoja ovat tilaajan nimi- ja osoitetiedot, s\u00e4hk\u00f6postiosoite, puhelinnumero ja verkkoyhteyden IP-osoite sek\u00e4 matkustajien nimet, syntym\u00e4ajat, [&hellip;]<\/p>","protected":false},"author":1,"featured_media":0,"parent":0,"menu_order":0,"comment_status":"closed","ping_status":"open","template":"","meta":{"_acf_changed":false,"_et_pb_use_builder":"on","_et_pb_old_content":"<!-- wp:heading -->\n<h2>Keit\u00e4 olemme<\/h2>\n<!-- \/wp:heading -->\n\n<!-- wp:paragraph -->\n<p>Verkkosivustomme osoite on: https:\/\/2020.salkolahti.com.<\/p>\n<!-- \/wp:paragraph -->\n\n<!-- wp:heading -->\n<h2>Mit\u00e4 henkil\u00f6tietoa ker\u00e4\u00e4mme ja miksi<\/h2>\n<!-- \/wp:heading -->\n\n<!-- wp:heading {\"level\":3} -->\n<h3>Kommentit<\/h3>\n<!-- \/wp:heading -->\n\n<!-- wp:paragraph -->\n<p>Kun sivuston k\u00e4ytt\u00e4j\u00e4t j\u00e4tt\u00e4v\u00e4t kommentteja sivustolle, ker\u00e4\u00e4mme kommenttilomakkeessa olevat tiedot, sek\u00e4 k\u00e4ytt\u00e4j\u00e4n IP-osoitteen ja selaimen versiotiedot roskaviestien tunnistamisen helpottamiseksi.<\/p>\n<!-- \/wp:paragraph -->\n\n<!-- wp:paragraph -->\n<p>Kun vierailijat j\u00e4tt\u00e4v\u00e4t kommentin t\u00e4lle sivustolle ker\u00e4\u00e4mme tiedon, joka on n\u00e4kyviss\u00e4 kommentointikentiss\u00e4, IP-osoitteen sek\u00e4 selaimen versioon liittyv\u00e4t tiedot. S\u00e4hk\u00f6postiosoitteesta luotu anonymisoitu hajautustieto (hash) voidaan l\u00e4hett\u00e4\u00e4 Gravatar-palveluun, jotta tiedet\u00e4\u00e4n onko kommentoija palvelun k\u00e4ytt\u00e4j\u00e4. Gravatar-palvelun tietosuojaseloste l\u00f6ytyy osoitteesta https:\/\/automattic.com\/privacy\/.<\/p>\n<!-- \/wp:paragraph -->\n\n<!-- wp:heading {\"level\":3} -->\n<h3>Media<\/h3>\n<!-- \/wp:heading -->\n\n<!-- wp:paragraph -->\n<p>Mik\u00e4li lataat kuvia t\u00e4lle sivustolle, sinun tulee v\u00e4ltt\u00e4\u00e4 sellaisten kuvien lataamista, joissa on tallennettu paikkatieto (EXIF GPS). Sivuston vierailijat voivat ladata ja katsoa paikkatietoa kuvista, joita sivustolla on.<\/p>\n<!-- \/wp:paragraph -->\n\n<!-- wp:heading {\"level\":3} -->\n<h3>Yhteydenottolomakkeet<\/h3>\n<!-- \/wp:heading -->\n\n<!-- wp:heading {\"level\":3} -->\n<h3>Ev\u00e4steet<\/h3>\n<!-- \/wp:heading -->\n\n<!-- wp:paragraph -->\n<p>Jos j\u00e4t\u00e4t kommentin sivustolle, voit valita nimen, s\u00e4hk\u00f6postiosoitteen ja url-osoitteen tallennuksen ev\u00e4steeseen. T\u00e4m\u00e4 toiminto lis\u00e4\u00e4 k\u00e4ytt\u00f6mukavuutta, koska lomaketta ei tarvitse t\u00e4ytt\u00e4\u00e4 jokaisella kerralla uudelleen kommenttia lis\u00e4tess\u00e4. Ev\u00e4stetieto poistetaan selaimesta vuoden kuluttua.<\/p>\n<!-- \/wp:paragraph -->\n\n<!-- wp:paragraph -->\n<p>Mik\u00e4li sinulla on tili ja kirjaudut sivustolle, asetamme v\u00e4liaikaisen ev\u00e4steen, joka p\u00e4\u00e4ttelee tukeeko selaimesi ev\u00e4steit\u00e4 vai ei. T\u00e4m\u00e4 ev\u00e4ste ei sis\u00e4ll\u00e4 henkil\u00f6tietoa ja se poistetaan kun selainikkuna suljetaan.<\/p>\n<!-- \/wp:paragraph -->\n\n<!-- wp:paragraph -->\n<p>Kun kirjaudut sis\u00e4\u00e4n asetamme useita ev\u00e4steit\u00e4, jotka tallentavat kirjautumis- sek\u00e4 n\u00e4ytt\u00f6asetuksesi. Kirjautumisev\u00e4steet poistetaan kahden vuorokauden kuluessa, n\u00e4ytt\u00f6asetuksiin liittyv\u00e4t ev\u00e4steet poistuvat vuoden p\u00e4\u00e4st\u00e4. Mik\u00e4li valitset \u201cMuista minut\u201d kirjautumisen yhteydess\u00e4, kirjautumistietojasi s\u00e4ilytet\u00e4\u00e4n kahden viikon ajan. Mik\u00e4li kirjaudut ulos, kirjautumiseen liittyv\u00e4t ev\u00e4steet poistetaan samassa yhteydess\u00e4.<\/p>\n<!-- \/wp:paragraph -->\n\n<!-- wp:paragraph -->\n<p>Mik\u00e4li julkaiset artikkelin tai muokkaat olemassa olevaa tallennamme selaimeen ev\u00e4steen, joka sis\u00e4lt\u00e4\u00e4 muokattavan artikkelin ID:n. Ev\u00e4ste vanhenee yhdess\u00e4 vuorokaudessa.<\/p>\n<!-- \/wp:paragraph -->\n\n<!-- wp:heading {\"level\":3} -->\n<h3>Muilta sivustoilta upotettu sis\u00e4lt\u00f6<\/h3>\n<!-- \/wp:heading -->\n\n<!-- wp:paragraph -->\n<p>T\u00e4m\u00e4n sivuston artikkelit voivat sis\u00e4lt\u00e4\u00e4 upotettua sis\u00e4lt\u00f6\u00e4 (esimerkiksi videoita, kuvia, artikkeleita jne.). Toisilta sivustoilta tuodun upotetun sis\u00e4ll\u00f6n avaaminen on verrattavissa siihen, ett\u00e4 vierailija itse k\u00e4visi kolmannen osapuolen sivustolla.<\/p>\n<!-- \/wp:paragraph -->\n\n<!-- wp:paragraph -->\n<p>N\u00e4m\u00e4 sivustot voivat ker\u00e4t\u00e4 tietoa sinusta, k\u00e4ytt\u00e4\u00e4 ev\u00e4steit\u00e4, upottaa kolmannen osapuolen seurantaev\u00e4steit\u00e4 ja monitoroida vuorovaikutustasi upotetun sis\u00e4ll\u00f6n kanssa, mukaan lukien vuorovaikutuksen seuranta jos ja kun olet kirjautunut k\u00e4ytt\u00e4j\u00e4n\u00e4 sivustolle.<\/p>\n<!-- \/wp:paragraph -->\n\n<!-- wp:heading {\"level\":3} -->\n<h3>Analytiikka<\/h3>\n<!-- \/wp:heading -->\n\n<!-- wp:heading -->\n<h2>Kenelle jaamme tietosi<\/h2>\n<!-- \/wp:heading -->\n\n<!-- wp:heading -->\n<h2>Kuinka kauan s\u00e4ilyt\u00e4mme tietoa<\/h2>\n<!-- \/wp:heading -->\n\n<!-- wp:paragraph -->\n<p>Mik\u00e4li j\u00e4t\u00e4t kommentin, kommenttia ja sen metatietoa s\u00e4ilytet\u00e4\u00e4n toistaiseksi. T\u00e4m\u00e4 tehd\u00e4\u00e4n siksi, ett\u00e4 voimme tunnistaa ja hyv\u00e4ksy\u00e4 seuraavat kommentit automaattisesti sen sijaan, ett\u00e4 s\u00e4ilytt\u00e4isimme ne moderointijonossa.<\/p>\n<!-- \/wp:paragraph -->\n\n<!-- wp:paragraph -->\n<p>Tallennamme rekister\u00f6ityneiden k\u00e4ytt\u00e4jien (jos sellaisia on) k\u00e4ytt\u00e4j\u00e4profiilien tiedot. Kaikilla k\u00e4ytt\u00e4jill\u00e4 on mahdollisuus n\u00e4hd\u00e4, muokata ja poistaa omia henkil\u00f6tietojaan milloin vain. Ainoastaan k\u00e4ytt\u00e4j\u00e4nime\u00e4 ei voi muuttaa. Verkkosivuston yll\u00e4pit\u00e4j\u00e4t voivat n\u00e4hd\u00e4 ja muokata k\u00e4ytt\u00e4j\u00e4profiilien tietoja.<\/p>\n<!-- \/wp:paragraph -->\n\n<!-- wp:heading -->\n<h2>Mit\u00e4 oikeuksia sinulla on omaan tietoosi<\/h2>\n<!-- \/wp:heading -->\n\n<!-- wp:paragraph -->\n<p>Mik\u00e4li sinulla on k\u00e4ytt\u00e4j\u00e4tili t\u00e4lle sivustolle tai olet j\u00e4tt\u00e4nyt kommentteja, voit pyyt\u00e4\u00e4 koostetiedostoa omista henkil\u00f6tiedoistasi, sis\u00e4lt\u00e4en kaiken henkil\u00f6tiedon, jonka olet meille antanut. Voit my\u00f6s pyyt\u00e4\u00e4 henkil\u00f6tietojesi poistoa. Oikeus omien tietojen poistoon ei koske sellaista henkil\u00f6tietoa, joka meid\u00e4n on s\u00e4ilytett\u00e4v\u00e4 yll\u00e4pidollisista, juridisista tai tietoturvaan liittyvist\u00e4 syist\u00e4.<\/p>\n<!-- \/wp:paragraph -->\n\n<!-- wp:heading -->\n<h2>Minne l\u00e4het\u00e4mme tietosi<\/h2>\n<!-- \/wp:heading -->\n\n<!-- wp:paragraph -->\n<p>Vierailijoiden kommentteja saatetaan tarkistaa automatisoidun roskapostiestopalvelun kautta.<\/p>\n<!-- \/wp:paragraph -->\n\n<!-- wp:heading -->\n<h2>Omat yhteystietosi<\/h2>\n<!-- \/wp:heading -->\n\n<!-- wp:heading -->\n<h2>Lis\u00e4tiedot<\/h2>\n<!-- \/wp:heading -->\n\n<!-- wp:heading {\"level\":3} -->\n<h3>Kuinka suojelemme henkil\u00f6tietojasi<\/h3>\n<!-- \/wp:heading -->\n\n<!-- wp:heading {\"level\":3} -->\n<h3>Miten toimimme tietomurron tapahtuessa<\/h3>\n<!-- \/wp:heading -->\n\n<!-- wp:heading {\"level\":3} -->\n<h3>Kolmannet osapuolet, joilta saamme henkil\u00f6tietoa<\/h3>\n<!-- \/wp:heading -->\n\n<!-- wp:heading {\"level\":3} -->\n<h3>Henkil\u00f6tietoon liittyv\u00e4 automaattinen p\u00e4\u00e4t\u00f6ksenteko ja profilointi<\/h3>\n<!-- \/wp:heading -->\n\n<!-- wp:heading {\"level\":3} -->\n<h3>Toimialaan liittyv\u00e4 lains\u00e4\u00e4d\u00e4nt\u00f6<\/h3>\n<!-- \/wp:heading -->","_et_gb_content_width":"1080","footnotes":"","_links_to":"","_links_to_target":""},"class_list":["post-3","page","type-page","status-publish","hentry"],"acf":[],"yoast_head":"<!-- This site is optimized with the Yoast SEO plugin v27.5 - https:\/\/yoast.com\/product\/yoast-seo-wordpress\/ -->\n<title>Tietosuojaseloste - Salkolahti Lomam\u00f6kit<\/title>\n<meta name=\"robots\" content=\"index, follow, max-snippet:-1, max-image-preview:large, max-video-preview:-1\" \/>\n<link rel=\"canonical\" href=\"https:\/\/salkolahti.com\/en\/tietosuojaseloste\/\" \/>\n<meta property=\"og:locale\" content=\"en_US\" \/>\n<meta property=\"og:type\" content=\"article\" \/>\n<meta property=\"og:title\" content=\"Tietosuojaseloste - Salkolahti Lomam\u00f6kit\" \/>\n<meta property=\"og:description\" content=\"Keit\u00e4 olemme Rekisterinpit\u00e4j\u00e4Salkolahden lomam\u00f6kit \/ Eija ja Mikko SalkolahtiY-tunnus 1772973-8Koiviston Anttila 71 35420 Talviainen Mit\u00e4 henkil\u00f6tietoa ker\u00e4\u00e4mme ja miksi Ker\u00e4\u00e4mme tietoja ensisijaisesti suoraan palvelujemme k\u00e4ytt\u00e4j\u00e4lt\u00e4 www-sivujen lomakkeilla l\u00e4hetetyist\u00e4 viesteist\u00e4 ja henkil\u00f6kohtaisen asioinnin yhteydess\u00e4 (s\u00e4hk\u00f6posti- ja puhelinkeskustelut sek\u00e4 toimistolla asiointi). Ker\u00e4tt\u00e4vi\u00e4 tietoja ovat tilaajan nimi- ja osoitetiedot, s\u00e4hk\u00f6postiosoite, puhelinnumero ja verkkoyhteyden IP-osoite sek\u00e4 matkustajien nimet, syntym\u00e4ajat, [&hellip;]\" \/>\n<meta property=\"og:url\" content=\"https:\/\/salkolahti.com\/en\/tietosuojaseloste\/\" \/>\n<meta property=\"og:site_name\" content=\"Salkolahti Lomam\u00f6kit\" \/>\n<meta property=\"article:modified_time\" content=\"2020-05-07T10:17:38+00:00\" \/>\n<meta name=\"twitter:card\" content=\"summary_large_image\" \/>\n<meta name=\"twitter:label1\" content=\"Est. reading time\" \/>\n\t<meta name=\"twitter:data1\" content=\"5 minutes\" \/>\n<script type=\"application\/ld+json\" class=\"yoast-schema-graph\">{\"@context\":\"https:\\\/\\\/schema.org\",\"@graph\":[{\"@type\":\"WebPage\",\"@id\":\"https:\\\/\\\/salkolahti.com\\\/tietosuojaseloste\\\/\",\"url\":\"https:\\\/\\\/salkolahti.com\\\/tietosuojaseloste\\\/\",\"name\":\"Tietosuojaseloste - Salkolahti Lomam\u00f6kit\",\"isPartOf\":{\"@id\":\"https:\\\/\\\/salkolahti.com\\\/#website\"},\"datePublished\":\"2020-03-15T11:42:28+00:00\",\"dateModified\":\"2020-05-07T10:17:38+00:00\",\"breadcrumb\":{\"@id\":\"https:\\\/\\\/salkolahti.com\\\/tietosuojaseloste\\\/#breadcrumb\"},\"inLanguage\":\"en-US\",\"potentialAction\":[{\"@type\":\"ReadAction\",\"target\":[\"https:\\\/\\\/salkolahti.com\\\/tietosuojaseloste\\\/\"]}]},{\"@type\":\"BreadcrumbList\",\"@id\":\"https:\\\/\\\/salkolahti.com\\\/tietosuojaseloste\\\/#breadcrumb\",\"itemListElement\":[{\"@type\":\"ListItem\",\"position\":1,\"name\":\"Home\",\"item\":\"https:\\\/\\\/salkolahti.com\\\/\"},{\"@type\":\"ListItem\",\"position\":2,\"name\":\"Tietosuojaseloste\"}]},{\"@type\":\"WebSite\",\"@id\":\"https:\\\/\\\/salkolahti.com\\\/#website\",\"url\":\"https:\\\/\\\/salkolahti.com\\\/\",\"name\":\"Salkolahti Lomam\u00f6kit\",\"description\":\"M\u00f6kit ja Huvilat sinun tarpeisiin\",\"publisher\":{\"@id\":\"https:\\\/\\\/salkolahti.com\\\/#organization\"},\"potentialAction\":[{\"@type\":\"SearchAction\",\"target\":{\"@type\":\"EntryPoint\",\"urlTemplate\":\"https:\\\/\\\/salkolahti.com\\\/?s={search_term_string}\"},\"query-input\":{\"@type\":\"PropertyValueSpecification\",\"valueRequired\":true,\"valueName\":\"search_term_string\"}}],\"inLanguage\":\"en-US\"},{\"@type\":\"Organization\",\"@id\":\"https:\\\/\\\/salkolahti.com\\\/#organization\",\"name\":\"Salkolahti lomam\u00f6kit\",\"url\":\"https:\\\/\\\/salkolahti.com\\\/\",\"logo\":{\"@type\":\"ImageObject\",\"inLanguage\":\"en-US\",\"@id\":\"https:\\\/\\\/salkolahti.com\\\/#\\\/schema\\\/logo\\\/image\\\/\",\"url\":\"https:\\\/\\\/salkolahti.com\\\/wp-content\\\/uploads\\\/2020\\\/05\\\/favicon.ico\",\"contentUrl\":\"https:\\\/\\\/salkolahti.com\\\/wp-content\\\/uploads\\\/2020\\\/05\\\/favicon.ico\",\"width\":32,\"height\":32,\"caption\":\"Salkolahti lomam\u00f6kit\"},\"image\":{\"@id\":\"https:\\\/\\\/salkolahti.com\\\/#\\\/schema\\\/logo\\\/image\\\/\"}}]}<\/script>\n<!-- \/ Yoast SEO plugin. -->","yoast_head_json":{"title":"Tietosuojaseloste - Salkolahti Lomam\u00f6kit","robots":{"index":"index","follow":"follow","max-snippet":"max-snippet:-1","max-image-preview":"max-image-preview:large","max-video-preview":"max-video-preview:-1"},"canonical":"https:\/\/salkolahti.com\/en\/tietosuojaseloste\/","og_locale":"en_US","og_type":"article","og_title":"Tietosuojaseloste - Salkolahti Lomam\u00f6kit","og_description":"Keit\u00e4 olemme Rekisterinpit\u00e4j\u00e4Salkolahden lomam\u00f6kit \/ Eija ja Mikko SalkolahtiY-tunnus 1772973-8Koiviston Anttila 71 35420 Talviainen Mit\u00e4 henkil\u00f6tietoa ker\u00e4\u00e4mme ja miksi Ker\u00e4\u00e4mme tietoja ensisijaisesti suoraan palvelujemme k\u00e4ytt\u00e4j\u00e4lt\u00e4 www-sivujen lomakkeilla l\u00e4hetetyist\u00e4 viesteist\u00e4 ja henkil\u00f6kohtaisen asioinnin yhteydess\u00e4 (s\u00e4hk\u00f6posti- ja puhelinkeskustelut sek\u00e4 toimistolla asiointi). Ker\u00e4tt\u00e4vi\u00e4 tietoja ovat tilaajan nimi- ja osoitetiedot, s\u00e4hk\u00f6postiosoite, puhelinnumero ja verkkoyhteyden IP-osoite sek\u00e4 matkustajien nimet, syntym\u00e4ajat, [&hellip;]","og_url":"https:\/\/salkolahti.com\/en\/tietosuojaseloste\/","og_site_name":"Salkolahti Lomam\u00f6kit","article_modified_time":"2020-05-07T10:17:38+00:00","twitter_card":"summary_large_image","twitter_misc":{"Est. reading time":"5 minutes"},"schema":{"@context":"https:\/\/schema.org","@graph":[{"@type":"WebPage","@id":"https:\/\/salkolahti.com\/tietosuojaseloste\/","url":"https:\/\/salkolahti.com\/tietosuojaseloste\/","name":"Tietosuojaseloste - Salkolahti Lomam\u00f6kit","isPartOf":{"@id":"https:\/\/salkolahti.com\/#website"},"datePublished":"2020-03-15T11:42:28+00:00","dateModified":"2020-05-07T10:17:38+00:00","breadcrumb":{"@id":"https:\/\/salkolahti.com\/tietosuojaseloste\/#breadcrumb"},"inLanguage":"en-US","potentialAction":[{"@type":"ReadAction","target":["https:\/\/salkolahti.com\/tietosuojaseloste\/"]}]},{"@type":"BreadcrumbList","@id":"https:\/\/salkolahti.com\/tietosuojaseloste\/#breadcrumb","itemListElement":[{"@type":"ListItem","position":1,"name":"Home","item":"https:\/\/salkolahti.com\/"},{"@type":"ListItem","position":2,"name":"Tietosuojaseloste"}]},{"@type":"WebSite","@id":"https:\/\/salkolahti.com\/#website","url":"https:\/\/salkolahti.com\/","name":"Salkolahti Lomam\u00f6kit","description":"M\u00f6kit ja Huvilat sinun tarpeisiin","publisher":{"@id":"https:\/\/salkolahti.com\/#organization"},"potentialAction":[{"@type":"SearchAction","target":{"@type":"EntryPoint","urlTemplate":"https:\/\/salkolahti.com\/?s={search_term_string}"},"query-input":{"@type":"PropertyValueSpecification","valueRequired":true,"valueName":"search_term_string"}}],"inLanguage":"en-US"},{"@type":"Organization","@id":"https:\/\/salkolahti.com\/#organization","name":"Salkolahti lomam\u00f6kit","url":"https:\/\/salkolahti.com\/","logo":{"@type":"ImageObject","inLanguage":"en-US","@id":"https:\/\/salkolahti.com\/#\/schema\/logo\/image\/","url":"https:\/\/salkolahti.com\/wp-content\/uploads\/2020\/05\/favicon.ico","contentUrl":"https:\/\/salkolahti.com\/wp-content\/uploads\/2020\/05\/favicon.ico","width":32,"height":32,"caption":"Salkolahti lomam\u00f6kit"},"image":{"@id":"https:\/\/salkolahti.com\/#\/schema\/logo\/image\/"}}]}},"_links":{"self":[{"href":"https:\/\/salkolahti.com\/en\/wp-json\/wp\/v2\/pages\/3","targetHints":{"allow":["GET"]}}],"collection":[{"href":"https:\/\/salkolahti.com\/en\/wp-json\/wp\/v2\/pages"}],"about":[{"href":"https:\/\/salkolahti.com\/en\/wp-json\/wp\/v2\/types\/page"}],"author":[{"embeddable":true,"href":"https:\/\/salkolahti.com\/en\/wp-json\/wp\/v2\/users\/1"}],"replies":[{"embeddable":true,"href":"https:\/\/salkolahti.com\/en\/wp-json\/wp\/v2\/comments?post=3"}],"version-history":[{"count":4,"href":"https:\/\/salkolahti.com\/en\/wp-json\/wp\/v2\/pages\/3\/revisions"}],"predecessor-version":[{"id":1196,"href":"https:\/\/salkolahti.com\/en\/wp-json\/wp\/v2\/pages\/3\/revisions\/1196"}],"wp:attachment":[{"href":"https:\/\/salkolahti.com\/en\/wp-json\/wp\/v2\/media?parent=3"}],"curies":[{"name":"wp","href":"https:\/\/api.w.org\/{rel}","templated":true}]}}