{"id":3334,"date":"2024-04-28T07:54:42","date_gmt":"2024-04-28T04:54:42","guid":{"rendered":"https:\/\/salkolahti.com\/?page_id=3334"},"modified":"2024-04-28T09:16:57","modified_gmt":"2024-04-28T06:16:57","slug":"palaute-kiiltavainen","status":"publish","type":"page","link":"https:\/\/salkolahti.com\/en\/palaute-kiiltavainen\/","title":{"rendered":"Palaute &#8211; Kiilt\u00e4v\u00e4inen"},"content":{"rendered":"<p>[et_pb_section fb_built=&#8221;1&#8243; _builder_version=&#8221;4.16&#8243; global_colors_info=&#8221;{}&#8221;][et_pb_row _builder_version=&#8221;4.16&#8243; global_colors_info=&#8221;{}&#8221;][et_pb_column type=&#8221;4_4&#8243; _builder_version=&#8221;4.16&#8243; global_colors_info=&#8221;{}&#8221;][et_pb_text _builder_version=&#8221;4.16&#8243; text_font=&#8221;Raleway|500|on||||||&#8221; text_font_size=&#8221;22px&#8221; text_line_height=&#8221;1.5em&#8221; custom_padding=&#8221;||0px|||&#8221; text_font_size_tablet=&#8221;&#8221; text_font_size_phone=&#8221;21px&#8221; text_font_size_last_edited=&#8221;on|phone&#8221; global_colors_info=&#8221;{}&#8221;]<\/p>\n<h1 style=\"text-align: center;\"><strong>Kiitos vierailustanne, mukavaa ett\u00e4 k\u00e4vitte. Olisimme iloisia jos antaisitte meille palautetta siit\u00e4 kuinka onnistuimme t\u00e4ll\u00e4 kertaa<\/strong><\/h1>\n<p>&nbsp;<\/p>\n<p><b>Google<\/b><\/p>\n<p>Kirjoita palautteesi Google Travel sivustolle, sinun tulee olla kirjautunut Google -palveluun.<\/p>\n<p><a href=\"https:\/\/www.google.com\/travel\/hotels\/entity\/CgsIqeb2_r6616y8ARAB\/reviews\"><strong>Kirjoita palaute<\/strong><\/a><\/p>\n<p><b><\/b><\/p>\n<p><b>Tripadvisor<\/b><\/p>\n<p>Kirjoita palautteesi Tripadvisor sivustolle, sinun tulee olla kirjautunut palveluun.<\/p>\n<p><a href=\"https:\/\/www.tripadvisor.com\/UserReviewEdit-g15581211-d15562472-Salkolahti_Lomamokit-Talviainen_Pirkanmaa.html\"><strong>Kirjoita palaute<\/strong>\u00a0<\/a><\/p>\n<p><b><\/b><\/p>\n<p><b>Facebook<\/b><\/p>\n<p>Kirjoita palautteesi ja j\u00e4t\u00e4 tykk\u00e4yksesi Facebook sivustolle<\/p>\n<p><a href=\"https:\/\/www.facebook.com\/salkolahtilomamokit\/\"><strong>Kirjoita palaute<\/strong><\/a><\/p>\n<p><strong><\/strong><\/p>\n<p><b>Instagram<\/b><\/p>\n<p>Jaa mukavat lomahetkesi Instagramissa hashtagilla #salkolahtilomamokit<\/p>\n<p><a href=\"https:\/\/www.instagram.com\/explore\/locations\/551107629\/\"><strong>T\u00e4g\u00e4\u00e4 kuvasi<\/strong><\/a><\/p>\n<p><b>Nettim\u00f6kki<\/b><\/p>\n<p>Kirjoita palautteesi ja j\u00e4t\u00e4 tykk\u00e4yksesi Nettim\u00f6kki sivustolle<\/p>\n<p><a href=\"https:\/\/www.nettimokki.com\/talviainen\/kiiltavainen\/51628\/\"><strong>Kirjoita palaute<\/strong><\/a><\/p>\n<p>&nbsp;<\/p>\n<p>[\/et_pb_text][\/et_pb_column][\/et_pb_row][\/et_pb_section][et_pb_section fb_built=&#8221;1&#8243; admin_label=&#8221;Contact&#8221; _builder_version=&#8221;4.16&#8243; background_color=&#8221;#b2b9c4&#8243; use_background_color_gradient=&#8221;on&#8221; background_color_gradient_type=&#8221;circular&#8221; background_color_gradient_direction_radial=&#8221;top right&#8221; background_color_gradient_stops=&#8221;rgba(255,255,255,0.56) 0%|rgba(178,185,196,0.98) 77%&#8221; background_color_gradient_overlays_image=&#8221;on&#8221; background_color_gradient_start=&#8221;rgba(255,255,255,0.56)&#8221; background_color_gradient_end=&#8221;rgba(178,185,196,0.98)&#8221; background_color_gradient_end_position=&#8221;77%&#8221; background_image=&#8221;https:\/\/salkolahti.com\/wp-content\/uploads\/2020\/04\/8.-luonto4-1.jpg&#8221; custom_padding=&#8221;8vw|0px|8vw|0px|true|false&#8221; locked=&#8221;off&#8221; global_colors_info=&#8221;{}&#8221;][et_pb_row _builder_version=&#8221;4.16&#8243; custom_margin=&#8221;|||&#8221; global_colors_info=&#8221;{}&#8221;][et_pb_column type=&#8221;4_4&#8243; _builder_version=&#8221;4.16&#8243; custom_padding=&#8221;|||&#8221; global_colors_info=&#8221;{}&#8221; custom_padding__hover=&#8221;|||&#8221;][et_pb_text _builder_version=&#8221;4.16&#8243; text_font=&#8221;||||||||&#8221; text_font_size=&#8221;16px&#8221; text_line_height=&#8221;2em&#8221; header_font=&#8221;||||||||&#8221; header_2_font=&#8221;Raleway|700|||||||&#8221; header_2_font_size=&#8221;50px&#8221; header_2_line_height=&#8221;1.2em&#8221; header_6_font=&#8221;Raleway|700||on|||||&#8221; header_6_font_size=&#8221;16px&#8221; header_6_letter_spacing=&#8221;5px&#8221; header_6_line_height=&#8221;1.8em&#8221; background_layout=&#8221;dark&#8221; max_width_tablet=&#8221;&#8221; max_width_phone=&#8221;&#8221; max_width_last_edited=&#8221;on|desktop&#8221; header_2_font_size_tablet=&#8221;35px&#8221; header_2_font_size_phone=&#8221;25px&#8221; header_2_font_size_last_edited=&#8221;on|phone&#8221; global_colors_info=&#8221;{}&#8221;]<\/p>\n<h6 style=\"text-align: center;\">DO YOU HAVE ANY QUESTIONS?<\/h6>\n<h2 style=\"text-align: center;\">Contact us now<\/h2>\n<p>[\/et_pb_text][et_pb_button button_url=&#8221;\/#yhteystiedot&#8221; button_text=&#8221;Ota yhteytt\u00e4&#8221; button_alignment=&#8221;center&#8221; _builder_version=&#8221;4.16&#8243; custom_button=&#8221;on&#8221; button_text_color=&#8221;#828c91&#8243; button_bg_color=&#8221;#ffffff&#8221; button_border_width=&#8221;10px&#8221; button_border_color=&#8221;rgba(0,0,0,0)&#8221; button_border_radius=&#8221;0px&#8221; button_font=&#8221;Raleway|700|||||||&#8221; button_border_radius_hover=&#8221;0px&#8221; locked=&#8221;off&#8221; global_colors_info=&#8221;{}&#8221; button_text_size__hover_enabled=&#8221;off&#8221; button_one_text_size__hover_enabled=&#8221;off&#8221; button_two_text_size__hover_enabled=&#8221;off&#8221; button_text_color__hover_enabled=&#8221;off&#8221; button_one_text_color__hover_enabled=&#8221;off&#8221; button_two_text_color__hover_enabled=&#8221;off&#8221; button_border_width__hover_enabled=&#8221;off&#8221; button_one_border_width__hover_enabled=&#8221;off&#8221; button_two_border_width__hover_enabled=&#8221;off&#8221; button_border_color__hover_enabled=&#8221;off&#8221; button_one_border_color__hover_enabled=&#8221;off&#8221; button_two_border_color__hover_enabled=&#8221;off&#8221; button_border_radius__hover_enabled=&#8221;on&#8221; button_border_radius__hover=&#8221;0px&#8221; button_one_border_radius__hover_enabled=&#8221;off&#8221; button_two_border_radius__hover_enabled=&#8221;off&#8221; button_letter_spacing__hover_enabled=&#8221;off&#8221; button_one_letter_spacing__hover_enabled=&#8221;off&#8221; button_two_letter_spacing__hover_enabled=&#8221;off&#8221; button_bg_color__hover_enabled=&#8221;off&#8221; button_one_bg_color__hover_enabled=&#8221;off&#8221; button_two_bg_color__hover_enabled=&#8221;off&#8221;][\/et_pb_button][\/et_pb_column][\/et_pb_row][\/et_pb_section]<\/p>","protected":false},"excerpt":{"rendered":"<p>Kiitos vierailustanne, mukavaa ett\u00e4 k\u00e4vitte. Olisimme iloisia jos antaisitte meille palautetta siit\u00e4 kuinka onnistuimme t\u00e4ll\u00e4 kertaa &nbsp; Google Kirjoita palautteesi Google Travel sivustolle, sinun tulee olla kirjautunut Google -palveluun. Kirjoita palaute Tripadvisor Kirjoita palautteesi Tripadvisor sivustolle, sinun tulee olla kirjautunut palveluun. Kirjoita palaute\u00a0 Facebook Kirjoita palautteesi ja j\u00e4t\u00e4 tykk\u00e4yksesi Facebook sivustolle Kirjoita palaute Instagram Jaa [&hellip;]<\/p>","protected":false},"author":2,"featured_media":0,"parent":0,"menu_order":0,"comment_status":"closed","ping_status":"closed","template":"","meta":{"_acf_changed":false,"_et_pb_use_builder":"on","_et_pb_old_content":"","_et_gb_content_width":"","footnotes":"","_links_to":"","_links_to_target":""},"class_list":["post-3334","page","type-page","status-publish","hentry"],"acf":[],"yoast_head":"<!-- This site is optimized with the Yoast SEO plugin v27.4 - https:\/\/yoast.com\/product\/yoast-seo-wordpress\/ -->\n<title>Palaute - Kiilt\u00e4v\u00e4inen - Salkolahti Lomam\u00f6kit<\/title>\n<meta name=\"robots\" content=\"index, follow, max-snippet:-1, max-image-preview:large, max-video-preview:-1\" \/>\n<link rel=\"canonical\" href=\"https:\/\/salkolahti.com\/en\/palaute-kiiltavainen\/\" \/>\n<meta property=\"og:locale\" content=\"en_US\" \/>\n<meta property=\"og:type\" content=\"article\" \/>\n<meta property=\"og:title\" content=\"Palaute - Kiilt\u00e4v\u00e4inen - Salkolahti Lomam\u00f6kit\" \/>\n<meta property=\"og:description\" content=\"Kiitos vierailustanne, mukavaa ett\u00e4 k\u00e4vitte. Olisimme iloisia jos antaisitte meille palautetta siit\u00e4 kuinka onnistuimme t\u00e4ll\u00e4 kertaa &nbsp; Google Kirjoita palautteesi Google Travel sivustolle, sinun tulee olla kirjautunut Google -palveluun. Kirjoita palaute Tripadvisor Kirjoita palautteesi Tripadvisor sivustolle, sinun tulee olla kirjautunut palveluun. Kirjoita palaute\u00a0 Facebook Kirjoita palautteesi ja j\u00e4t\u00e4 tykk\u00e4yksesi Facebook sivustolle Kirjoita palaute Instagram Jaa [&hellip;]\" \/>\n<meta property=\"og:url\" content=\"https:\/\/salkolahti.com\/en\/palaute-kiiltavainen\/\" \/>\n<meta property=\"og:site_name\" content=\"Salkolahti Lomam\u00f6kit\" \/>\n<meta property=\"article:modified_time\" content=\"2024-04-28T06:16:57+00:00\" \/>\n<meta name=\"twitter:card\" content=\"summary_large_image\" \/>\n<script type=\"application\/ld+json\" class=\"yoast-schema-graph\">{\"@context\":\"https:\\\/\\\/schema.org\",\"@graph\":[{\"@type\":\"WebPage\",\"@id\":\"https:\\\/\\\/salkolahti.com\\\/palaute-kiiltavainen\\\/\",\"url\":\"https:\\\/\\\/salkolahti.com\\\/palaute-kiiltavainen\\\/\",\"name\":\"Palaute - Kiilt\u00e4v\u00e4inen - Salkolahti Lomam\u00f6kit\",\"isPartOf\":{\"@id\":\"https:\\\/\\\/salkolahti.com\\\/#website\"},\"datePublished\":\"2024-04-28T04:54:42+00:00\",\"dateModified\":\"2024-04-28T06:16:57+00:00\",\"breadcrumb\":{\"@id\":\"https:\\\/\\\/salkolahti.com\\\/palaute-kiiltavainen\\\/#breadcrumb\"},\"inLanguage\":\"en-US\",\"potentialAction\":[{\"@type\":\"ReadAction\",\"target\":[\"https:\\\/\\\/salkolahti.com\\\/palaute-kiiltavainen\\\/\"]}]},{\"@type\":\"BreadcrumbList\",\"@id\":\"https:\\\/\\\/salkolahti.com\\\/palaute-kiiltavainen\\\/#breadcrumb\",\"itemListElement\":[{\"@type\":\"ListItem\",\"position\":1,\"name\":\"Home\",\"item\":\"https:\\\/\\\/salkolahti.com\\\/\"},{\"@type\":\"ListItem\",\"position\":2,\"name\":\"Palaute &#8211; Kiilt\u00e4v\u00e4inen\"}]},{\"@type\":\"WebSite\",\"@id\":\"https:\\\/\\\/salkolahti.com\\\/#website\",\"url\":\"https:\\\/\\\/salkolahti.com\\\/\",\"name\":\"Salkolahti Lomam\u00f6kit\",\"description\":\"M\u00f6kit ja Huvilat sinun tarpeisiin\",\"publisher\":{\"@id\":\"https:\\\/\\\/salkolahti.com\\\/#organization\"},\"potentialAction\":[{\"@type\":\"SearchAction\",\"target\":{\"@type\":\"EntryPoint\",\"urlTemplate\":\"https:\\\/\\\/salkolahti.com\\\/?s={search_term_string}\"},\"query-input\":{\"@type\":\"PropertyValueSpecification\",\"valueRequired\":true,\"valueName\":\"search_term_string\"}}],\"inLanguage\":\"en-US\"},{\"@type\":\"Organization\",\"@id\":\"https:\\\/\\\/salkolahti.com\\\/#organization\",\"name\":\"Salkolahti lomam\u00f6kit\",\"url\":\"https:\\\/\\\/salkolahti.com\\\/\",\"logo\":{\"@type\":\"ImageObject\",\"inLanguage\":\"en-US\",\"@id\":\"https:\\\/\\\/salkolahti.com\\\/#\\\/schema\\\/logo\\\/image\\\/\",\"url\":\"https:\\\/\\\/salkolahti.com\\\/wp-content\\\/uploads\\\/2020\\\/05\\\/favicon.ico\",\"contentUrl\":\"https:\\\/\\\/salkolahti.com\\\/wp-content\\\/uploads\\\/2020\\\/05\\\/favicon.ico\",\"width\":32,\"height\":32,\"caption\":\"Salkolahti lomam\u00f6kit\"},\"image\":{\"@id\":\"https:\\\/\\\/salkolahti.com\\\/#\\\/schema\\\/logo\\\/image\\\/\"}}]}<\/script>\n<!-- \/ Yoast SEO plugin. -->","yoast_head_json":{"title":"Palaute - Kiilt\u00e4v\u00e4inen - Salkolahti Lomam\u00f6kit","robots":{"index":"index","follow":"follow","max-snippet":"max-snippet:-1","max-image-preview":"max-image-preview:large","max-video-preview":"max-video-preview:-1"},"canonical":"https:\/\/salkolahti.com\/en\/palaute-kiiltavainen\/","og_locale":"en_US","og_type":"article","og_title":"Palaute - Kiilt\u00e4v\u00e4inen - Salkolahti Lomam\u00f6kit","og_description":"Kiitos vierailustanne, mukavaa ett\u00e4 k\u00e4vitte. Olisimme iloisia jos antaisitte meille palautetta siit\u00e4 kuinka onnistuimme t\u00e4ll\u00e4 kertaa &nbsp; Google Kirjoita palautteesi Google Travel sivustolle, sinun tulee olla kirjautunut Google -palveluun. Kirjoita palaute Tripadvisor Kirjoita palautteesi Tripadvisor sivustolle, sinun tulee olla kirjautunut palveluun. Kirjoita palaute\u00a0 Facebook Kirjoita palautteesi ja j\u00e4t\u00e4 tykk\u00e4yksesi Facebook sivustolle Kirjoita palaute Instagram Jaa [&hellip;]","og_url":"https:\/\/salkolahti.com\/en\/palaute-kiiltavainen\/","og_site_name":"Salkolahti Lomam\u00f6kit","article_modified_time":"2024-04-28T06:16:57+00:00","twitter_card":"summary_large_image","schema":{"@context":"https:\/\/schema.org","@graph":[{"@type":"WebPage","@id":"https:\/\/salkolahti.com\/palaute-kiiltavainen\/","url":"https:\/\/salkolahti.com\/palaute-kiiltavainen\/","name":"Palaute - Kiilt\u00e4v\u00e4inen - Salkolahti Lomam\u00f6kit","isPartOf":{"@id":"https:\/\/salkolahti.com\/#website"},"datePublished":"2024-04-28T04:54:42+00:00","dateModified":"2024-04-28T06:16:57+00:00","breadcrumb":{"@id":"https:\/\/salkolahti.com\/palaute-kiiltavainen\/#breadcrumb"},"inLanguage":"en-US","potentialAction":[{"@type":"ReadAction","target":["https:\/\/salkolahti.com\/palaute-kiiltavainen\/"]}]},{"@type":"BreadcrumbList","@id":"https:\/\/salkolahti.com\/palaute-kiiltavainen\/#breadcrumb","itemListElement":[{"@type":"ListItem","position":1,"name":"Home","item":"https:\/\/salkolahti.com\/"},{"@type":"ListItem","position":2,"name":"Palaute &#8211; Kiilt\u00e4v\u00e4inen"}]},{"@type":"WebSite","@id":"https:\/\/salkolahti.com\/#website","url":"https:\/\/salkolahti.com\/","name":"Salkolahti Lomam\u00f6kit","description":"M\u00f6kit ja Huvilat sinun tarpeisiin","publisher":{"@id":"https:\/\/salkolahti.com\/#organization"},"potentialAction":[{"@type":"SearchAction","target":{"@type":"EntryPoint","urlTemplate":"https:\/\/salkolahti.com\/?s={search_term_string}"},"query-input":{"@type":"PropertyValueSpecification","valueRequired":true,"valueName":"search_term_string"}}],"inLanguage":"en-US"},{"@type":"Organization","@id":"https:\/\/salkolahti.com\/#organization","name":"Salkolahti lomam\u00f6kit","url":"https:\/\/salkolahti.com\/","logo":{"@type":"ImageObject","inLanguage":"en-US","@id":"https:\/\/salkolahti.com\/#\/schema\/logo\/image\/","url":"https:\/\/salkolahti.com\/wp-content\/uploads\/2020\/05\/favicon.ico","contentUrl":"https:\/\/salkolahti.com\/wp-content\/uploads\/2020\/05\/favicon.ico","width":32,"height":32,"caption":"Salkolahti lomam\u00f6kit"},"image":{"@id":"https:\/\/salkolahti.com\/#\/schema\/logo\/image\/"}}]}},"_links":{"self":[{"href":"https:\/\/salkolahti.com\/en\/wp-json\/wp\/v2\/pages\/3334","targetHints":{"allow":["GET"]}}],"collection":[{"href":"https:\/\/salkolahti.com\/en\/wp-json\/wp\/v2\/pages"}],"about":[{"href":"https:\/\/salkolahti.com\/en\/wp-json\/wp\/v2\/types\/page"}],"author":[{"embeddable":true,"href":"https:\/\/salkolahti.com\/en\/wp-json\/wp\/v2\/users\/2"}],"replies":[{"embeddable":true,"href":"https:\/\/salkolahti.com\/en\/wp-json\/wp\/v2\/comments?post=3334"}],"version-history":[{"count":10,"href":"https:\/\/salkolahti.com\/en\/wp-json\/wp\/v2\/pages\/3334\/revisions"}],"predecessor-version":[{"id":3349,"href":"https:\/\/salkolahti.com\/en\/wp-json\/wp\/v2\/pages\/3334\/revisions\/3349"}],"wp:attachment":[{"href":"https:\/\/salkolahti.com\/en\/wp-json\/wp\/v2\/media?parent=3334"}],"curies":[{"name":"wp","href":"https:\/\/api.w.org\/{rel}","templated":true}]}}