{"id":994,"date":"2020-04-29T08:23:24","date_gmt":"2020-04-29T05:23:24","guid":{"rendered":"https:\/\/2020.salkolahti.com\/?page_id=994"},"modified":"2020-07-04T21:35:15","modified_gmt":"2020-07-04T18:35:15","slug":"nahtavyydet-lomamokit","status":"publish","type":"page","link":"https:\/\/salkolahti.com\/en\/nahtavyydet-lomamokit\/","title":{"rendered":"Attractions"},"content":{"rendered":"<p>[et_pb_section fb_built=&#8221;1&#8243; fullwidth=&#8221;on&#8221; _builder_version=&#8221;4.4.3&#8243;][et_pb_fullwidth_header title=&#8221;Lomam\u00f6kit &#038; n\u00e4ht\u00e4vyydet&#8221; text_orientation=&#8221;center&#8221; button_one_url=&#8221;#tutustu-lisaa&#8221; _builder_version=&#8221;4.4.3&#8243; title_font=&#8221;Raleway|700|||||||&#8221; title_font_size=&#8221;40px&#8221; background_enable_color=&#8221;off&#8221; background_image=&#8221;https:\/\/salkolahti.com\/wp-content\/uploads\/2020\/04\/8.-luonto3-2.jpg&#8221; custom_button_one=&#8221;on&#8221; button_one_text_size=&#8221;16px&#8221; button_one_text_color=&#8221;#000000&#8243; button_one_bg_color=&#8221;#ffffff&#8221; button_one_border_width=&#8221;11px&#8221; button_one_border_color=&#8221;#ffffff&#8221; button_one_font=&#8221;Raleway|600||on|||||&#8221; custom_padding=&#8221;148px||148px||true|false&#8221;][\/et_pb_fullwidth_header][\/et_pb_section][et_pb_section fb_built=&#8221;1&#8243; _builder_version=&#8221;4.4.3&#8243; custom_padding=&#8221;||0px|||&#8221;][et_pb_row _builder_version=&#8221;4.4.3&#8243;][et_pb_column type=&#8221;4_4&#8243; _builder_version=&#8221;4.4.3&#8243;][et_pb_text _builder_version=&#8221;4.4.7&#8243; text_font=&#8221;||||||||&#8221; text_font_size=&#8221;16px&#8221; text_line_height=&#8221;2em&#8221; header_font=&#8221;||||||||&#8221; header_2_font=&#8221;Raleway|700|||||||&#8221; header_2_font_size=&#8221;50px&#8221; header_2_line_height=&#8221;1.2em&#8221; header_6_font=&#8221;Raleway|700||on|||||&#8221; header_6_font_size=&#8221;16px&#8221; header_6_letter_spacing=&#8221;5px&#8221; header_6_line_height=&#8221;1.8em&#8221; text_orientation=&#8221;center&#8221; max_width=&#8221;700px&#8221; max_width_last_edited=&#8221;off|desktop&#8221; module_alignment=&#8221;center&#8221; custom_margin=&#8221;||-12px|||&#8221; header_2_font_size_tablet=&#8221;35px&#8221; header_2_font_size_phone=&#8221;25px&#8221; header_2_font_size_last_edited=&#8221;on|phone&#8221;]<\/p>\n<h2>Lomam\u00f6kit, tapahtumat &amp; n\u00e4ht\u00e4vyydet<\/h2>\n<h1><\/h1>\n<p><span style=\"font-size: medium; font-family: inherit;\">Salkolahden Lomam\u00f6kit ovat l\u00e4hell\u00e4 monia hienoja k\u00e4yntikohteita ja mukavia tapahtumia l\u00e4hiymp\u00e4rist\u00f6ss\u00e4. Yhdist\u00e4 loma ja nostalgiset lavatanssit, taiden\u00e4yttelyvierailu tai menev\u00e4t festivaalit!\u00a0<\/span><\/p>\n<p><span style=\"font-size: medium; font-family: inherit;\">Jos haluat, ett\u00e4 m\u00f6kkiloma on sinulle tukikohta vierailuun Himoksella, Tampereella, Isoj\u00e4rven kansallispuistossa tai M\u00e4ntt\u00e4-Vilppulan taidekaupungissa Serlachius-museoineen, sekin onnistuu \u2013 kaikki n\u00e4m\u00e4 kohteet ovat vain puolen tunnin\u2013tunnin p\u00e4\u00e4ss\u00e4 Salkolahden Lomam\u00f6keilt\u00e4.<span style=\"color: #333333;\">\u00a0<\/span><\/span><\/p>\n<p><span style=\"font-family: inherit; font-size: medium;\">Tarkistathan aukioloajat kohteiden ja tapahtumien omilta verkkosivuilta ennen vierailua.<\/span><\/p>\n<p><span style=\"font-size: 16px;\"><\/span><\/p>\n<p>.<\/p>\n<p>[\/et_pb_text][et_pb_divider color=&#8221;#e0e0e0&#8243; _builder_version=&#8221;4.4.3&#8243;][\/et_pb_divider][\/et_pb_column][\/et_pb_row][et_pb_row _builder_version=&#8221;4.4.3&#8243;][et_pb_column type=&#8221;4_4&#8243; _builder_version=&#8221;4.4.3&#8243;][et_pb_text _builder_version=&#8221;4.4.7&#8243; text_font=&#8221;Raleway||||||||&#8221; text_font_size=&#8221;18px&#8221; text_line_height=&#8221;2em&#8221; header_font=&#8221;||||||||&#8221; header_2_font=&#8221;Raleway|700|||||||&#8221; header_2_font_size=&#8221;50px&#8221; header_2_line_height=&#8221;1.2em&#8221; header_6_font=&#8221;Raleway|700||on|||||&#8221; header_6_font_size=&#8221;16px&#8221; header_6_letter_spacing=&#8221;5px&#8221; header_6_line_height=&#8221;1.8em&#8221; text_orientation=&#8221;center&#8221; max_width=&#8221;700px&#8221; max_width_last_edited=&#8221;off|desktop&#8221; module_alignment=&#8221;center&#8221; custom_margin=&#8221;||42px|||&#8221; header_2_font_size_tablet=&#8221;35px&#8221; header_2_font_size_phone=&#8221;25px&#8221; header_2_font_size_last_edited=&#8221;on|phone&#8221;]<\/p>\n<h2><\/h2>\n<h2>Viihdett\u00e4 kes\u00e4iltaan<\/h2>\n<p><a href=\"http:\/\/www.talviaistenvpk.com\/\" target=\"_blank\" data-saferedirecturl=\"https:\/\/www.google.com\/url?q=http:\/\/www.talviaistenvpk.com\/&amp;source=gmail&amp;ust=1588065544930000&amp;usg=AFQjCNEbF2B66tJ-kD-mpyR4RZXudj9p-A\" rel=\"noopener noreferrer\">Winter dance floor<\/a>\u00a0\u2013\u00a0<span>Kes\u00e4perjantaisin tanssijalka alkaa aina vipattaa Talviaisten lavan suuntaan! Esiintyj\u00e4t ja tarkemmat tiedot l\u00f6ytyv\u00e4t tanssilavan omilta verkkosivuilta otsikon linkin takaa.<\/span><\/p>\n<p><a href=\"http:\/\/www.ronninlava.com\/\" target=\"_blank\" data-saferedirecturl=\"https:\/\/www.google.com\/url?q=http:\/\/www.ronninlava.com\/&amp;source=gmail&amp;ust=1588065544930000&amp;usg=AFQjCNGSSd20cgI231FDa6ZvUEgDFGxgkg\" rel=\"noopener noreferrer\">R\u00f6nn's dance floor<\/a>\u00a0\u2013\u00a0<span>R\u00f6nnin lava on aito, perinteinen tanssilava, jossa on nykyaikaiset ja monipuoliset palvelut.\u00a0Esiintyj\u00e4t ja tarkemmat tiedot l\u00f6yd\u00e4t tanssilavan omilta verkkosivuilta otsikon linkin takaa.<\/span><\/p>\n<p><a href=\"https:\/\/www.himosareena.fi\/\" target=\"_blank\" data-saferedirecturl=\"https:\/\/www.google.com\/url?q=https:\/\/www.himosareena.fi\/&amp;source=gmail&amp;ust=1588065544930000&amp;usg=AFQjCNHfjtOzQTkoo-xw0JYd6sBp2iuPjQ\" rel=\"noopener noreferrer\">Himos Arena<\/a>\u00a0\u2013\u00a0<span>Suomen valovoimaisimmat artistit esiintyv\u00e4t viikonloppuisin Himos Areenalla talvisesonkina marras-huhtikuussa. Areenalla ja sen l\u00e4heisyydess\u00e4 j\u00e4rjestet\u00e4\u00e4n lis\u00e4ksi l\u00e4pi vuoden erilaisia tapahtumia ja festivaaleja, muun muassa <a href=\"https:\/\/www.himosjuhannus.fi\/historiaa\/\" target=\"_blank\" rel=\"noopener noreferrer\">The Voice Juhannus -festivaali<\/a>, <a href=\"https:\/\/www.iskelmafestivaali.fi\/\" target=\"_blank\" rel=\"noopener noreferrer\">Iskelm\u00e4 Festivaali<\/a> and <a href=\"http:\/\/www.pipefest.net\/pipe\/\" target=\"_blank\" rel=\"noopener noreferrer\">Pipefest<\/a>.<\/span><\/p>\n<h2><span style=\"font-size: 50px;\"><\/span><\/h2>\n<h2><span style=\"font-size: 50px;\"><\/span><\/h2>\n<h2><span style=\"font-size: 50px;\"><\/span><\/h2>\n<h2><span style=\"font-size: 50px;\"><\/span><\/h2>\n<h2><span style=\"font-size: 50px;\">K\u00e4yntikohteita l\u00e4hell\u00e4<\/span><\/h2>\n<p><a href=\"http:\/\/www.himos.fi\/\" target=\"_blank\" data-saferedirecturl=\"https:\/\/www.google.com\/url?q=http:\/\/www.himos.fi\/&amp;source=gmail&amp;ust=1588065544930000&amp;usg=AFQjCNGkpXHq6DjocY6y4efEEWQYXyI-BQ\" rel=\"noopener noreferrer\">Himos<\/a>\u00a0&#8211; Suosittu laskettelu- ja talviurheilukeskus J\u00e4ms\u00e4ss\u00e4, reilun puolen tunnin p\u00e4\u00e4ss\u00e4 Salkolahden lomam\u00f6keilt\u00e4.<\/p>\n<p><a href=\"http:\/\/www.leporannantaidekeskus.net\/\" target=\"_blank\" data-saferedirecturl=\"https:\/\/www.google.com\/url?q=http:\/\/www.leporannantaidekeskus.net\/&amp;source=gmail&amp;ust=1588065544930000&amp;usg=AFQjCNEfdWEgo-4GNiyOZcEMZLJ4v_fChw\" rel=\"noopener noreferrer\">Leporanta Art Center<\/a>\u00a0&#8211; Leporannan Taidekeskus on perustettu vuonna 1972. Sen pihapiirin kolmessa rakennuksessa on esill\u00e4 muun muassa maalauksia, akvarelleja, veistoksia, grafiikkaa, valokuvia, reliefej\u00e4 ja lasit\u00f6it\u00e4.<\/p>\n<p><span class=\"gmail_default\"><a href=\"https:\/\/www.manttavilppula.fi\/taidekaupunki\/kayntikohteet-ja-tapahtumat\/\" target=\"_blank\" data-saferedirecturl=\"https:\/\/www.google.com\/url?q=https:\/\/www.manttavilppula.fi\/taidekaupunki\/kayntikohteet-ja-tapahtumat\/&amp;source=gmail&amp;ust=1588065544930000&amp;usg=AFQjCNGE4zx0UY0jF_G6FFM657p15h5THA\" rel=\"noopener noreferrer\">M\u00e4ntt\u00e4 - Vilppula Art City<\/a>\u00a0&#8211; <span>M\u00e4ntt\u00e4-Vilppulan taidekaupungista l\u00f6yd\u00e4t museoita, gallerioita, kauniita kirkkoja ja festivaaleja. Kaupunki on tunnettu erityisesti teollisuushistoriastaan ja Serlachius-museoistaan.<\/span><\/span><\/p>\n<p><a href=\"http:\/\/www.talviainen.fi\/\" target=\"_blank\" data-saferedirecturl=\"https:\/\/www.google.com\/url?q=http:\/\/www.talviainen.fi\/&amp;source=gmail&amp;ust=1588065544930000&amp;usg=AFQjCNHWTl8TisOQVP56Y2bTonckkksquA\" rel=\"noopener noreferrer\">Talviaisten kyl\u00e4yhdistyksen kes\u00e4tori<\/a>\u00a0\u2013 Talviaisten kyl\u00e4yhdistyksen suoramyyntitori on avoinna juhannuksen j\u00e4lkeen joka lauantai.<\/p>\n<p><a href=\"http:\/\/www.maivianpidot.fi\/\" target=\"_blank\" data-saferedirecturl=\"https:\/\/www.google.com\/url?q=http:\/\/www.maivianpidot.fi\/&amp;source=gmail&amp;ust=1588065544930000&amp;usg=AFQjCNGDqoY5UR-js3OvPVHj09e_QoVDdQ\" rel=\"noopener noreferrer\">Maivia's Banquet<\/a>\u00a0&#8211; Tunnelmallinen juhlatalo L\u00e4nkipohjan kyl\u00e4keskuksen tuntumassa. Pitop\u00f6yt\u00e4 tilauksesta.<\/p>\n<p><a href=\"http:\/\/www.erajarventeatterit.fi\/index.php\/ronnin-kesateatteri\" target=\"_blank\" data-saferedirecturl=\"https:\/\/www.google.com\/url?q=http:\/\/www.erajarventeatterit.fi\/index.php\/ronnin-kesateatteri&amp;source=gmail&amp;ust=1588065544930000&amp;usg=AFQjCNGm0ZlfPEPHavNcvXCUvKr6pVpLUA\" rel=\"noopener noreferrer\">R\u00f6nni Summer Theater<\/a>\u00a0&#8211; Perinteisi\u00e4 kes\u00e4teatterin\u00e4ytelmi\u00e4 kes\u00e4kaudella, vain puolen tunnin matkan p\u00e4\u00e4ss\u00e4\u00a0<span class=\"gmail_default\">Salkolahden Lomam\u00f6keilt\u00e4<\/span>.<span class=\"gmail_default\"><\/span><\/p>\n<p><span class=\"gmail_default\"><span><\/span><\/span><\/p>\n<p><span class=\"gmail_default\"><span><\/span><\/span><\/p>\n<h2>Retkikohteita<\/h2>\n<p><a href=\"https:\/\/www.luontoon.fi\/isojarvi?inheritRedirect=true\"><strong>Isoj\u00e4rvi National Park<\/strong><\/a><br \/> Isoj\u00e4rven kansallispuiston miljoonia vuosia vanhat rotkolaaksot ovat hieno retkikohde. Kansallispuistossa voit n\u00e4hd\u00e4 my\u00f6s savottamaiden historiaa. Puistoalue on kooltaan noin 1900 hehtaaria, ja siell\u00e4 on yhteens\u00e4 noin 20 kilometri\u00e4 merkittyj\u00e4 reittej\u00e4 patikoitavaksi.<\/p>\n<p><a href=\"http:\/\/www.pirkanmaanvirkistysalueyhdistys.fi\/erapyha_orivesi\"><strong>Er\u00e4pyh\u00e4n luonnonsuojelualue<\/strong><\/a><br \/> Kaunis luonnonsuojelualue L\u00e4ngelm\u00e4veden etel\u00e4rannalla. Luonnonsuojelualueella on noin kolmen kilometrin mittainen patikkapolku ja komeat maisemat.<\/p>\n<h2><\/h2>\n<h2><\/h2>\n<h2><\/h2>\n<h2>Matkailusivustoja<\/h2>\n<p><span class=\"gmail_default\"><\/span><\/p>\n<p><span class=\"gmail_default\"><\/span><\/p>\n<div>\n<div class=\"gmail_default\">\n<p><strong>Tourist destinations<span>\u00a0Tampereella<br \/> <\/span><\/strong><span style=\"font-size: 18px;\"><\/span><a href=\"https:\/\/visittampere.fi\/\" style=\"font-size: 18px;\">https:\/\/visittampere.fi\/<\/a><span style=\"font-size: 18px;\">\u00a0\u00a0<\/span><\/p>\n<p><strong>Tourist destinations<span>\u00a0J\u00e4ms\u00e4ss\u00e4<br \/> <\/span><\/strong><span style=\"font-size: 18px;\"><\/span><a href=\"https:\/\/www.himosjamsa.fi\/\" style=\"font-size: 18px;\">https:\/\/www.himosjamsa.fi\/<\/a><\/p>\n<p><span><strong>Matkailukohteet Orivedell\u00e4<br \/> <\/strong><\/span><span style=\"font-size: 18px;\"><\/span><a href=\"http:\/\/www.orivesi.fi\/fi\/matkailu\/nahtavyydet\" style=\"font-size: 18px;\">http:\/\/www.orivesi.fi\/fi\/matkailu\/nahtavyydet<\/a><\/p>\n<p><strong>L\u00e4ngelm\u00e4en alueen (J\u00e4ms\u00e4 ja Orivesi) alueen tapahtumia ym.<br \/> <\/strong><span style=\"font-size: 18px;\"><\/span><a href=\"http:\/\/www.langelmaki.fi\/\" style=\"font-size: 18px;\">http:\/\/www.langelmaki.fi\/<\/a><\/p>\n<\/div>\n<\/div>\n<p>[\/et_pb_text][\/et_pb_column][\/et_pb_row][\/et_pb_section][et_pb_section fb_built=&#8221;1&#8243; admin_label=&#8221;Contact&#8221; _builder_version=&#8221;3.26&#8243; background_color=&#8221;#b2b9c4&#8243; use_background_color_gradient=&#8221;on&#8221; background_color_gradient_start=&#8221;rgba(255,255,255,0.56)&#8221; background_color_gradient_end=&#8221;rgba(178,185,196,0.98)&#8221; background_color_gradient_type=&#8221;radial&#8221; background_color_gradient_direction_radial=&#8221;top right&#8221; background_color_gradient_end_position=&#8221;77%&#8221; background_color_gradient_overlays_image=&#8221;on&#8221; background_image=&#8221;https:\/\/salkolahti.com\/wp-content\/uploads\/2020\/04\/8.-luonto4-1.jpg&#8221; custom_padding=&#8221;8vw|0px|8vw|0px|true|false&#8221; locked=&#8221;off&#8221;][et_pb_row _builder_version=&#8221;3.26&#8243; custom_margin=&#8221;|||&#8221;][et_pb_column type=&#8221;4_4&#8243; _builder_version=&#8221;3.26&#8243; custom_padding=&#8221;|||&#8221; custom_padding__hover=&#8221;|||&#8221;][et_pb_text _builder_version=&#8221;3.27.4&#8243; text_font=&#8221;||||||||&#8221; text_font_size=&#8221;16px&#8221; text_line_height=&#8221;2em&#8221; header_font=&#8221;||||||||&#8221; header_2_font=&#8221;Raleway|700|||||||&#8221; header_2_font_size=&#8221;50px&#8221; header_2_line_height=&#8221;1.2em&#8221; header_6_font=&#8221;Raleway|700||on|||||&#8221; header_6_font_size=&#8221;16px&#8221; header_6_letter_spacing=&#8221;5px&#8221; header_6_line_height=&#8221;1.8em&#8221; background_layout=&#8221;dark&#8221; max_width_tablet=&#8221;&#8221; max_width_phone=&#8221;&#8221; max_width_last_edited=&#8221;on|desktop&#8221; header_2_font_size_tablet=&#8221;35px&#8221; header_2_font_size_phone=&#8221;25px&#8221; header_2_font_size_last_edited=&#8221;on|phone&#8221;]<\/p>\n<h6 style=\"text-align: center;\">DO YOU HAVE ANY QUESTIONS?<\/h6>\n<h2 style=\"text-align: center;\">Contact us now<\/h2>\n<p>[\/et_pb_text][et_pb_button button_url=&#8221;\/#yhteystiedot&#8221; button_text=&#8221;Ota yhteytt\u00e4&#8221; button_alignment=&#8221;center&#8221; _builder_version=&#8221;4.4.7&#8243; custom_button=&#8221;on&#8221; button_text_color=&#8221;#828c91&#8243; button_bg_color=&#8221;#ffffff&#8221; button_border_width=&#8221;10px&#8221; button_border_color=&#8221;rgba(0,0,0,0)&#8221; button_border_radius=&#8221;0px&#8221; button_font=&#8221;Raleway|700|||||||&#8221; button_border_radius_hover=&#8221;0px&#8221; locked=&#8221;off&#8221; button_text_size__hover_enabled=&#8221;off&#8221; button_one_text_size__hover_enabled=&#8221;off&#8221; button_two_text_size__hover_enabled=&#8221;off&#8221; button_text_color__hover_enabled=&#8221;off&#8221; button_one_text_color__hover_enabled=&#8221;off&#8221; button_two_text_color__hover_enabled=&#8221;off&#8221; button_border_width__hover_enabled=&#8221;off&#8221; button_one_border_width__hover_enabled=&#8221;off&#8221; button_two_border_width__hover_enabled=&#8221;off&#8221; button_border_color__hover_enabled=&#8221;off&#8221; button_one_border_color__hover_enabled=&#8221;off&#8221; button_two_border_color__hover_enabled=&#8221;off&#8221; button_border_radius__hover_enabled=&#8221;on&#8221; button_border_radius__hover=&#8221;0px&#8221; button_one_border_radius__hover_enabled=&#8221;off&#8221; button_two_border_radius__hover_enabled=&#8221;off&#8221; button_letter_spacing__hover_enabled=&#8221;off&#8221; button_one_letter_spacing__hover_enabled=&#8221;off&#8221; button_two_letter_spacing__hover_enabled=&#8221;off&#8221; button_bg_color__hover_enabled=&#8221;off&#8221; button_one_bg_color__hover_enabled=&#8221;off&#8221; button_two_bg_color__hover_enabled=&#8221;off&#8221;][\/et_pb_button][\/et_pb_column][\/et_pb_row][\/et_pb_section]<\/p>","protected":false},"excerpt":{"rendered":"<p>Lomam\u00f6kit, tapahtumat &amp; n\u00e4ht\u00e4vyydet Salkolahden Lomam\u00f6kit ovat l\u00e4hell\u00e4 monia hienoja k\u00e4yntikohteita ja mukavia tapahtumia l\u00e4hiymp\u00e4rist\u00f6ss\u00e4. Yhdist\u00e4 loma ja nostalgiset lavatanssit, taiden\u00e4yttelyvierailu tai menev\u00e4t festivaalit!\u00a0 Jos haluat, ett\u00e4 m\u00f6kkiloma on sinulle tukikohta vierailuun Himoksella, Tampereella, Isoj\u00e4rven kansallispuistossa tai M\u00e4ntt\u00e4-Vilppulan taidekaupungissa Serlachius-museoineen, sekin onnistuu \u2013 kaikki n\u00e4m\u00e4 kohteet ovat vain puolen tunnin\u2013tunnin p\u00e4\u00e4ss\u00e4 Salkolahden Lomam\u00f6keilt\u00e4.\u00a0 Tarkistathan aukioloajat [&hellip;]<\/p>","protected":false},"author":3,"featured_media":0,"parent":0,"menu_order":0,"comment_status":"closed","ping_status":"closed","template":"","meta":{"_acf_changed":false,"_et_pb_use_builder":"on","_et_pb_old_content":"","_et_gb_content_width":"","footnotes":"","_links_to":"","_links_to_target":""},"class_list":["post-994","page","type-page","status-publish","hentry"],"acf":[],"yoast_head":"<!-- This site is optimized with the Yoast SEO plugin v27.3 - https:\/\/yoast.com\/product\/yoast-seo-wordpress\/ -->\n<title>Lomam\u00f6kit I Tapahtumat &amp; n\u00e4ht\u00e4vyydet I Salkolahti Lomam\u00f6kit<\/title>\n<meta name=\"description\" content=\"Salkolahden Lomam\u00f6kit ovat l\u00e4hell\u00e4 k\u00e4yntikohteita ja tapahtumia l\u00e4hiymp\u00e4rist\u00f6ss\u00e4. Houkuttaako lavatanssit, taiden\u00e4yttely vai festivaalit? Lue lis\u00e4\u00e4! &gt;\" \/>\n<meta name=\"robots\" content=\"index, follow, max-snippet:-1, max-image-preview:large, max-video-preview:-1\" \/>\n<link rel=\"canonical\" href=\"https:\/\/salkolahti.com\/en\/nahtavyydet-lomamokit\/\" \/>\n<meta property=\"og:locale\" content=\"en_US\" \/>\n<meta property=\"og:type\" content=\"article\" \/>\n<meta property=\"og:title\" content=\"Lomam\u00f6kit I Tapahtumat &amp; n\u00e4ht\u00e4vyydet I Salkolahti Lomam\u00f6kit\" \/>\n<meta property=\"og:description\" content=\"Salkolahden Lomam\u00f6kit ovat l\u00e4hell\u00e4 k\u00e4yntikohteita ja tapahtumia l\u00e4hiymp\u00e4rist\u00f6ss\u00e4. Houkuttaako lavatanssit, taiden\u00e4yttely vai festivaalit? Lue lis\u00e4\u00e4! &gt;\" \/>\n<meta property=\"og:url\" content=\"https:\/\/salkolahti.com\/en\/nahtavyydet-lomamokit\/\" \/>\n<meta property=\"og:site_name\" content=\"Salkolahti Lomam\u00f6kit\" \/>\n<meta property=\"article:modified_time\" content=\"2020-07-04T18:35:15+00:00\" \/>\n<meta name=\"twitter:card\" content=\"summary_large_image\" \/>\n<meta name=\"twitter:label1\" content=\"Est. reading time\" \/>\n\t<meta name=\"twitter:data1\" content=\"5 minutes\" \/>\n<script type=\"application\/ld+json\" class=\"yoast-schema-graph\">{\"@context\":\"https:\\\/\\\/schema.org\",\"@graph\":[{\"@type\":\"WebPage\",\"@id\":\"https:\\\/\\\/salkolahti.com\\\/nahtavyydet-lomamokit\\\/\",\"url\":\"https:\\\/\\\/salkolahti.com\\\/nahtavyydet-lomamokit\\\/\",\"name\":\"Lomam\u00f6kit I Tapahtumat & n\u00e4ht\u00e4vyydet I Salkolahti Lomam\u00f6kit\",\"isPartOf\":{\"@id\":\"https:\\\/\\\/salkolahti.com\\\/#website\"},\"datePublished\":\"2020-04-29T05:23:24+00:00\",\"dateModified\":\"2020-07-04T18:35:15+00:00\",\"description\":\"Salkolahden Lomam\u00f6kit ovat l\u00e4hell\u00e4 k\u00e4yntikohteita ja tapahtumia l\u00e4hiymp\u00e4rist\u00f6ss\u00e4. Houkuttaako lavatanssit, taiden\u00e4yttely vai festivaalit? Lue lis\u00e4\u00e4! >\",\"breadcrumb\":{\"@id\":\"https:\\\/\\\/salkolahti.com\\\/nahtavyydet-lomamokit\\\/#breadcrumb\"},\"inLanguage\":\"en-US\",\"potentialAction\":[{\"@type\":\"ReadAction\",\"target\":[\"https:\\\/\\\/salkolahti.com\\\/nahtavyydet-lomamokit\\\/\"]}]},{\"@type\":\"BreadcrumbList\",\"@id\":\"https:\\\/\\\/salkolahti.com\\\/nahtavyydet-lomamokit\\\/#breadcrumb\",\"itemListElement\":[{\"@type\":\"ListItem\",\"position\":1,\"name\":\"Home\",\"item\":\"https:\\\/\\\/salkolahti.com\\\/\"},{\"@type\":\"ListItem\",\"position\":2,\"name\":\"N\u00e4ht\u00e4vyydet\"}]},{\"@type\":\"WebSite\",\"@id\":\"https:\\\/\\\/salkolahti.com\\\/#website\",\"url\":\"https:\\\/\\\/salkolahti.com\\\/\",\"name\":\"Salkolahti Lomam\u00f6kit\",\"description\":\"M\u00f6kit ja Huvilat sinun tarpeisiin\",\"publisher\":{\"@id\":\"https:\\\/\\\/salkolahti.com\\\/#organization\"},\"potentialAction\":[{\"@type\":\"SearchAction\",\"target\":{\"@type\":\"EntryPoint\",\"urlTemplate\":\"https:\\\/\\\/salkolahti.com\\\/?s={search_term_string}\"},\"query-input\":{\"@type\":\"PropertyValueSpecification\",\"valueRequired\":true,\"valueName\":\"search_term_string\"}}],\"inLanguage\":\"en-US\"},{\"@type\":\"Organization\",\"@id\":\"https:\\\/\\\/salkolahti.com\\\/#organization\",\"name\":\"Salkolahti lomam\u00f6kit\",\"url\":\"https:\\\/\\\/salkolahti.com\\\/\",\"logo\":{\"@type\":\"ImageObject\",\"inLanguage\":\"en-US\",\"@id\":\"https:\\\/\\\/salkolahti.com\\\/#\\\/schema\\\/logo\\\/image\\\/\",\"url\":\"https:\\\/\\\/salkolahti.com\\\/wp-content\\\/uploads\\\/2020\\\/05\\\/favicon.ico\",\"contentUrl\":\"https:\\\/\\\/salkolahti.com\\\/wp-content\\\/uploads\\\/2020\\\/05\\\/favicon.ico\",\"width\":32,\"height\":32,\"caption\":\"Salkolahti lomam\u00f6kit\"},\"image\":{\"@id\":\"https:\\\/\\\/salkolahti.com\\\/#\\\/schema\\\/logo\\\/image\\\/\"}}]}<\/script>\n<!-- \/ Yoast SEO plugin. -->","yoast_head_json":{"title":"Lomam\u00f6kit I Tapahtumat & n\u00e4ht\u00e4vyydet I Salkolahti Lomam\u00f6kit","description":"Salkolahden Lomam\u00f6kit ovat l\u00e4hell\u00e4 k\u00e4yntikohteita ja tapahtumia l\u00e4hiymp\u00e4rist\u00f6ss\u00e4. Houkuttaako lavatanssit, taiden\u00e4yttely vai festivaalit? Lue lis\u00e4\u00e4! >","robots":{"index":"index","follow":"follow","max-snippet":"max-snippet:-1","max-image-preview":"max-image-preview:large","max-video-preview":"max-video-preview:-1"},"canonical":"https:\/\/salkolahti.com\/en\/nahtavyydet-lomamokit\/","og_locale":"en_US","og_type":"article","og_title":"Lomam\u00f6kit I Tapahtumat & n\u00e4ht\u00e4vyydet I Salkolahti Lomam\u00f6kit","og_description":"Salkolahden Lomam\u00f6kit ovat l\u00e4hell\u00e4 k\u00e4yntikohteita ja tapahtumia l\u00e4hiymp\u00e4rist\u00f6ss\u00e4. Houkuttaako lavatanssit, taiden\u00e4yttely vai festivaalit? Lue lis\u00e4\u00e4! >","og_url":"https:\/\/salkolahti.com\/en\/nahtavyydet-lomamokit\/","og_site_name":"Salkolahti Lomam\u00f6kit","article_modified_time":"2020-07-04T18:35:15+00:00","twitter_card":"summary_large_image","twitter_misc":{"Est. reading time":"5 minutes"},"schema":{"@context":"https:\/\/schema.org","@graph":[{"@type":"WebPage","@id":"https:\/\/salkolahti.com\/nahtavyydet-lomamokit\/","url":"https:\/\/salkolahti.com\/nahtavyydet-lomamokit\/","name":"Lomam\u00f6kit I Tapahtumat & n\u00e4ht\u00e4vyydet I Salkolahti Lomam\u00f6kit","isPartOf":{"@id":"https:\/\/salkolahti.com\/#website"},"datePublished":"2020-04-29T05:23:24+00:00","dateModified":"2020-07-04T18:35:15+00:00","description":"Salkolahden Lomam\u00f6kit ovat l\u00e4hell\u00e4 k\u00e4yntikohteita ja tapahtumia l\u00e4hiymp\u00e4rist\u00f6ss\u00e4. Houkuttaako lavatanssit, taiden\u00e4yttely vai festivaalit? Lue lis\u00e4\u00e4! >","breadcrumb":{"@id":"https:\/\/salkolahti.com\/nahtavyydet-lomamokit\/#breadcrumb"},"inLanguage":"en-US","potentialAction":[{"@type":"ReadAction","target":["https:\/\/salkolahti.com\/nahtavyydet-lomamokit\/"]}]},{"@type":"BreadcrumbList","@id":"https:\/\/salkolahti.com\/nahtavyydet-lomamokit\/#breadcrumb","itemListElement":[{"@type":"ListItem","position":1,"name":"Home","item":"https:\/\/salkolahti.com\/"},{"@type":"ListItem","position":2,"name":"N\u00e4ht\u00e4vyydet"}]},{"@type":"WebSite","@id":"https:\/\/salkolahti.com\/#website","url":"https:\/\/salkolahti.com\/","name":"Salkolahti Lomam\u00f6kit","description":"M\u00f6kit ja Huvilat sinun tarpeisiin","publisher":{"@id":"https:\/\/salkolahti.com\/#organization"},"potentialAction":[{"@type":"SearchAction","target":{"@type":"EntryPoint","urlTemplate":"https:\/\/salkolahti.com\/?s={search_term_string}"},"query-input":{"@type":"PropertyValueSpecification","valueRequired":true,"valueName":"search_term_string"}}],"inLanguage":"en-US"},{"@type":"Organization","@id":"https:\/\/salkolahti.com\/#organization","name":"Salkolahti lomam\u00f6kit","url":"https:\/\/salkolahti.com\/","logo":{"@type":"ImageObject","inLanguage":"en-US","@id":"https:\/\/salkolahti.com\/#\/schema\/logo\/image\/","url":"https:\/\/salkolahti.com\/wp-content\/uploads\/2020\/05\/favicon.ico","contentUrl":"https:\/\/salkolahti.com\/wp-content\/uploads\/2020\/05\/favicon.ico","width":32,"height":32,"caption":"Salkolahti lomam\u00f6kit"},"image":{"@id":"https:\/\/salkolahti.com\/#\/schema\/logo\/image\/"}}]}},"_links":{"self":[{"href":"https:\/\/salkolahti.com\/en\/wp-json\/wp\/v2\/pages\/994","targetHints":{"allow":["GET"]}}],"collection":[{"href":"https:\/\/salkolahti.com\/en\/wp-json\/wp\/v2\/pages"}],"about":[{"href":"https:\/\/salkolahti.com\/en\/wp-json\/wp\/v2\/types\/page"}],"author":[{"embeddable":true,"href":"https:\/\/salkolahti.com\/en\/wp-json\/wp\/v2\/users\/3"}],"replies":[{"embeddable":true,"href":"https:\/\/salkolahti.com\/en\/wp-json\/wp\/v2\/comments?post=994"}],"version-history":[{"count":42,"href":"https:\/\/salkolahti.com\/en\/wp-json\/wp\/v2\/pages\/994\/revisions"}],"predecessor-version":[{"id":1820,"href":"https:\/\/salkolahti.com\/en\/wp-json\/wp\/v2\/pages\/994\/revisions\/1820"}],"wp:attachment":[{"href":"https:\/\/salkolahti.com\/en\/wp-json\/wp\/v2\/media?parent=994"}],"curies":[{"name":"wp","href":"https:\/\/api.w.org\/{rel}","templated":true}]}}