{"id":2602,"date":"2023-07-20T11:09:55","date_gmt":"2023-07-20T08:09:55","guid":{"rendered":"https:\/\/salkolahti.com\/?post_type=product&#038;p=2602"},"modified":"2023-07-24T08:35:59","modified_gmt":"2023-07-24T05:35:59","slug":"harttentupa","status":"publish","type":"product","link":"https:\/\/salkolahti.com\/en\/product\/harttentupa\/","title":{"rendered":"Harttentupa"},"content":{"rendered":"<h2>An authentic grandmother's cottage by the lake<\/h2>\n<p>This authentic grandmother's cottage is a dream destination for a holiday by the lake, and only about an hour from Tampere. Enjoy your day in the yard or on the terrace, sauna or rowboat and admire the beautiful sunsets!<\/p>\n<p>The cottage has wood heating, the kitchen is basic and fresh drinking water comes from the well. The beach sauna is shared with another cottage. The rent includes boat, firewood and electricity. Linen, towels and final cleaning can be ordered as an extra service. Welcome to country house!<\/p>","protected":false},"excerpt":{"rendered":"<h3>Harttentupa<\/h3>\n<p>This 30 m2 grandmother's cottage comfortably accommodates 2 adults and 2 children. The cottage is on a steep beach which you can access by stairs. From the sauna you can enjoy swimming on the other stairs to the water.<\/p>\n<div class=\"et_pb_module et_pb_text et_pb_text_2 et_pb_text_align_left et_pb_text_align_center-phone et_pb_bg_layout_light\">\n<div class=\"et_pb_text_inner\">\n<p>Barbecue sausages and cook corn on the grill house in the garden, which you can enjoy on the adjacent terrace.\nThere is no internet access in the cabin, so a traditional, nature-friendly vacation is guaranteed - just like what you had with your grandmother in your childhood!<\/p>\n<\/div>\n<\/div>\n<div class=\"et_pb_module et_pb_code et_pb_code_0 et_pb_text_align_left et_pb_text_align_center-phone\"><\/div>","protected":false},"featured_media":2613,"comment_status":"open","ping_status":"closed","template":"","meta":{"_acf_changed":false,"_et_pb_use_builder":"","_et_pb_old_content":"","_et_gb_content_width":"","_links_to":"","_links_to_target":""},"product_brand":[],"product_cat":[33],"product_tag":[],"class_list":{"0":"post-2602","1":"product","2":"type-product","3":"status-publish","4":"has-post-thumbnail","6":"product_cat-yleinen","8":"first","9":"instock","10":"shipping-taxable","11":"purchasable","12":"product-type-simple"},"acf":[],"yoast_head":"<!-- This site is optimized with the Yoast SEO plugin v27.4 - https:\/\/yoast.com\/product\/yoast-seo-wordpress\/ -->\n<title>Harttentupa - Salkolahti Lomam\u00f6kit<\/title>\n<meta name=\"robots\" content=\"index, follow, max-snippet:-1, max-image-preview:large, max-video-preview:-1\" \/>\n<link rel=\"canonical\" href=\"https:\/\/salkolahti.com\/en\/product\/harttentupa\/\" \/>\n<meta property=\"og:locale\" content=\"en_US\" \/>\n<meta property=\"og:type\" content=\"article\" \/>\n<meta property=\"og:title\" content=\"Harttentupa - Salkolahti Lomam\u00f6kit\" \/>\n<meta property=\"og:description\" content=\"Harttentupa mummonm\u00f6kki Mummonm\u00f6kki (30 m2) majoittaa mukavasti 2 aikuista ja 2 lasta. M\u00f6kki on jyrk\u00e4ss\u00e4 rannassa ja rantaan p\u00e4\u00e4set portaita pitkin. Saunalta p\u00e4\u00e4set toisia portaita pitkin veteen nauttimaan uimisesta.    Grillikatoksessa paistat makkarat ja kokkailet maissit, joita voit nauttia katoksessa tai viereisell\u00e4 terassilla. M\u00f6kiss\u00e4 ei ole internetyhteytt\u00e4, joten perinteinen, luonnonl\u00e4heinen loma on taattu \u2013 aivan kuin silloin lapsena mummolassa!\" \/>\n<meta property=\"og:url\" content=\"https:\/\/salkolahti.com\/en\/product\/harttentupa\/\" \/>\n<meta property=\"og:site_name\" content=\"Salkolahti Lomam\u00f6kit\" \/>\n<meta property=\"article:modified_time\" content=\"2023-07-24T05:35:59+00:00\" \/>\n<meta property=\"og:image\" content=\"https:\/\/salkolahti.com\/wp-content\/uploads\/2023\/07\/1.-Ulkokuva2-2-scaled-1.jpg\" \/>\n\t<meta property=\"og:image:width\" content=\"2560\" \/>\n\t<meta property=\"og:image:height\" content=\"1441\" \/>\n\t<meta property=\"og:image:type\" content=\"image\/jpeg\" \/>\n<meta name=\"twitter:card\" content=\"summary_large_image\" \/>\n<meta name=\"twitter:label1\" content=\"Est. reading time\" \/>\n\t<meta name=\"twitter:data1\" content=\"1 minute\" \/>\n<script type=\"application\/ld+json\" class=\"yoast-schema-graph\">{\"@context\":\"https:\\\/\\\/schema.org\",\"@graph\":[{\"@type\":\"WebPage\",\"@id\":\"https:\\\/\\\/salkolahti.com\\\/tuote\\\/harttentupa\\\/\",\"url\":\"https:\\\/\\\/salkolahti.com\\\/tuote\\\/harttentupa\\\/\",\"name\":\"Harttentupa - Salkolahti Lomam\u00f6kit\",\"isPartOf\":{\"@id\":\"https:\\\/\\\/salkolahti.com\\\/#website\"},\"primaryImageOfPage\":{\"@id\":\"https:\\\/\\\/salkolahti.com\\\/tuote\\\/harttentupa\\\/#primaryimage\"},\"image\":{\"@id\":\"https:\\\/\\\/salkolahti.com\\\/tuote\\\/harttentupa\\\/#primaryimage\"},\"thumbnailUrl\":\"https:\\\/\\\/salkolahti.com\\\/wp-content\\\/uploads\\\/2023\\\/07\\\/1.-Ulkokuva2-2-scaled-1.jpg\",\"datePublished\":\"2023-07-20T08:09:55+00:00\",\"dateModified\":\"2023-07-24T05:35:59+00:00\",\"breadcrumb\":{\"@id\":\"https:\\\/\\\/salkolahti.com\\\/tuote\\\/harttentupa\\\/#breadcrumb\"},\"inLanguage\":\"en-US\",\"potentialAction\":[{\"@type\":\"ReadAction\",\"target\":[\"https:\\\/\\\/salkolahti.com\\\/tuote\\\/harttentupa\\\/\"]}]},{\"@type\":\"ImageObject\",\"inLanguage\":\"en-US\",\"@id\":\"https:\\\/\\\/salkolahti.com\\\/tuote\\\/harttentupa\\\/#primaryimage\",\"url\":\"https:\\\/\\\/salkolahti.com\\\/wp-content\\\/uploads\\\/2023\\\/07\\\/1.-Ulkokuva2-2-scaled-1.jpg\",\"contentUrl\":\"https:\\\/\\\/salkolahti.com\\\/wp-content\\\/uploads\\\/2023\\\/07\\\/1.-Ulkokuva2-2-scaled-1.jpg\",\"width\":2560,\"height\":1441},{\"@type\":\"BreadcrumbList\",\"@id\":\"https:\\\/\\\/salkolahti.com\\\/tuote\\\/harttentupa\\\/#breadcrumb\",\"itemListElement\":[{\"@type\":\"ListItem\",\"position\":1,\"name\":\"Home\",\"item\":\"https:\\\/\\\/salkolahti.com\\\/\"},{\"@type\":\"ListItem\",\"position\":2,\"name\":\"Kauppa\",\"item\":\"https:\\\/\\\/salkolahti.com\\\/kauppa\\\/\"},{\"@type\":\"ListItem\",\"position\":3,\"name\":\"Harttentupa\"}]},{\"@type\":\"WebSite\",\"@id\":\"https:\\\/\\\/salkolahti.com\\\/#website\",\"url\":\"https:\\\/\\\/salkolahti.com\\\/\",\"name\":\"Salkolahti Lomam\u00f6kit\",\"description\":\"M\u00f6kit ja Huvilat sinun tarpeisiin\",\"publisher\":{\"@id\":\"https:\\\/\\\/salkolahti.com\\\/#organization\"},\"potentialAction\":[{\"@type\":\"SearchAction\",\"target\":{\"@type\":\"EntryPoint\",\"urlTemplate\":\"https:\\\/\\\/salkolahti.com\\\/?s={search_term_string}\"},\"query-input\":{\"@type\":\"PropertyValueSpecification\",\"valueRequired\":true,\"valueName\":\"search_term_string\"}}],\"inLanguage\":\"en-US\"},{\"@type\":\"Organization\",\"@id\":\"https:\\\/\\\/salkolahti.com\\\/#organization\",\"name\":\"Salkolahti lomam\u00f6kit\",\"url\":\"https:\\\/\\\/salkolahti.com\\\/\",\"logo\":{\"@type\":\"ImageObject\",\"inLanguage\":\"en-US\",\"@id\":\"https:\\\/\\\/salkolahti.com\\\/#\\\/schema\\\/logo\\\/image\\\/\",\"url\":\"https:\\\/\\\/salkolahti.com\\\/wp-content\\\/uploads\\\/2020\\\/05\\\/favicon.ico\",\"contentUrl\":\"https:\\\/\\\/salkolahti.com\\\/wp-content\\\/uploads\\\/2020\\\/05\\\/favicon.ico\",\"width\":32,\"height\":32,\"caption\":\"Salkolahti lomam\u00f6kit\"},\"image\":{\"@id\":\"https:\\\/\\\/salkolahti.com\\\/#\\\/schema\\\/logo\\\/image\\\/\"}}]}<\/script>\n<!-- \/ Yoast SEO plugin. -->","yoast_head_json":{"title":"Harttentupa - Salkolahti Lomam\u00f6kit","robots":{"index":"index","follow":"follow","max-snippet":"max-snippet:-1","max-image-preview":"max-image-preview:large","max-video-preview":"max-video-preview:-1"},"canonical":"https:\/\/salkolahti.com\/en\/product\/harttentupa\/","og_locale":"en_US","og_type":"article","og_title":"Harttentupa - Salkolahti Lomam\u00f6kit","og_description":"Harttentupa mummonm\u00f6kki Mummonm\u00f6kki (30 m2) majoittaa mukavasti 2 aikuista ja 2 lasta. M\u00f6kki on jyrk\u00e4ss\u00e4 rannassa ja rantaan p\u00e4\u00e4set portaita pitkin. Saunalta p\u00e4\u00e4set toisia portaita pitkin veteen nauttimaan uimisesta.    Grillikatoksessa paistat makkarat ja kokkailet maissit, joita voit nauttia katoksessa tai viereisell\u00e4 terassilla. M\u00f6kiss\u00e4 ei ole internetyhteytt\u00e4, joten perinteinen, luonnonl\u00e4heinen loma on taattu \u2013 aivan kuin silloin lapsena mummolassa!","og_url":"https:\/\/salkolahti.com\/en\/product\/harttentupa\/","og_site_name":"Salkolahti Lomam\u00f6kit","article_modified_time":"2023-07-24T05:35:59+00:00","og_image":[{"width":2560,"height":1441,"url":"https:\/\/salkolahti.com\/wp-content\/uploads\/2023\/07\/1.-Ulkokuva2-2-scaled-1.jpg","type":"image\/jpeg"}],"twitter_card":"summary_large_image","twitter_misc":{"Est. reading time":"1 minute"},"schema":{"@context":"https:\/\/schema.org","@graph":[{"@type":"WebPage","@id":"https:\/\/salkolahti.com\/tuote\/harttentupa\/","url":"https:\/\/salkolahti.com\/tuote\/harttentupa\/","name":"Harttentupa - Salkolahti Lomam\u00f6kit","isPartOf":{"@id":"https:\/\/salkolahti.com\/#website"},"primaryImageOfPage":{"@id":"https:\/\/salkolahti.com\/tuote\/harttentupa\/#primaryimage"},"image":{"@id":"https:\/\/salkolahti.com\/tuote\/harttentupa\/#primaryimage"},"thumbnailUrl":"https:\/\/salkolahti.com\/wp-content\/uploads\/2023\/07\/1.-Ulkokuva2-2-scaled-1.jpg","datePublished":"2023-07-20T08:09:55+00:00","dateModified":"2023-07-24T05:35:59+00:00","breadcrumb":{"@id":"https:\/\/salkolahti.com\/tuote\/harttentupa\/#breadcrumb"},"inLanguage":"en-US","potentialAction":[{"@type":"ReadAction","target":["https:\/\/salkolahti.com\/tuote\/harttentupa\/"]}]},{"@type":"ImageObject","inLanguage":"en-US","@id":"https:\/\/salkolahti.com\/tuote\/harttentupa\/#primaryimage","url":"https:\/\/salkolahti.com\/wp-content\/uploads\/2023\/07\/1.-Ulkokuva2-2-scaled-1.jpg","contentUrl":"https:\/\/salkolahti.com\/wp-content\/uploads\/2023\/07\/1.-Ulkokuva2-2-scaled-1.jpg","width":2560,"height":1441},{"@type":"BreadcrumbList","@id":"https:\/\/salkolahti.com\/tuote\/harttentupa\/#breadcrumb","itemListElement":[{"@type":"ListItem","position":1,"name":"Home","item":"https:\/\/salkolahti.com\/"},{"@type":"ListItem","position":2,"name":"Kauppa","item":"https:\/\/salkolahti.com\/kauppa\/"},{"@type":"ListItem","position":3,"name":"Harttentupa"}]},{"@type":"WebSite","@id":"https:\/\/salkolahti.com\/#website","url":"https:\/\/salkolahti.com\/","name":"Salkolahti Lomam\u00f6kit","description":"M\u00f6kit ja Huvilat sinun tarpeisiin","publisher":{"@id":"https:\/\/salkolahti.com\/#organization"},"potentialAction":[{"@type":"SearchAction","target":{"@type":"EntryPoint","urlTemplate":"https:\/\/salkolahti.com\/?s={search_term_string}"},"query-input":{"@type":"PropertyValueSpecification","valueRequired":true,"valueName":"search_term_string"}}],"inLanguage":"en-US"},{"@type":"Organization","@id":"https:\/\/salkolahti.com\/#organization","name":"Salkolahti lomam\u00f6kit","url":"https:\/\/salkolahti.com\/","logo":{"@type":"ImageObject","inLanguage":"en-US","@id":"https:\/\/salkolahti.com\/#\/schema\/logo\/image\/","url":"https:\/\/salkolahti.com\/wp-content\/uploads\/2020\/05\/favicon.ico","contentUrl":"https:\/\/salkolahti.com\/wp-content\/uploads\/2020\/05\/favicon.ico","width":32,"height":32,"caption":"Salkolahti lomam\u00f6kit"},"image":{"@id":"https:\/\/salkolahti.com\/#\/schema\/logo\/image\/"}}]}},"_links":{"self":[{"href":"https:\/\/salkolahti.com\/en\/wp-json\/wp\/v2\/product\/2602","targetHints":{"allow":["GET"]}}],"collection":[{"href":"https:\/\/salkolahti.com\/en\/wp-json\/wp\/v2\/product"}],"about":[{"href":"https:\/\/salkolahti.com\/en\/wp-json\/wp\/v2\/types\/product"}],"replies":[{"embeddable":true,"href":"https:\/\/salkolahti.com\/en\/wp-json\/wp\/v2\/comments?post=2602"}],"wp:featuredmedia":[{"embeddable":true,"href":"https:\/\/salkolahti.com\/en\/wp-json\/wp\/v2\/media\/2613"}],"wp:attachment":[{"href":"https:\/\/salkolahti.com\/en\/wp-json\/wp\/v2\/media?parent=2602"}],"wp:term":[{"taxonomy":"product_brand","embeddable":true,"href":"https:\/\/salkolahti.com\/en\/wp-json\/wp\/v2\/product_brand?post=2602"},{"taxonomy":"product_cat","embeddable":true,"href":"https:\/\/salkolahti.com\/en\/wp-json\/wp\/v2\/product_cat?post=2602"},{"taxonomy":"product_tag","embeddable":true,"href":"https:\/\/salkolahti.com\/en\/wp-json\/wp\/v2\/product_tag?post=2602"}],"curies":[{"name":"wp","href":"https:\/\/api.w.org\/{rel}","templated":true}]}}