{"id":2645,"date":"2023-07-21T08:33:56","date_gmt":"2023-07-21T05:33:56","guid":{"rendered":"https:\/\/salkolahti.com\/?post_type=product&#038;p=2645"},"modified":"2023-08-01T14:41:07","modified_gmt":"2023-08-01T11:41:07","slug":"kiiltavainen","status":"publish","type":"product","link":"https:\/\/salkolahti.com\/en\/product\/kiiltavainen\/","title":{"rendered":"Kiilt\u00e4v\u00e4inen"},"content":{"rendered":"<h2>Upscale log villa by the lake + beach sauna<\/h2>\n<p>Kiilt\u00e4v\u00e4inen is a magnificent log villa with great views of the lake. The six-person villa is furnished to a high standard and tastefully decorated. The main house has an electric sauna and two showers. In summer, there is a beach sauna with a wood-heated stove. High-speed internet access, a large terrace and a well-equipped, winter-warm cottage make your holiday comfortable at any time of the year. The rent includes linen, towels, firewood and final cleaning. Welcome to the holidays!<\/p>","protected":false},"excerpt":{"rendered":"<div class=\"et_pb_module et_pb_text et_pb_text_2 et_pb_text_align_left et_pb_text_align_center-phone et_pb_bg_layout_light\">\n<div class=\"et_pb_text_inner\">\n<h3>Kiilt\u00e4v\u00e4inen<\/h3>\n<p>The well-equipped 110 m2 villa on the shores of L\u00e4ngelm\u00e4vesi is a spacious and bright holiday destination for even the most demanding taste.<\/p>\n<p>Here you will enjoy relaxed living, barbecuing, swimming and fishing. You can also go hiking, mushrooming and berry picking in the surrounding area or in the Isoj\u00e4rvi National Park. Himos Ski Resort and Golf Course, 40 km away, offers additional activities.<\/p>\n<\/div>\n<\/div>\n<div class=\"et_pb_module et_pb_code et_pb_code_0 et_pb_text_align_left et_pb_text_align_center-phone\"><\/div>","protected":false},"featured_media":2690,"comment_status":"open","ping_status":"closed","template":"","meta":{"_acf_changed":false,"_et_pb_use_builder":"","_et_pb_old_content":"","_et_gb_content_width":"","_links_to":"","_links_to_target":""},"product_brand":[],"product_cat":[33],"product_tag":[],"class_list":{"0":"post-2645","1":"product","2":"type-product","3":"status-publish","4":"has-post-thumbnail","6":"product_cat-yleinen","8":"first","9":"instock","10":"virtual","11":"purchasable","12":"product-type-simple"},"acf":[],"yoast_head":"<!-- This site is optimized with the Yoast SEO plugin v27.5 - https:\/\/yoast.com\/product\/yoast-seo-wordpress\/ -->\n<title>Kiilt\u00e4v\u00e4inen - Salkolahti Lomam\u00f6kit<\/title>\n<meta name=\"robots\" content=\"index, follow, max-snippet:-1, max-image-preview:large, max-video-preview:-1\" \/>\n<link rel=\"canonical\" href=\"https:\/\/salkolahti.com\/en\/product\/kiiltavainen\/\" \/>\n<meta property=\"og:locale\" content=\"en_US\" \/>\n<meta property=\"og:type\" content=\"article\" \/>\n<meta property=\"og:title\" content=\"Kiilt\u00e4v\u00e4inen - Salkolahti Lomam\u00f6kit\" \/>\n<meta property=\"og:description\" content=\"Kiilt\u00e4v\u00e4inen Tasokkaasti varustettu 110 m2:n huvila L\u00e4ngelm\u00e4veden rannalla on avara ja valoisa lomapaikka vaativampaankin makuun.  T\u00e4\u00e4ll\u00e4 nautit rennosta oleilusta, grillauksesta, uimisesta ja kalastuksesta. Voit my\u00f6s piipahtaa retkeilem\u00e4\u00e4n, sienest\u00e4m\u00e4\u00e4n ja marjastamaan l\u00e4hiymp\u00e4rist\u00f6\u00f6n tai Isoj\u00e4rven kansallispuistoon. Himoksen hiihtokeskus ja golfkentt\u00e4 40 kilometrin p\u00e4\u00e4ss\u00e4 tarjoavat lis\u00e4mahdollisuuksia harrastaa.\" \/>\n<meta property=\"og:url\" content=\"https:\/\/salkolahti.com\/en\/product\/kiiltavainen\/\" \/>\n<meta property=\"og:site_name\" content=\"Salkolahti Lomam\u00f6kit\" \/>\n<meta property=\"article:modified_time\" content=\"2023-08-01T11:41:07+00:00\" \/>\n<meta property=\"og:image\" content=\"https:\/\/salkolahti.com\/wp-content\/uploads\/2023\/07\/8.-luonto1-2.jpg\" \/>\n\t<meta property=\"og:image:width\" content=\"2275\" \/>\n\t<meta property=\"og:image:height\" content=\"1600\" \/>\n\t<meta property=\"og:image:type\" content=\"image\/jpeg\" \/>\n<meta name=\"twitter:card\" content=\"summary_large_image\" \/>\n<meta name=\"twitter:label1\" content=\"Est. reading time\" \/>\n\t<meta name=\"twitter:data1\" content=\"1 minute\" \/>\n<script type=\"application\/ld+json\" class=\"yoast-schema-graph\">{\"@context\":\"https:\\\/\\\/schema.org\",\"@graph\":[{\"@type\":\"WebPage\",\"@id\":\"https:\\\/\\\/salkolahti.com\\\/tuote\\\/kiiltavainen\\\/\",\"url\":\"https:\\\/\\\/salkolahti.com\\\/tuote\\\/kiiltavainen\\\/\",\"name\":\"Kiilt\u00e4v\u00e4inen - Salkolahti Lomam\u00f6kit\",\"isPartOf\":{\"@id\":\"https:\\\/\\\/salkolahti.com\\\/#website\"},\"primaryImageOfPage\":{\"@id\":\"https:\\\/\\\/salkolahti.com\\\/tuote\\\/kiiltavainen\\\/#primaryimage\"},\"image\":{\"@id\":\"https:\\\/\\\/salkolahti.com\\\/tuote\\\/kiiltavainen\\\/#primaryimage\"},\"thumbnailUrl\":\"https:\\\/\\\/salkolahti.com\\\/wp-content\\\/uploads\\\/2023\\\/07\\\/8.-luonto1-2.jpg\",\"datePublished\":\"2023-07-21T05:33:56+00:00\",\"dateModified\":\"2023-08-01T11:41:07+00:00\",\"breadcrumb\":{\"@id\":\"https:\\\/\\\/salkolahti.com\\\/tuote\\\/kiiltavainen\\\/#breadcrumb\"},\"inLanguage\":\"en-US\",\"potentialAction\":[{\"@type\":\"ReadAction\",\"target\":[\"https:\\\/\\\/salkolahti.com\\\/tuote\\\/kiiltavainen\\\/\"]}]},{\"@type\":\"ImageObject\",\"inLanguage\":\"en-US\",\"@id\":\"https:\\\/\\\/salkolahti.com\\\/tuote\\\/kiiltavainen\\\/#primaryimage\",\"url\":\"https:\\\/\\\/salkolahti.com\\\/wp-content\\\/uploads\\\/2023\\\/07\\\/8.-luonto1-2.jpg\",\"contentUrl\":\"https:\\\/\\\/salkolahti.com\\\/wp-content\\\/uploads\\\/2023\\\/07\\\/8.-luonto1-2.jpg\",\"width\":2275,\"height\":1600},{\"@type\":\"BreadcrumbList\",\"@id\":\"https:\\\/\\\/salkolahti.com\\\/tuote\\\/kiiltavainen\\\/#breadcrumb\",\"itemListElement\":[{\"@type\":\"ListItem\",\"position\":1,\"name\":\"Home\",\"item\":\"https:\\\/\\\/salkolahti.com\\\/\"},{\"@type\":\"ListItem\",\"position\":2,\"name\":\"Kauppa\",\"item\":\"https:\\\/\\\/salkolahti.com\\\/kauppa\\\/\"},{\"@type\":\"ListItem\",\"position\":3,\"name\":\"Kiilt\u00e4v\u00e4inen\"}]},{\"@type\":\"WebSite\",\"@id\":\"https:\\\/\\\/salkolahti.com\\\/#website\",\"url\":\"https:\\\/\\\/salkolahti.com\\\/\",\"name\":\"Salkolahti Lomam\u00f6kit\",\"description\":\"M\u00f6kit ja Huvilat sinun tarpeisiin\",\"publisher\":{\"@id\":\"https:\\\/\\\/salkolahti.com\\\/#organization\"},\"potentialAction\":[{\"@type\":\"SearchAction\",\"target\":{\"@type\":\"EntryPoint\",\"urlTemplate\":\"https:\\\/\\\/salkolahti.com\\\/?s={search_term_string}\"},\"query-input\":{\"@type\":\"PropertyValueSpecification\",\"valueRequired\":true,\"valueName\":\"search_term_string\"}}],\"inLanguage\":\"en-US\"},{\"@type\":\"Organization\",\"@id\":\"https:\\\/\\\/salkolahti.com\\\/#organization\",\"name\":\"Salkolahti lomam\u00f6kit\",\"url\":\"https:\\\/\\\/salkolahti.com\\\/\",\"logo\":{\"@type\":\"ImageObject\",\"inLanguage\":\"en-US\",\"@id\":\"https:\\\/\\\/salkolahti.com\\\/#\\\/schema\\\/logo\\\/image\\\/\",\"url\":\"https:\\\/\\\/salkolahti.com\\\/wp-content\\\/uploads\\\/2020\\\/05\\\/favicon.ico\",\"contentUrl\":\"https:\\\/\\\/salkolahti.com\\\/wp-content\\\/uploads\\\/2020\\\/05\\\/favicon.ico\",\"width\":32,\"height\":32,\"caption\":\"Salkolahti lomam\u00f6kit\"},\"image\":{\"@id\":\"https:\\\/\\\/salkolahti.com\\\/#\\\/schema\\\/logo\\\/image\\\/\"}}]}<\/script>\n<!-- \/ Yoast SEO plugin. -->","yoast_head_json":{"title":"Kiilt\u00e4v\u00e4inen - Salkolahti Lomam\u00f6kit","robots":{"index":"index","follow":"follow","max-snippet":"max-snippet:-1","max-image-preview":"max-image-preview:large","max-video-preview":"max-video-preview:-1"},"canonical":"https:\/\/salkolahti.com\/en\/product\/kiiltavainen\/","og_locale":"en_US","og_type":"article","og_title":"Kiilt\u00e4v\u00e4inen - Salkolahti Lomam\u00f6kit","og_description":"Kiilt\u00e4v\u00e4inen Tasokkaasti varustettu 110 m2:n huvila L\u00e4ngelm\u00e4veden rannalla on avara ja valoisa lomapaikka vaativampaankin makuun.  T\u00e4\u00e4ll\u00e4 nautit rennosta oleilusta, grillauksesta, uimisesta ja kalastuksesta. Voit my\u00f6s piipahtaa retkeilem\u00e4\u00e4n, sienest\u00e4m\u00e4\u00e4n ja marjastamaan l\u00e4hiymp\u00e4rist\u00f6\u00f6n tai Isoj\u00e4rven kansallispuistoon. Himoksen hiihtokeskus ja golfkentt\u00e4 40 kilometrin p\u00e4\u00e4ss\u00e4 tarjoavat lis\u00e4mahdollisuuksia harrastaa.","og_url":"https:\/\/salkolahti.com\/en\/product\/kiiltavainen\/","og_site_name":"Salkolahti Lomam\u00f6kit","article_modified_time":"2023-08-01T11:41:07+00:00","og_image":[{"width":2275,"height":1600,"url":"https:\/\/salkolahti.com\/wp-content\/uploads\/2023\/07\/8.-luonto1-2.jpg","type":"image\/jpeg"}],"twitter_card":"summary_large_image","twitter_misc":{"Est. reading time":"1 minute"},"schema":{"@context":"https:\/\/schema.org","@graph":[{"@type":"WebPage","@id":"https:\/\/salkolahti.com\/tuote\/kiiltavainen\/","url":"https:\/\/salkolahti.com\/tuote\/kiiltavainen\/","name":"Kiilt\u00e4v\u00e4inen - Salkolahti Lomam\u00f6kit","isPartOf":{"@id":"https:\/\/salkolahti.com\/#website"},"primaryImageOfPage":{"@id":"https:\/\/salkolahti.com\/tuote\/kiiltavainen\/#primaryimage"},"image":{"@id":"https:\/\/salkolahti.com\/tuote\/kiiltavainen\/#primaryimage"},"thumbnailUrl":"https:\/\/salkolahti.com\/wp-content\/uploads\/2023\/07\/8.-luonto1-2.jpg","datePublished":"2023-07-21T05:33:56+00:00","dateModified":"2023-08-01T11:41:07+00:00","breadcrumb":{"@id":"https:\/\/salkolahti.com\/tuote\/kiiltavainen\/#breadcrumb"},"inLanguage":"en-US","potentialAction":[{"@type":"ReadAction","target":["https:\/\/salkolahti.com\/tuote\/kiiltavainen\/"]}]},{"@type":"ImageObject","inLanguage":"en-US","@id":"https:\/\/salkolahti.com\/tuote\/kiiltavainen\/#primaryimage","url":"https:\/\/salkolahti.com\/wp-content\/uploads\/2023\/07\/8.-luonto1-2.jpg","contentUrl":"https:\/\/salkolahti.com\/wp-content\/uploads\/2023\/07\/8.-luonto1-2.jpg","width":2275,"height":1600},{"@type":"BreadcrumbList","@id":"https:\/\/salkolahti.com\/tuote\/kiiltavainen\/#breadcrumb","itemListElement":[{"@type":"ListItem","position":1,"name":"Home","item":"https:\/\/salkolahti.com\/"},{"@type":"ListItem","position":2,"name":"Kauppa","item":"https:\/\/salkolahti.com\/kauppa\/"},{"@type":"ListItem","position":3,"name":"Kiilt\u00e4v\u00e4inen"}]},{"@type":"WebSite","@id":"https:\/\/salkolahti.com\/#website","url":"https:\/\/salkolahti.com\/","name":"Salkolahti Lomam\u00f6kit","description":"M\u00f6kit ja Huvilat sinun tarpeisiin","publisher":{"@id":"https:\/\/salkolahti.com\/#organization"},"potentialAction":[{"@type":"SearchAction","target":{"@type":"EntryPoint","urlTemplate":"https:\/\/salkolahti.com\/?s={search_term_string}"},"query-input":{"@type":"PropertyValueSpecification","valueRequired":true,"valueName":"search_term_string"}}],"inLanguage":"en-US"},{"@type":"Organization","@id":"https:\/\/salkolahti.com\/#organization","name":"Salkolahti lomam\u00f6kit","url":"https:\/\/salkolahti.com\/","logo":{"@type":"ImageObject","inLanguage":"en-US","@id":"https:\/\/salkolahti.com\/#\/schema\/logo\/image\/","url":"https:\/\/salkolahti.com\/wp-content\/uploads\/2020\/05\/favicon.ico","contentUrl":"https:\/\/salkolahti.com\/wp-content\/uploads\/2020\/05\/favicon.ico","width":32,"height":32,"caption":"Salkolahti lomam\u00f6kit"},"image":{"@id":"https:\/\/salkolahti.com\/#\/schema\/logo\/image\/"}}]}},"_links":{"self":[{"href":"https:\/\/salkolahti.com\/en\/wp-json\/wp\/v2\/product\/2645","targetHints":{"allow":["GET"]}}],"collection":[{"href":"https:\/\/salkolahti.com\/en\/wp-json\/wp\/v2\/product"}],"about":[{"href":"https:\/\/salkolahti.com\/en\/wp-json\/wp\/v2\/types\/product"}],"replies":[{"embeddable":true,"href":"https:\/\/salkolahti.com\/en\/wp-json\/wp\/v2\/comments?post=2645"}],"wp:featuredmedia":[{"embeddable":true,"href":"https:\/\/salkolahti.com\/en\/wp-json\/wp\/v2\/media\/2690"}],"wp:attachment":[{"href":"https:\/\/salkolahti.com\/en\/wp-json\/wp\/v2\/media?parent=2645"}],"wp:term":[{"taxonomy":"product_brand","embeddable":true,"href":"https:\/\/salkolahti.com\/en\/wp-json\/wp\/v2\/product_brand?post=2645"},{"taxonomy":"product_cat","embeddable":true,"href":"https:\/\/salkolahti.com\/en\/wp-json\/wp\/v2\/product_cat?post=2645"},{"taxonomy":"product_tag","embeddable":true,"href":"https:\/\/salkolahti.com\/en\/wp-json\/wp\/v2\/product_tag?post=2645"}],"curies":[{"name":"wp","href":"https:\/\/api.w.org\/{rel}","templated":true}]}}