{"id":2646,"date":"2023-07-21T08:33:56","date_gmt":"2023-07-21T05:33:56","guid":{"rendered":"https:\/\/salkolahti.com\/?post_type=product&#038;p=2646"},"modified":"2023-07-24T08:37:52","modified_gmt":"2023-07-24T05:37:52","slug":"minttu","status":"publish","type":"product","link":"https:\/\/salkolahti.com\/en\/product\/minttu\/","title":{"rendered":"Minttu"},"content":{"rendered":"<h2>Silent, private cottage by lake with sauna and boat<\/h2>\n<p>The rental cottage in the peace of a beautiful pine forest, by the blue lake, invites you to rest and get to know Finnish nature and the countryside. You can take a dip from your own dock and take a rowing boat to the lake. Pick berries, sauna and grill - they crown a traditional Finnish holiday! The rent includes firewood, electricity and wifi. Bed linen, towels and final cleaning can be ordered separately.<\/p>\n<p>Spend a relaxing vacation in a delightful lake scenery only an hour away from Tampere!<\/p>","protected":false},"excerpt":{"rendered":"<h3>Minttu<\/h3>\n<p>Resting on a beautiful hillside, the 40 m2 rental cottage is a peaceful place to vacation, stay and observe nature. The cottage comfortably accommodates 2 adults and 2 children. You can also bring a pet to this cottage.<\/p>","protected":false},"featured_media":2695,"comment_status":"open","ping_status":"closed","template":"","meta":{"_acf_changed":false,"_et_pb_use_builder":"","_et_pb_old_content":"","_et_gb_content_width":"","_links_to":"","_links_to_target":""},"product_brand":[],"product_cat":[33],"product_tag":[],"class_list":{"0":"post-2646","1":"product","2":"type-product","3":"status-publish","4":"has-post-thumbnail","6":"product_cat-yleinen","8":"first","9":"instock","10":"shipping-taxable","11":"purchasable","12":"product-type-simple"},"acf":[],"yoast_head":"<!-- This site is optimized with the Yoast SEO plugin v27.4 - https:\/\/yoast.com\/product\/yoast-seo-wordpress\/ -->\n<title>Minttu - Salkolahti Lomam\u00f6kit<\/title>\n<meta name=\"robots\" content=\"index, follow, max-snippet:-1, max-image-preview:large, max-video-preview:-1\" \/>\n<link rel=\"canonical\" href=\"https:\/\/salkolahti.com\/en\/product\/minttu\/\" \/>\n<meta property=\"og:locale\" content=\"en_US\" \/>\n<meta property=\"og:type\" content=\"article\" \/>\n<meta property=\"og:title\" content=\"Minttu - Salkolahti Lomam\u00f6kit\" \/>\n<meta property=\"og:description\" content=\"Minttu vuokram\u00f6kki Kauniissa rinteess\u00e4 lep\u00e4\u00e4v\u00e4 40 m2:n vuokram\u00f6kki on rauhallinen paikka lomailuun, oleiluun ja luonnon tarkkailuun. M\u00f6kiss\u00e4 majoittuu mukavasti 2 aikuista ja 2 lasta. T\u00e4lle m\u00f6kille voit ottaa mukaasi my\u00f6s lemmikin.\" \/>\n<meta property=\"og:url\" content=\"https:\/\/salkolahti.com\/en\/product\/minttu\/\" \/>\n<meta property=\"og:site_name\" content=\"Salkolahti Lomam\u00f6kit\" \/>\n<meta property=\"article:modified_time\" content=\"2023-07-24T05:37:52+00:00\" \/>\n<meta property=\"og:image\" content=\"https:\/\/salkolahti.com\/wp-content\/uploads\/2023\/07\/1.Ulkokuva2-1.jpg\" \/>\n\t<meta property=\"og:image:width\" content=\"2250\" \/>\n\t<meta property=\"og:image:height\" content=\"1500\" \/>\n\t<meta property=\"og:image:type\" content=\"image\/jpeg\" \/>\n<meta name=\"twitter:card\" content=\"summary_large_image\" \/>\n<meta name=\"twitter:label1\" content=\"Est. reading time\" \/>\n\t<meta name=\"twitter:data1\" content=\"1 minute\" \/>\n<script type=\"application\/ld+json\" class=\"yoast-schema-graph\">{\"@context\":\"https:\\\/\\\/schema.org\",\"@graph\":[{\"@type\":\"WebPage\",\"@id\":\"https:\\\/\\\/salkolahti.com\\\/tuote\\\/minttu\\\/\",\"url\":\"https:\\\/\\\/salkolahti.com\\\/tuote\\\/minttu\\\/\",\"name\":\"Minttu - Salkolahti Lomam\u00f6kit\",\"isPartOf\":{\"@id\":\"https:\\\/\\\/salkolahti.com\\\/#website\"},\"primaryImageOfPage\":{\"@id\":\"https:\\\/\\\/salkolahti.com\\\/tuote\\\/minttu\\\/#primaryimage\"},\"image\":{\"@id\":\"https:\\\/\\\/salkolahti.com\\\/tuote\\\/minttu\\\/#primaryimage\"},\"thumbnailUrl\":\"https:\\\/\\\/salkolahti.com\\\/wp-content\\\/uploads\\\/2023\\\/07\\\/1.Ulkokuva2-1.jpg\",\"datePublished\":\"2023-07-21T05:33:56+00:00\",\"dateModified\":\"2023-07-24T05:37:52+00:00\",\"breadcrumb\":{\"@id\":\"https:\\\/\\\/salkolahti.com\\\/tuote\\\/minttu\\\/#breadcrumb\"},\"inLanguage\":\"en-US\",\"potentialAction\":[{\"@type\":\"ReadAction\",\"target\":[\"https:\\\/\\\/salkolahti.com\\\/tuote\\\/minttu\\\/\"]}]},{\"@type\":\"ImageObject\",\"inLanguage\":\"en-US\",\"@id\":\"https:\\\/\\\/salkolahti.com\\\/tuote\\\/minttu\\\/#primaryimage\",\"url\":\"https:\\\/\\\/salkolahti.com\\\/wp-content\\\/uploads\\\/2023\\\/07\\\/1.Ulkokuva2-1.jpg\",\"contentUrl\":\"https:\\\/\\\/salkolahti.com\\\/wp-content\\\/uploads\\\/2023\\\/07\\\/1.Ulkokuva2-1.jpg\",\"width\":2250,\"height\":1500},{\"@type\":\"BreadcrumbList\",\"@id\":\"https:\\\/\\\/salkolahti.com\\\/tuote\\\/minttu\\\/#breadcrumb\",\"itemListElement\":[{\"@type\":\"ListItem\",\"position\":1,\"name\":\"Home\",\"item\":\"https:\\\/\\\/salkolahti.com\\\/\"},{\"@type\":\"ListItem\",\"position\":2,\"name\":\"Kauppa\",\"item\":\"https:\\\/\\\/salkolahti.com\\\/kauppa\\\/\"},{\"@type\":\"ListItem\",\"position\":3,\"name\":\"Minttu\"}]},{\"@type\":\"WebSite\",\"@id\":\"https:\\\/\\\/salkolahti.com\\\/#website\",\"url\":\"https:\\\/\\\/salkolahti.com\\\/\",\"name\":\"Salkolahti Lomam\u00f6kit\",\"description\":\"M\u00f6kit ja Huvilat sinun tarpeisiin\",\"publisher\":{\"@id\":\"https:\\\/\\\/salkolahti.com\\\/#organization\"},\"potentialAction\":[{\"@type\":\"SearchAction\",\"target\":{\"@type\":\"EntryPoint\",\"urlTemplate\":\"https:\\\/\\\/salkolahti.com\\\/?s={search_term_string}\"},\"query-input\":{\"@type\":\"PropertyValueSpecification\",\"valueRequired\":true,\"valueName\":\"search_term_string\"}}],\"inLanguage\":\"en-US\"},{\"@type\":\"Organization\",\"@id\":\"https:\\\/\\\/salkolahti.com\\\/#organization\",\"name\":\"Salkolahti lomam\u00f6kit\",\"url\":\"https:\\\/\\\/salkolahti.com\\\/\",\"logo\":{\"@type\":\"ImageObject\",\"inLanguage\":\"en-US\",\"@id\":\"https:\\\/\\\/salkolahti.com\\\/#\\\/schema\\\/logo\\\/image\\\/\",\"url\":\"https:\\\/\\\/salkolahti.com\\\/wp-content\\\/uploads\\\/2020\\\/05\\\/favicon.ico\",\"contentUrl\":\"https:\\\/\\\/salkolahti.com\\\/wp-content\\\/uploads\\\/2020\\\/05\\\/favicon.ico\",\"width\":32,\"height\":32,\"caption\":\"Salkolahti lomam\u00f6kit\"},\"image\":{\"@id\":\"https:\\\/\\\/salkolahti.com\\\/#\\\/schema\\\/logo\\\/image\\\/\"}}]}<\/script>\n<!-- \/ Yoast SEO plugin. -->","yoast_head_json":{"title":"Minttu - Salkolahti Lomam\u00f6kit","robots":{"index":"index","follow":"follow","max-snippet":"max-snippet:-1","max-image-preview":"max-image-preview:large","max-video-preview":"max-video-preview:-1"},"canonical":"https:\/\/salkolahti.com\/en\/product\/minttu\/","og_locale":"en_US","og_type":"article","og_title":"Minttu - Salkolahti Lomam\u00f6kit","og_description":"Minttu vuokram\u00f6kki Kauniissa rinteess\u00e4 lep\u00e4\u00e4v\u00e4 40 m2:n vuokram\u00f6kki on rauhallinen paikka lomailuun, oleiluun ja luonnon tarkkailuun. M\u00f6kiss\u00e4 majoittuu mukavasti 2 aikuista ja 2 lasta. T\u00e4lle m\u00f6kille voit ottaa mukaasi my\u00f6s lemmikin.","og_url":"https:\/\/salkolahti.com\/en\/product\/minttu\/","og_site_name":"Salkolahti Lomam\u00f6kit","article_modified_time":"2023-07-24T05:37:52+00:00","og_image":[{"width":2250,"height":1500,"url":"https:\/\/salkolahti.com\/wp-content\/uploads\/2023\/07\/1.Ulkokuva2-1.jpg","type":"image\/jpeg"}],"twitter_card":"summary_large_image","twitter_misc":{"Est. reading time":"1 minute"},"schema":{"@context":"https:\/\/schema.org","@graph":[{"@type":"WebPage","@id":"https:\/\/salkolahti.com\/tuote\/minttu\/","url":"https:\/\/salkolahti.com\/tuote\/minttu\/","name":"Minttu - Salkolahti Lomam\u00f6kit","isPartOf":{"@id":"https:\/\/salkolahti.com\/#website"},"primaryImageOfPage":{"@id":"https:\/\/salkolahti.com\/tuote\/minttu\/#primaryimage"},"image":{"@id":"https:\/\/salkolahti.com\/tuote\/minttu\/#primaryimage"},"thumbnailUrl":"https:\/\/salkolahti.com\/wp-content\/uploads\/2023\/07\/1.Ulkokuva2-1.jpg","datePublished":"2023-07-21T05:33:56+00:00","dateModified":"2023-07-24T05:37:52+00:00","breadcrumb":{"@id":"https:\/\/salkolahti.com\/tuote\/minttu\/#breadcrumb"},"inLanguage":"en-US","potentialAction":[{"@type":"ReadAction","target":["https:\/\/salkolahti.com\/tuote\/minttu\/"]}]},{"@type":"ImageObject","inLanguage":"en-US","@id":"https:\/\/salkolahti.com\/tuote\/minttu\/#primaryimage","url":"https:\/\/salkolahti.com\/wp-content\/uploads\/2023\/07\/1.Ulkokuva2-1.jpg","contentUrl":"https:\/\/salkolahti.com\/wp-content\/uploads\/2023\/07\/1.Ulkokuva2-1.jpg","width":2250,"height":1500},{"@type":"BreadcrumbList","@id":"https:\/\/salkolahti.com\/tuote\/minttu\/#breadcrumb","itemListElement":[{"@type":"ListItem","position":1,"name":"Home","item":"https:\/\/salkolahti.com\/"},{"@type":"ListItem","position":2,"name":"Kauppa","item":"https:\/\/salkolahti.com\/kauppa\/"},{"@type":"ListItem","position":3,"name":"Minttu"}]},{"@type":"WebSite","@id":"https:\/\/salkolahti.com\/#website","url":"https:\/\/salkolahti.com\/","name":"Salkolahti Lomam\u00f6kit","description":"M\u00f6kit ja Huvilat sinun tarpeisiin","publisher":{"@id":"https:\/\/salkolahti.com\/#organization"},"potentialAction":[{"@type":"SearchAction","target":{"@type":"EntryPoint","urlTemplate":"https:\/\/salkolahti.com\/?s={search_term_string}"},"query-input":{"@type":"PropertyValueSpecification","valueRequired":true,"valueName":"search_term_string"}}],"inLanguage":"en-US"},{"@type":"Organization","@id":"https:\/\/salkolahti.com\/#organization","name":"Salkolahti lomam\u00f6kit","url":"https:\/\/salkolahti.com\/","logo":{"@type":"ImageObject","inLanguage":"en-US","@id":"https:\/\/salkolahti.com\/#\/schema\/logo\/image\/","url":"https:\/\/salkolahti.com\/wp-content\/uploads\/2020\/05\/favicon.ico","contentUrl":"https:\/\/salkolahti.com\/wp-content\/uploads\/2020\/05\/favicon.ico","width":32,"height":32,"caption":"Salkolahti lomam\u00f6kit"},"image":{"@id":"https:\/\/salkolahti.com\/#\/schema\/logo\/image\/"}}]}},"_links":{"self":[{"href":"https:\/\/salkolahti.com\/en\/wp-json\/wp\/v2\/product\/2646","targetHints":{"allow":["GET"]}}],"collection":[{"href":"https:\/\/salkolahti.com\/en\/wp-json\/wp\/v2\/product"}],"about":[{"href":"https:\/\/salkolahti.com\/en\/wp-json\/wp\/v2\/types\/product"}],"replies":[{"embeddable":true,"href":"https:\/\/salkolahti.com\/en\/wp-json\/wp\/v2\/comments?post=2646"}],"wp:featuredmedia":[{"embeddable":true,"href":"https:\/\/salkolahti.com\/en\/wp-json\/wp\/v2\/media\/2695"}],"wp:attachment":[{"href":"https:\/\/salkolahti.com\/en\/wp-json\/wp\/v2\/media?parent=2646"}],"wp:term":[{"taxonomy":"product_brand","embeddable":true,"href":"https:\/\/salkolahti.com\/en\/wp-json\/wp\/v2\/product_brand?post=2646"},{"taxonomy":"product_cat","embeddable":true,"href":"https:\/\/salkolahti.com\/en\/wp-json\/wp\/v2\/product_cat?post=2646"},{"taxonomy":"product_tag","embeddable":true,"href":"https:\/\/salkolahti.com\/en\/wp-json\/wp\/v2\/product_tag?post=2646"}],"curies":[{"name":"wp","href":"https:\/\/api.w.org\/{rel}","templated":true}]}}