{"id":2648,"date":"2023-07-21T08:33:47","date_gmt":"2023-07-21T05:33:47","guid":{"rendered":"https:\/\/salkolahti.com\/?post_type=product&#038;p=2648"},"modified":"2023-08-03T10:38:36","modified_gmt":"2023-08-03T07:38:36","slug":"rentola","status":"publish","type":"product","link":"https:\/\/salkolahti.com\/en\/product\/rentola\/","title":{"rendered":"Rentola"},"content":{"rendered":"<h2>Vuokram\u00f6kit j\u00e4rven rannalla<\/h2>\n<p>Vuokram\u00f6kit j\u00e4rven rannalla \u2013 kaunis, perinteinen hirsim\u00f6kki ja uudempi saunatupa \u2013 ovat ihan paras paikka viett\u00e4\u00e4 rentoa lomaa perheen tai yst\u00e4vien kesken! Saunatuvan saunassa on mahtavaa l\u00f6ylytell\u00e4 ja omalla rannalla ilo polskia. Kuistilla ja koivujen katveessa olevalla rantaterassilla on mukava paistatella p\u00e4iv\u00e4\u00e4. M\u00f6kiss\u00e4 on s\u00e4hk\u00f6l\u00e4mmitys ja juokseva vesi. Vuokraan sis\u00e4ltyy polttopuut ja s\u00e4hk\u00f6. Liinavaatteet, pyyhkeet ja loppusiivouksen voit tilata lis\u00e4palveluna.<\/p>\n<p>Tervetuloa rentoutumaan Rentolaan j\u00e4rven rannalle!<\/p>","protected":false},"excerpt":{"rendered":"<h3>Rentolan vuokram\u00f6kit<\/h3>\n<p>Perinteisess\u00e4 40 m2:n hirsim\u00f6kiss\u00e4 ja uudemmassa erillisess\u00e4 saunatuvassa majoittuu mukavasti 5 henkil\u00f6\u00e4. Etel\u00e4\u00e4n aukeavalla rannalla aurinko paistaa pihalle ja rantaterassille koko p\u00e4iv\u00e4n. Veneell\u00e4 p\u00e4\u00e4set kalaan tai soutelemaan ja puugrilliss\u00e4 paistat porukalle makkarat iltapalaksi. P\u00e4\u00e4m\u00f6kin olohuoneessa on sohvaryhm\u00e4 ja pieni takka, jonka l\u00e4mm\u00f6st\u00e4 on mukava nautiskella iltaisin. Saunatuvassa on my\u00f6s oma minikeitti\u00f6. T\u00e4nne voit ottaa mukaasi my\u00f6s lemmikin.<\/p>","protected":false},"featured_media":2705,"comment_status":"open","ping_status":"closed","template":"","meta":{"_acf_changed":false,"_et_pb_use_builder":"","_et_pb_old_content":"","_et_gb_content_width":"","_links_to":"","_links_to_target":""},"product_brand":[],"product_cat":[33],"product_tag":[],"class_list":{"0":"post-2648","1":"product","2":"type-product","3":"status-publish","4":"has-post-thumbnail","6":"product_cat-yleinen","8":"first","9":"instock","10":"shipping-taxable","11":"purchasable","12":"product-type-simple"},"acf":[],"yoast_head":"<!-- This site is optimized with the Yoast SEO plugin v27.4 - https:\/\/yoast.com\/product\/yoast-seo-wordpress\/ -->\n<title>Rentola - Salkolahti Lomam\u00f6kit<\/title>\n<meta name=\"robots\" content=\"index, follow, max-snippet:-1, max-image-preview:large, max-video-preview:-1\" \/>\n<link rel=\"canonical\" href=\"https:\/\/salkolahti.com\/en\/product\/rentola\/\" \/>\n<meta property=\"og:locale\" content=\"en_US\" \/>\n<meta property=\"og:type\" content=\"article\" \/>\n<meta property=\"og:title\" content=\"Rentola - Salkolahti Lomam\u00f6kit\" \/>\n<meta property=\"og:description\" content=\"Rentolan vuokram\u00f6kit Perinteisess\u00e4 40 m2:n hirsim\u00f6kiss\u00e4 ja uudemmassa erillisess\u00e4 saunatuvassa majoittuu mukavasti 5 henkil\u00f6\u00e4. Etel\u00e4\u00e4n aukeavalla rannalla aurinko paistaa pihalle ja rantaterassille koko p\u00e4iv\u00e4n. Veneell\u00e4 p\u00e4\u00e4set kalaan tai soutelemaan ja puugrilliss\u00e4 paistat porukalle makkarat iltapalaksi. P\u00e4\u00e4m\u00f6kin olohuoneessa on sohvaryhm\u00e4 ja pieni takka, jonka l\u00e4mm\u00f6st\u00e4 on mukava nautiskella iltaisin. Saunatuvassa on my\u00f6s oma minikeitti\u00f6. T\u00e4nne voit ottaa mukaasi my\u00f6s lemmikin.\" \/>\n<meta property=\"og:url\" content=\"https:\/\/salkolahti.com\/en\/product\/rentola\/\" \/>\n<meta property=\"og:site_name\" content=\"Salkolahti Lomam\u00f6kit\" \/>\n<meta property=\"article:modified_time\" content=\"2023-08-03T07:38:36+00:00\" \/>\n<meta property=\"og:image\" content=\"https:\/\/salkolahti.com\/wp-content\/uploads\/2023\/07\/1.-Ulkokuva-1-1-1.jpg\" \/>\n\t<meta property=\"og:image:width\" content=\"955\" \/>\n\t<meta property=\"og:image:height\" content=\"716\" \/>\n\t<meta property=\"og:image:type\" content=\"image\/jpeg\" \/>\n<meta name=\"twitter:card\" content=\"summary_large_image\" \/>\n<meta name=\"twitter:label1\" content=\"Est. reading time\" \/>\n\t<meta name=\"twitter:data1\" content=\"1 minute\" \/>\n<script type=\"application\/ld+json\" class=\"yoast-schema-graph\">{\"@context\":\"https:\\\/\\\/schema.org\",\"@graph\":[{\"@type\":\"WebPage\",\"@id\":\"https:\\\/\\\/salkolahti.com\\\/tuote\\\/rentola\\\/\",\"url\":\"https:\\\/\\\/salkolahti.com\\\/tuote\\\/rentola\\\/\",\"name\":\"Rentola - Salkolahti Lomam\u00f6kit\",\"isPartOf\":{\"@id\":\"https:\\\/\\\/salkolahti.com\\\/#website\"},\"primaryImageOfPage\":{\"@id\":\"https:\\\/\\\/salkolahti.com\\\/tuote\\\/rentola\\\/#primaryimage\"},\"image\":{\"@id\":\"https:\\\/\\\/salkolahti.com\\\/tuote\\\/rentola\\\/#primaryimage\"},\"thumbnailUrl\":\"https:\\\/\\\/salkolahti.com\\\/wp-content\\\/uploads\\\/2023\\\/07\\\/1.-Ulkokuva-1-1-1.jpg\",\"datePublished\":\"2023-07-21T05:33:47+00:00\",\"dateModified\":\"2023-08-03T07:38:36+00:00\",\"breadcrumb\":{\"@id\":\"https:\\\/\\\/salkolahti.com\\\/tuote\\\/rentola\\\/#breadcrumb\"},\"inLanguage\":\"en-US\",\"potentialAction\":[{\"@type\":\"ReadAction\",\"target\":[\"https:\\\/\\\/salkolahti.com\\\/tuote\\\/rentola\\\/\"]}]},{\"@type\":\"ImageObject\",\"inLanguage\":\"en-US\",\"@id\":\"https:\\\/\\\/salkolahti.com\\\/tuote\\\/rentola\\\/#primaryimage\",\"url\":\"https:\\\/\\\/salkolahti.com\\\/wp-content\\\/uploads\\\/2023\\\/07\\\/1.-Ulkokuva-1-1-1.jpg\",\"contentUrl\":\"https:\\\/\\\/salkolahti.com\\\/wp-content\\\/uploads\\\/2023\\\/07\\\/1.-Ulkokuva-1-1-1.jpg\",\"width\":955,\"height\":716},{\"@type\":\"BreadcrumbList\",\"@id\":\"https:\\\/\\\/salkolahti.com\\\/tuote\\\/rentola\\\/#breadcrumb\",\"itemListElement\":[{\"@type\":\"ListItem\",\"position\":1,\"name\":\"Home\",\"item\":\"https:\\\/\\\/salkolahti.com\\\/\"},{\"@type\":\"ListItem\",\"position\":2,\"name\":\"Kauppa\",\"item\":\"https:\\\/\\\/salkolahti.com\\\/kauppa\\\/\"},{\"@type\":\"ListItem\",\"position\":3,\"name\":\"Rentola\"}]},{\"@type\":\"WebSite\",\"@id\":\"https:\\\/\\\/salkolahti.com\\\/#website\",\"url\":\"https:\\\/\\\/salkolahti.com\\\/\",\"name\":\"Salkolahti Lomam\u00f6kit\",\"description\":\"M\u00f6kit ja Huvilat sinun tarpeisiin\",\"publisher\":{\"@id\":\"https:\\\/\\\/salkolahti.com\\\/#organization\"},\"potentialAction\":[{\"@type\":\"SearchAction\",\"target\":{\"@type\":\"EntryPoint\",\"urlTemplate\":\"https:\\\/\\\/salkolahti.com\\\/?s={search_term_string}\"},\"query-input\":{\"@type\":\"PropertyValueSpecification\",\"valueRequired\":true,\"valueName\":\"search_term_string\"}}],\"inLanguage\":\"en-US\"},{\"@type\":\"Organization\",\"@id\":\"https:\\\/\\\/salkolahti.com\\\/#organization\",\"name\":\"Salkolahti lomam\u00f6kit\",\"url\":\"https:\\\/\\\/salkolahti.com\\\/\",\"logo\":{\"@type\":\"ImageObject\",\"inLanguage\":\"en-US\",\"@id\":\"https:\\\/\\\/salkolahti.com\\\/#\\\/schema\\\/logo\\\/image\\\/\",\"url\":\"https:\\\/\\\/salkolahti.com\\\/wp-content\\\/uploads\\\/2020\\\/05\\\/favicon.ico\",\"contentUrl\":\"https:\\\/\\\/salkolahti.com\\\/wp-content\\\/uploads\\\/2020\\\/05\\\/favicon.ico\",\"width\":32,\"height\":32,\"caption\":\"Salkolahti lomam\u00f6kit\"},\"image\":{\"@id\":\"https:\\\/\\\/salkolahti.com\\\/#\\\/schema\\\/logo\\\/image\\\/\"}}]}<\/script>\n<!-- \/ Yoast SEO plugin. -->","yoast_head_json":{"title":"Rentola - Salkolahti Lomam\u00f6kit","robots":{"index":"index","follow":"follow","max-snippet":"max-snippet:-1","max-image-preview":"max-image-preview:large","max-video-preview":"max-video-preview:-1"},"canonical":"https:\/\/salkolahti.com\/en\/product\/rentola\/","og_locale":"en_US","og_type":"article","og_title":"Rentola - Salkolahti Lomam\u00f6kit","og_description":"Rentolan vuokram\u00f6kit Perinteisess\u00e4 40 m2:n hirsim\u00f6kiss\u00e4 ja uudemmassa erillisess\u00e4 saunatuvassa majoittuu mukavasti 5 henkil\u00f6\u00e4. Etel\u00e4\u00e4n aukeavalla rannalla aurinko paistaa pihalle ja rantaterassille koko p\u00e4iv\u00e4n. Veneell\u00e4 p\u00e4\u00e4set kalaan tai soutelemaan ja puugrilliss\u00e4 paistat porukalle makkarat iltapalaksi. P\u00e4\u00e4m\u00f6kin olohuoneessa on sohvaryhm\u00e4 ja pieni takka, jonka l\u00e4mm\u00f6st\u00e4 on mukava nautiskella iltaisin. Saunatuvassa on my\u00f6s oma minikeitti\u00f6. T\u00e4nne voit ottaa mukaasi my\u00f6s lemmikin.","og_url":"https:\/\/salkolahti.com\/en\/product\/rentola\/","og_site_name":"Salkolahti Lomam\u00f6kit","article_modified_time":"2023-08-03T07:38:36+00:00","og_image":[{"width":955,"height":716,"url":"https:\/\/salkolahti.com\/wp-content\/uploads\/2023\/07\/1.-Ulkokuva-1-1-1.jpg","type":"image\/jpeg"}],"twitter_card":"summary_large_image","twitter_misc":{"Est. reading time":"1 minute"},"schema":{"@context":"https:\/\/schema.org","@graph":[{"@type":"WebPage","@id":"https:\/\/salkolahti.com\/tuote\/rentola\/","url":"https:\/\/salkolahti.com\/tuote\/rentola\/","name":"Rentola - Salkolahti Lomam\u00f6kit","isPartOf":{"@id":"https:\/\/salkolahti.com\/#website"},"primaryImageOfPage":{"@id":"https:\/\/salkolahti.com\/tuote\/rentola\/#primaryimage"},"image":{"@id":"https:\/\/salkolahti.com\/tuote\/rentola\/#primaryimage"},"thumbnailUrl":"https:\/\/salkolahti.com\/wp-content\/uploads\/2023\/07\/1.-Ulkokuva-1-1-1.jpg","datePublished":"2023-07-21T05:33:47+00:00","dateModified":"2023-08-03T07:38:36+00:00","breadcrumb":{"@id":"https:\/\/salkolahti.com\/tuote\/rentola\/#breadcrumb"},"inLanguage":"en-US","potentialAction":[{"@type":"ReadAction","target":["https:\/\/salkolahti.com\/tuote\/rentola\/"]}]},{"@type":"ImageObject","inLanguage":"en-US","@id":"https:\/\/salkolahti.com\/tuote\/rentola\/#primaryimage","url":"https:\/\/salkolahti.com\/wp-content\/uploads\/2023\/07\/1.-Ulkokuva-1-1-1.jpg","contentUrl":"https:\/\/salkolahti.com\/wp-content\/uploads\/2023\/07\/1.-Ulkokuva-1-1-1.jpg","width":955,"height":716},{"@type":"BreadcrumbList","@id":"https:\/\/salkolahti.com\/tuote\/rentola\/#breadcrumb","itemListElement":[{"@type":"ListItem","position":1,"name":"Home","item":"https:\/\/salkolahti.com\/"},{"@type":"ListItem","position":2,"name":"Kauppa","item":"https:\/\/salkolahti.com\/kauppa\/"},{"@type":"ListItem","position":3,"name":"Rentola"}]},{"@type":"WebSite","@id":"https:\/\/salkolahti.com\/#website","url":"https:\/\/salkolahti.com\/","name":"Salkolahti Lomam\u00f6kit","description":"M\u00f6kit ja Huvilat sinun tarpeisiin","publisher":{"@id":"https:\/\/salkolahti.com\/#organization"},"potentialAction":[{"@type":"SearchAction","target":{"@type":"EntryPoint","urlTemplate":"https:\/\/salkolahti.com\/?s={search_term_string}"},"query-input":{"@type":"PropertyValueSpecification","valueRequired":true,"valueName":"search_term_string"}}],"inLanguage":"en-US"},{"@type":"Organization","@id":"https:\/\/salkolahti.com\/#organization","name":"Salkolahti lomam\u00f6kit","url":"https:\/\/salkolahti.com\/","logo":{"@type":"ImageObject","inLanguage":"en-US","@id":"https:\/\/salkolahti.com\/#\/schema\/logo\/image\/","url":"https:\/\/salkolahti.com\/wp-content\/uploads\/2020\/05\/favicon.ico","contentUrl":"https:\/\/salkolahti.com\/wp-content\/uploads\/2020\/05\/favicon.ico","width":32,"height":32,"caption":"Salkolahti lomam\u00f6kit"},"image":{"@id":"https:\/\/salkolahti.com\/#\/schema\/logo\/image\/"}}]}},"_links":{"self":[{"href":"https:\/\/salkolahti.com\/en\/wp-json\/wp\/v2\/product\/2648","targetHints":{"allow":["GET"]}}],"collection":[{"href":"https:\/\/salkolahti.com\/en\/wp-json\/wp\/v2\/product"}],"about":[{"href":"https:\/\/salkolahti.com\/en\/wp-json\/wp\/v2\/types\/product"}],"replies":[{"embeddable":true,"href":"https:\/\/salkolahti.com\/en\/wp-json\/wp\/v2\/comments?post=2648"}],"wp:featuredmedia":[{"embeddable":true,"href":"https:\/\/salkolahti.com\/en\/wp-json\/wp\/v2\/media\/2705"}],"wp:attachment":[{"href":"https:\/\/salkolahti.com\/en\/wp-json\/wp\/v2\/media?parent=2648"}],"wp:term":[{"taxonomy":"product_brand","embeddable":true,"href":"https:\/\/salkolahti.com\/en\/wp-json\/wp\/v2\/product_brand?post=2648"},{"taxonomy":"product_cat","embeddable":true,"href":"https:\/\/salkolahti.com\/en\/wp-json\/wp\/v2\/product_cat?post=2648"},{"taxonomy":"product_tag","embeddable":true,"href":"https:\/\/salkolahti.com\/en\/wp-json\/wp\/v2\/product_tag?post=2648"}],"curies":[{"name":"wp","href":"https:\/\/api.w.org\/{rel}","templated":true}]}}