{"id":2649,"date":"2023-07-21T08:33:44","date_gmt":"2023-07-21T05:33:44","guid":{"rendered":"https:\/\/salkolahti.com\/?post_type=product&#038;p=2649"},"modified":"2023-07-24T08:39:34","modified_gmt":"2023-07-24T05:39:34","slug":"tikkamaki","status":"publish","type":"product","link":"https:\/\/salkolahti.com\/en\/product\/tikkamaki\/","title":{"rendered":"Tikkam\u00e4ki"},"content":{"rendered":"<h2>Huvila, sauna ja vene, 1 h Tampereelta<\/h2>\n<p>Huvila luonnon helmassa, kauniin Niemij\u00e4rven rannalla, on mahtava paikka kalastamiseen, sienest\u00e4miseen ja marjastamiseen sek\u00e4 oleiluun luonnossa lev\u00e4ten, mietiskellen ja retki\u00e4 tehden. Huvilalla on oma ranta, laituri ja soutuvene. Sis\u00e4-WC, s\u00e4hk\u00f6sauna ja varusteltu tupakeitti\u00f6 tekev\u00e4t lomastasi mukavan ja helpon. Vuokraan sis\u00e4ltyv\u00e4t polttopuut, s\u00e4hk\u00f6 ja wifi-yhteys. Liinavaatteet, pyyhkeet ja loppusiivouksen voit tilata lis\u00e4palveluna.<\/p>\n<p>Welcome to a relaxing vacation!<\/p>","protected":false},"excerpt":{"rendered":"<h3>Tikkam\u00e4ki huvila<\/h3>\n<p>T\u00e4ss\u00e4 40 m2:n huvilassa m\u00f6kkeilet luonnon rauhassa vain 1 tunnin p\u00e4\u00e4ss\u00e4 Tampereelta ja 1,5 tunnin p\u00e4\u00e4ss\u00e4 Jyv\u00e4skyl\u00e4st\u00e4. Niemij\u00e4rvell\u00e4 soutelet ja kalastelet rauhassa: j\u00e4rvell\u00e4 ei liiku \u00e4\u00e4nekk\u00e4it\u00e4 moottoriveneit\u00e4 ja sen rannoilla on vain viisi muuta m\u00f6kki\u00e4.<\/p>","protected":false},"featured_media":2710,"comment_status":"open","ping_status":"closed","template":"","meta":{"_acf_changed":false,"_et_pb_use_builder":"","_et_pb_old_content":"","_et_gb_content_width":"","_links_to":"","_links_to_target":""},"product_brand":[],"product_cat":[33],"product_tag":[],"class_list":{"0":"post-2649","1":"product","2":"type-product","3":"status-publish","4":"has-post-thumbnail","6":"product_cat-yleinen","8":"first","9":"instock","10":"shipping-taxable","11":"purchasable","12":"product-type-simple"},"acf":[],"yoast_head":"<!-- This site is optimized with the Yoast SEO plugin v27.4 - https:\/\/yoast.com\/product\/yoast-seo-wordpress\/ -->\n<title>Tikkam\u00e4ki - Salkolahti Lomam\u00f6kit<\/title>\n<meta name=\"robots\" content=\"index, follow, max-snippet:-1, max-image-preview:large, max-video-preview:-1\" \/>\n<link rel=\"canonical\" href=\"https:\/\/salkolahti.com\/en\/product\/tikkamaki\/\" \/>\n<meta property=\"og:locale\" content=\"en_US\" \/>\n<meta property=\"og:type\" content=\"article\" \/>\n<meta property=\"og:title\" content=\"Tikkam\u00e4ki - Salkolahti Lomam\u00f6kit\" \/>\n<meta property=\"og:description\" content=\"Tikkam\u00e4ki huvila T\u00e4ss\u00e4 40 m2:n huvilassa m\u00f6kkeilet luonnon rauhassa vain 1 tunnin p\u00e4\u00e4ss\u00e4 Tampereelta ja 1,5 tunnin p\u00e4\u00e4ss\u00e4 Jyv\u00e4skyl\u00e4st\u00e4. Niemij\u00e4rvell\u00e4 soutelet ja kalastelet rauhassa: j\u00e4rvell\u00e4 ei liiku \u00e4\u00e4nekk\u00e4it\u00e4 moottoriveneit\u00e4 ja sen rannoilla on vain viisi muuta m\u00f6kki\u00e4.\" \/>\n<meta property=\"og:url\" content=\"https:\/\/salkolahti.com\/en\/product\/tikkamaki\/\" \/>\n<meta property=\"og:site_name\" content=\"Salkolahti Lomam\u00f6kit\" \/>\n<meta property=\"article:modified_time\" content=\"2023-07-24T05:39:34+00:00\" \/>\n<meta property=\"og:image\" content=\"https:\/\/salkolahti.com\/wp-content\/uploads\/2023\/07\/1.-Ulkokuva1-scaled-1.jpg\" \/>\n\t<meta property=\"og:image:width\" content=\"2560\" \/>\n\t<meta property=\"og:image:height\" content=\"1706\" \/>\n\t<meta property=\"og:image:type\" content=\"image\/jpeg\" \/>\n<meta name=\"twitter:card\" content=\"summary_large_image\" \/>\n<meta name=\"twitter:label1\" content=\"Est. reading time\" \/>\n\t<meta name=\"twitter:data1\" content=\"1 minute\" \/>\n<script type=\"application\/ld+json\" class=\"yoast-schema-graph\">{\"@context\":\"https:\\\/\\\/schema.org\",\"@graph\":[{\"@type\":\"WebPage\",\"@id\":\"https:\\\/\\\/salkolahti.com\\\/tuote\\\/tikkamaki\\\/\",\"url\":\"https:\\\/\\\/salkolahti.com\\\/tuote\\\/tikkamaki\\\/\",\"name\":\"Tikkam\u00e4ki - Salkolahti Lomam\u00f6kit\",\"isPartOf\":{\"@id\":\"https:\\\/\\\/salkolahti.com\\\/#website\"},\"primaryImageOfPage\":{\"@id\":\"https:\\\/\\\/salkolahti.com\\\/tuote\\\/tikkamaki\\\/#primaryimage\"},\"image\":{\"@id\":\"https:\\\/\\\/salkolahti.com\\\/tuote\\\/tikkamaki\\\/#primaryimage\"},\"thumbnailUrl\":\"https:\\\/\\\/salkolahti.com\\\/wp-content\\\/uploads\\\/2023\\\/07\\\/1.-Ulkokuva1-scaled-1.jpg\",\"datePublished\":\"2023-07-21T05:33:44+00:00\",\"dateModified\":\"2023-07-24T05:39:34+00:00\",\"breadcrumb\":{\"@id\":\"https:\\\/\\\/salkolahti.com\\\/tuote\\\/tikkamaki\\\/#breadcrumb\"},\"inLanguage\":\"en-US\",\"potentialAction\":[{\"@type\":\"ReadAction\",\"target\":[\"https:\\\/\\\/salkolahti.com\\\/tuote\\\/tikkamaki\\\/\"]}]},{\"@type\":\"ImageObject\",\"inLanguage\":\"en-US\",\"@id\":\"https:\\\/\\\/salkolahti.com\\\/tuote\\\/tikkamaki\\\/#primaryimage\",\"url\":\"https:\\\/\\\/salkolahti.com\\\/wp-content\\\/uploads\\\/2023\\\/07\\\/1.-Ulkokuva1-scaled-1.jpg\",\"contentUrl\":\"https:\\\/\\\/salkolahti.com\\\/wp-content\\\/uploads\\\/2023\\\/07\\\/1.-Ulkokuva1-scaled-1.jpg\",\"width\":2560,\"height\":1706},{\"@type\":\"BreadcrumbList\",\"@id\":\"https:\\\/\\\/salkolahti.com\\\/tuote\\\/tikkamaki\\\/#breadcrumb\",\"itemListElement\":[{\"@type\":\"ListItem\",\"position\":1,\"name\":\"Home\",\"item\":\"https:\\\/\\\/salkolahti.com\\\/\"},{\"@type\":\"ListItem\",\"position\":2,\"name\":\"Kauppa\",\"item\":\"https:\\\/\\\/salkolahti.com\\\/kauppa\\\/\"},{\"@type\":\"ListItem\",\"position\":3,\"name\":\"Tikkam\u00e4ki\"}]},{\"@type\":\"WebSite\",\"@id\":\"https:\\\/\\\/salkolahti.com\\\/#website\",\"url\":\"https:\\\/\\\/salkolahti.com\\\/\",\"name\":\"Salkolahti Lomam\u00f6kit\",\"description\":\"M\u00f6kit ja Huvilat sinun tarpeisiin\",\"publisher\":{\"@id\":\"https:\\\/\\\/salkolahti.com\\\/#organization\"},\"potentialAction\":[{\"@type\":\"SearchAction\",\"target\":{\"@type\":\"EntryPoint\",\"urlTemplate\":\"https:\\\/\\\/salkolahti.com\\\/?s={search_term_string}\"},\"query-input\":{\"@type\":\"PropertyValueSpecification\",\"valueRequired\":true,\"valueName\":\"search_term_string\"}}],\"inLanguage\":\"en-US\"},{\"@type\":\"Organization\",\"@id\":\"https:\\\/\\\/salkolahti.com\\\/#organization\",\"name\":\"Salkolahti lomam\u00f6kit\",\"url\":\"https:\\\/\\\/salkolahti.com\\\/\",\"logo\":{\"@type\":\"ImageObject\",\"inLanguage\":\"en-US\",\"@id\":\"https:\\\/\\\/salkolahti.com\\\/#\\\/schema\\\/logo\\\/image\\\/\",\"url\":\"https:\\\/\\\/salkolahti.com\\\/wp-content\\\/uploads\\\/2020\\\/05\\\/favicon.ico\",\"contentUrl\":\"https:\\\/\\\/salkolahti.com\\\/wp-content\\\/uploads\\\/2020\\\/05\\\/favicon.ico\",\"width\":32,\"height\":32,\"caption\":\"Salkolahti lomam\u00f6kit\"},\"image\":{\"@id\":\"https:\\\/\\\/salkolahti.com\\\/#\\\/schema\\\/logo\\\/image\\\/\"}}]}<\/script>\n<!-- \/ Yoast SEO plugin. -->","yoast_head_json":{"title":"Tikkam\u00e4ki - Salkolahti Lomam\u00f6kit","robots":{"index":"index","follow":"follow","max-snippet":"max-snippet:-1","max-image-preview":"max-image-preview:large","max-video-preview":"max-video-preview:-1"},"canonical":"https:\/\/salkolahti.com\/en\/product\/tikkamaki\/","og_locale":"en_US","og_type":"article","og_title":"Tikkam\u00e4ki - Salkolahti Lomam\u00f6kit","og_description":"Tikkam\u00e4ki huvila T\u00e4ss\u00e4 40 m2:n huvilassa m\u00f6kkeilet luonnon rauhassa vain 1 tunnin p\u00e4\u00e4ss\u00e4 Tampereelta ja 1,5 tunnin p\u00e4\u00e4ss\u00e4 Jyv\u00e4skyl\u00e4st\u00e4. Niemij\u00e4rvell\u00e4 soutelet ja kalastelet rauhassa: j\u00e4rvell\u00e4 ei liiku \u00e4\u00e4nekk\u00e4it\u00e4 moottoriveneit\u00e4 ja sen rannoilla on vain viisi muuta m\u00f6kki\u00e4.","og_url":"https:\/\/salkolahti.com\/en\/product\/tikkamaki\/","og_site_name":"Salkolahti Lomam\u00f6kit","article_modified_time":"2023-07-24T05:39:34+00:00","og_image":[{"width":2560,"height":1706,"url":"https:\/\/salkolahti.com\/wp-content\/uploads\/2023\/07\/1.-Ulkokuva1-scaled-1.jpg","type":"image\/jpeg"}],"twitter_card":"summary_large_image","twitter_misc":{"Est. reading time":"1 minute"},"schema":{"@context":"https:\/\/schema.org","@graph":[{"@type":"WebPage","@id":"https:\/\/salkolahti.com\/tuote\/tikkamaki\/","url":"https:\/\/salkolahti.com\/tuote\/tikkamaki\/","name":"Tikkam\u00e4ki - Salkolahti Lomam\u00f6kit","isPartOf":{"@id":"https:\/\/salkolahti.com\/#website"},"primaryImageOfPage":{"@id":"https:\/\/salkolahti.com\/tuote\/tikkamaki\/#primaryimage"},"image":{"@id":"https:\/\/salkolahti.com\/tuote\/tikkamaki\/#primaryimage"},"thumbnailUrl":"https:\/\/salkolahti.com\/wp-content\/uploads\/2023\/07\/1.-Ulkokuva1-scaled-1.jpg","datePublished":"2023-07-21T05:33:44+00:00","dateModified":"2023-07-24T05:39:34+00:00","breadcrumb":{"@id":"https:\/\/salkolahti.com\/tuote\/tikkamaki\/#breadcrumb"},"inLanguage":"en-US","potentialAction":[{"@type":"ReadAction","target":["https:\/\/salkolahti.com\/tuote\/tikkamaki\/"]}]},{"@type":"ImageObject","inLanguage":"en-US","@id":"https:\/\/salkolahti.com\/tuote\/tikkamaki\/#primaryimage","url":"https:\/\/salkolahti.com\/wp-content\/uploads\/2023\/07\/1.-Ulkokuva1-scaled-1.jpg","contentUrl":"https:\/\/salkolahti.com\/wp-content\/uploads\/2023\/07\/1.-Ulkokuva1-scaled-1.jpg","width":2560,"height":1706},{"@type":"BreadcrumbList","@id":"https:\/\/salkolahti.com\/tuote\/tikkamaki\/#breadcrumb","itemListElement":[{"@type":"ListItem","position":1,"name":"Home","item":"https:\/\/salkolahti.com\/"},{"@type":"ListItem","position":2,"name":"Kauppa","item":"https:\/\/salkolahti.com\/kauppa\/"},{"@type":"ListItem","position":3,"name":"Tikkam\u00e4ki"}]},{"@type":"WebSite","@id":"https:\/\/salkolahti.com\/#website","url":"https:\/\/salkolahti.com\/","name":"Salkolahti Lomam\u00f6kit","description":"M\u00f6kit ja Huvilat sinun tarpeisiin","publisher":{"@id":"https:\/\/salkolahti.com\/#organization"},"potentialAction":[{"@type":"SearchAction","target":{"@type":"EntryPoint","urlTemplate":"https:\/\/salkolahti.com\/?s={search_term_string}"},"query-input":{"@type":"PropertyValueSpecification","valueRequired":true,"valueName":"search_term_string"}}],"inLanguage":"en-US"},{"@type":"Organization","@id":"https:\/\/salkolahti.com\/#organization","name":"Salkolahti lomam\u00f6kit","url":"https:\/\/salkolahti.com\/","logo":{"@type":"ImageObject","inLanguage":"en-US","@id":"https:\/\/salkolahti.com\/#\/schema\/logo\/image\/","url":"https:\/\/salkolahti.com\/wp-content\/uploads\/2020\/05\/favicon.ico","contentUrl":"https:\/\/salkolahti.com\/wp-content\/uploads\/2020\/05\/favicon.ico","width":32,"height":32,"caption":"Salkolahti lomam\u00f6kit"},"image":{"@id":"https:\/\/salkolahti.com\/#\/schema\/logo\/image\/"}}]}},"_links":{"self":[{"href":"https:\/\/salkolahti.com\/en\/wp-json\/wp\/v2\/product\/2649","targetHints":{"allow":["GET"]}}],"collection":[{"href":"https:\/\/salkolahti.com\/en\/wp-json\/wp\/v2\/product"}],"about":[{"href":"https:\/\/salkolahti.com\/en\/wp-json\/wp\/v2\/types\/product"}],"replies":[{"embeddable":true,"href":"https:\/\/salkolahti.com\/en\/wp-json\/wp\/v2\/comments?post=2649"}],"wp:featuredmedia":[{"embeddable":true,"href":"https:\/\/salkolahti.com\/en\/wp-json\/wp\/v2\/media\/2710"}],"wp:attachment":[{"href":"https:\/\/salkolahti.com\/en\/wp-json\/wp\/v2\/media?parent=2649"}],"wp:term":[{"taxonomy":"product_brand","embeddable":true,"href":"https:\/\/salkolahti.com\/en\/wp-json\/wp\/v2\/product_brand?post=2649"},{"taxonomy":"product_cat","embeddable":true,"href":"https:\/\/salkolahti.com\/en\/wp-json\/wp\/v2\/product_cat?post=2649"},{"taxonomy":"product_tag","embeddable":true,"href":"https:\/\/salkolahti.com\/en\/wp-json\/wp\/v2\/product_tag?post=2649"}],"curies":[{"name":"wp","href":"https:\/\/api.w.org\/{rel}","templated":true}]}}