{"id":2651,"date":"2023-07-21T08:33:41","date_gmt":"2023-07-21T05:33:41","guid":{"rendered":"https:\/\/salkolahti.com\/?post_type=product&#038;p=2651"},"modified":"2023-07-24T08:44:16","modified_gmt":"2023-07-24T05:44:16","slug":"tontti","status":"publish","type":"product","link":"https:\/\/salkolahti.com\/en\/product\/tontti\/","title":{"rendered":"Tontti"},"content":{"rendered":"<h2>Saunam\u00f6kki mets\u00e4ss\u00e4, j\u00e4rven rannalla<\/h2>\n<p>Saunam\u00f6kki, sininen j\u00e4rvi ja m\u00e4ntyjen suojaama, sammaleinen mets\u00e4 kutsuvat lumoutumaan luonnon rauhasta ja lintujen laulusta. Ihastele j\u00e4rvimaisemaa ja vastarannan kallioita, uppoudu kirjaan omalla laiturilla ja virkist\u00e4ydy uiden. Poikkea soutelemaan ja kalastamaan sek\u00e4 napsi suuhusi l\u00e4himets\u00e4n marjoja. Vuokraan sis\u00e4ltyv\u00e4t polttopuut, s\u00e4hk\u00f6 ja wifi. Liinavaatteet, pyyhkeet ja loppusiivous ovat tilattavissa erikseen.<\/p>\n<p>T\u00e4\u00e4ll\u00e4 virkist\u00e4ydyt luonnon rauhassa, tunnin p\u00e4\u00e4ss\u00e4 Tampereelta!<\/p>","protected":false},"excerpt":{"rendered":"<h3>Saunam\u00f6kki Tontti<\/h3>\n<p>Kaunis ja perinteinen 40 m2:n kes\u00e4m\u00f6kki sinisen j\u00e4rven l\u00e4heisyydess\u00e4 tarjoaa sinulle ja perheellesi luonnonl\u00e4heisen ja rauhallisen loman. M\u00f6kiss\u00e4 majoittuu mukavasti 2 aikuista ja 2 lasta. T\u00e4lle m\u00f6kille voit ottaa mukaasi my\u00f6s lemmikin.<\/p>","protected":false},"featured_media":2718,"comment_status":"open","ping_status":"closed","template":"","meta":{"_acf_changed":false,"_et_pb_use_builder":"","_et_pb_old_content":"","_et_gb_content_width":"","_links_to":"","_links_to_target":""},"product_brand":[],"product_cat":[33],"product_tag":[],"class_list":{"0":"post-2651","1":"product","2":"type-product","3":"status-publish","4":"has-post-thumbnail","6":"product_cat-yleinen","8":"first","9":"instock","10":"shipping-taxable","11":"purchasable","12":"product-type-simple"},"acf":[],"yoast_head":"<!-- This site is optimized with the Yoast SEO plugin v27.5 - https:\/\/yoast.com\/product\/yoast-seo-wordpress\/ -->\n<title>Tontti - Salkolahti Lomam\u00f6kit<\/title>\n<meta name=\"robots\" content=\"index, follow, max-snippet:-1, max-image-preview:large, max-video-preview:-1\" \/>\n<link rel=\"canonical\" href=\"https:\/\/salkolahti.com\/en\/product\/tontti\/\" \/>\n<meta property=\"og:locale\" content=\"en_US\" \/>\n<meta property=\"og:type\" content=\"article\" \/>\n<meta property=\"og:title\" content=\"Tontti - Salkolahti Lomam\u00f6kit\" \/>\n<meta property=\"og:description\" content=\"Saunam\u00f6kki Tontti Kaunis ja perinteinen 40 m2:n kes\u00e4m\u00f6kki sinisen j\u00e4rven l\u00e4heisyydess\u00e4 tarjoaa sinulle ja perheellesi luonnonl\u00e4heisen ja rauhallisen loman. M\u00f6kiss\u00e4 majoittuu mukavasti 2 aikuista ja 2 lasta. T\u00e4lle m\u00f6kille voit ottaa mukaasi my\u00f6s lemmikin.\" \/>\n<meta property=\"og:url\" content=\"https:\/\/salkolahti.com\/en\/product\/tontti\/\" \/>\n<meta property=\"og:site_name\" content=\"Salkolahti Lomam\u00f6kit\" \/>\n<meta property=\"article:modified_time\" content=\"2023-07-24T05:44:16+00:00\" \/>\n<meta property=\"og:image\" content=\"https:\/\/salkolahti.com\/wp-content\/uploads\/2023\/07\/Salkolahti-mokit-Tontti6.jpg\" \/>\n\t<meta property=\"og:image:width\" content=\"2323\" \/>\n\t<meta property=\"og:image:height\" content=\"3252\" \/>\n\t<meta property=\"og:image:type\" content=\"image\/jpeg\" \/>\n<meta name=\"twitter:card\" content=\"summary_large_image\" \/>\n<meta name=\"twitter:label1\" content=\"Est. reading time\" \/>\n\t<meta name=\"twitter:data1\" content=\"1 minute\" \/>\n<script type=\"application\/ld+json\" class=\"yoast-schema-graph\">{\"@context\":\"https:\\\/\\\/schema.org\",\"@graph\":[{\"@type\":\"WebPage\",\"@id\":\"https:\\\/\\\/salkolahti.com\\\/tuote\\\/tontti\\\/\",\"url\":\"https:\\\/\\\/salkolahti.com\\\/tuote\\\/tontti\\\/\",\"name\":\"Tontti - Salkolahti Lomam\u00f6kit\",\"isPartOf\":{\"@id\":\"https:\\\/\\\/salkolahti.com\\\/#website\"},\"primaryImageOfPage\":{\"@id\":\"https:\\\/\\\/salkolahti.com\\\/tuote\\\/tontti\\\/#primaryimage\"},\"image\":{\"@id\":\"https:\\\/\\\/salkolahti.com\\\/tuote\\\/tontti\\\/#primaryimage\"},\"thumbnailUrl\":\"https:\\\/\\\/salkolahti.com\\\/wp-content\\\/uploads\\\/2023\\\/07\\\/Salkolahti-mokit-Tontti6.jpg\",\"datePublished\":\"2023-07-21T05:33:41+00:00\",\"dateModified\":\"2023-07-24T05:44:16+00:00\",\"breadcrumb\":{\"@id\":\"https:\\\/\\\/salkolahti.com\\\/tuote\\\/tontti\\\/#breadcrumb\"},\"inLanguage\":\"en-US\",\"potentialAction\":[{\"@type\":\"ReadAction\",\"target\":[\"https:\\\/\\\/salkolahti.com\\\/tuote\\\/tontti\\\/\"]}]},{\"@type\":\"ImageObject\",\"inLanguage\":\"en-US\",\"@id\":\"https:\\\/\\\/salkolahti.com\\\/tuote\\\/tontti\\\/#primaryimage\",\"url\":\"https:\\\/\\\/salkolahti.com\\\/wp-content\\\/uploads\\\/2023\\\/07\\\/Salkolahti-mokit-Tontti6.jpg\",\"contentUrl\":\"https:\\\/\\\/salkolahti.com\\\/wp-content\\\/uploads\\\/2023\\\/07\\\/Salkolahti-mokit-Tontti6.jpg\",\"width\":2323,\"height\":3252},{\"@type\":\"BreadcrumbList\",\"@id\":\"https:\\\/\\\/salkolahti.com\\\/tuote\\\/tontti\\\/#breadcrumb\",\"itemListElement\":[{\"@type\":\"ListItem\",\"position\":1,\"name\":\"Home\",\"item\":\"https:\\\/\\\/salkolahti.com\\\/\"},{\"@type\":\"ListItem\",\"position\":2,\"name\":\"Kauppa\",\"item\":\"https:\\\/\\\/salkolahti.com\\\/kauppa\\\/\"},{\"@type\":\"ListItem\",\"position\":3,\"name\":\"Tontti\"}]},{\"@type\":\"WebSite\",\"@id\":\"https:\\\/\\\/salkolahti.com\\\/#website\",\"url\":\"https:\\\/\\\/salkolahti.com\\\/\",\"name\":\"Salkolahti Lomam\u00f6kit\",\"description\":\"M\u00f6kit ja Huvilat sinun tarpeisiin\",\"publisher\":{\"@id\":\"https:\\\/\\\/salkolahti.com\\\/#organization\"},\"potentialAction\":[{\"@type\":\"SearchAction\",\"target\":{\"@type\":\"EntryPoint\",\"urlTemplate\":\"https:\\\/\\\/salkolahti.com\\\/?s={search_term_string}\"},\"query-input\":{\"@type\":\"PropertyValueSpecification\",\"valueRequired\":true,\"valueName\":\"search_term_string\"}}],\"inLanguage\":\"en-US\"},{\"@type\":\"Organization\",\"@id\":\"https:\\\/\\\/salkolahti.com\\\/#organization\",\"name\":\"Salkolahti lomam\u00f6kit\",\"url\":\"https:\\\/\\\/salkolahti.com\\\/\",\"logo\":{\"@type\":\"ImageObject\",\"inLanguage\":\"en-US\",\"@id\":\"https:\\\/\\\/salkolahti.com\\\/#\\\/schema\\\/logo\\\/image\\\/\",\"url\":\"https:\\\/\\\/salkolahti.com\\\/wp-content\\\/uploads\\\/2020\\\/05\\\/favicon.ico\",\"contentUrl\":\"https:\\\/\\\/salkolahti.com\\\/wp-content\\\/uploads\\\/2020\\\/05\\\/favicon.ico\",\"width\":32,\"height\":32,\"caption\":\"Salkolahti lomam\u00f6kit\"},\"image\":{\"@id\":\"https:\\\/\\\/salkolahti.com\\\/#\\\/schema\\\/logo\\\/image\\\/\"}}]}<\/script>\n<!-- \/ Yoast SEO plugin. -->","yoast_head_json":{"title":"Tontti - Salkolahti Lomam\u00f6kit","robots":{"index":"index","follow":"follow","max-snippet":"max-snippet:-1","max-image-preview":"max-image-preview:large","max-video-preview":"max-video-preview:-1"},"canonical":"https:\/\/salkolahti.com\/en\/product\/tontti\/","og_locale":"en_US","og_type":"article","og_title":"Tontti - Salkolahti Lomam\u00f6kit","og_description":"Saunam\u00f6kki Tontti Kaunis ja perinteinen 40 m2:n kes\u00e4m\u00f6kki sinisen j\u00e4rven l\u00e4heisyydess\u00e4 tarjoaa sinulle ja perheellesi luonnonl\u00e4heisen ja rauhallisen loman. M\u00f6kiss\u00e4 majoittuu mukavasti 2 aikuista ja 2 lasta. T\u00e4lle m\u00f6kille voit ottaa mukaasi my\u00f6s lemmikin.","og_url":"https:\/\/salkolahti.com\/en\/product\/tontti\/","og_site_name":"Salkolahti Lomam\u00f6kit","article_modified_time":"2023-07-24T05:44:16+00:00","og_image":[{"width":2323,"height":3252,"url":"https:\/\/salkolahti.com\/wp-content\/uploads\/2023\/07\/Salkolahti-mokit-Tontti6.jpg","type":"image\/jpeg"}],"twitter_card":"summary_large_image","twitter_misc":{"Est. reading time":"1 minute"},"schema":{"@context":"https:\/\/schema.org","@graph":[{"@type":"WebPage","@id":"https:\/\/salkolahti.com\/tuote\/tontti\/","url":"https:\/\/salkolahti.com\/tuote\/tontti\/","name":"Tontti - Salkolahti Lomam\u00f6kit","isPartOf":{"@id":"https:\/\/salkolahti.com\/#website"},"primaryImageOfPage":{"@id":"https:\/\/salkolahti.com\/tuote\/tontti\/#primaryimage"},"image":{"@id":"https:\/\/salkolahti.com\/tuote\/tontti\/#primaryimage"},"thumbnailUrl":"https:\/\/salkolahti.com\/wp-content\/uploads\/2023\/07\/Salkolahti-mokit-Tontti6.jpg","datePublished":"2023-07-21T05:33:41+00:00","dateModified":"2023-07-24T05:44:16+00:00","breadcrumb":{"@id":"https:\/\/salkolahti.com\/tuote\/tontti\/#breadcrumb"},"inLanguage":"en-US","potentialAction":[{"@type":"ReadAction","target":["https:\/\/salkolahti.com\/tuote\/tontti\/"]}]},{"@type":"ImageObject","inLanguage":"en-US","@id":"https:\/\/salkolahti.com\/tuote\/tontti\/#primaryimage","url":"https:\/\/salkolahti.com\/wp-content\/uploads\/2023\/07\/Salkolahti-mokit-Tontti6.jpg","contentUrl":"https:\/\/salkolahti.com\/wp-content\/uploads\/2023\/07\/Salkolahti-mokit-Tontti6.jpg","width":2323,"height":3252},{"@type":"BreadcrumbList","@id":"https:\/\/salkolahti.com\/tuote\/tontti\/#breadcrumb","itemListElement":[{"@type":"ListItem","position":1,"name":"Home","item":"https:\/\/salkolahti.com\/"},{"@type":"ListItem","position":2,"name":"Kauppa","item":"https:\/\/salkolahti.com\/kauppa\/"},{"@type":"ListItem","position":3,"name":"Tontti"}]},{"@type":"WebSite","@id":"https:\/\/salkolahti.com\/#website","url":"https:\/\/salkolahti.com\/","name":"Salkolahti Lomam\u00f6kit","description":"M\u00f6kit ja Huvilat sinun tarpeisiin","publisher":{"@id":"https:\/\/salkolahti.com\/#organization"},"potentialAction":[{"@type":"SearchAction","target":{"@type":"EntryPoint","urlTemplate":"https:\/\/salkolahti.com\/?s={search_term_string}"},"query-input":{"@type":"PropertyValueSpecification","valueRequired":true,"valueName":"search_term_string"}}],"inLanguage":"en-US"},{"@type":"Organization","@id":"https:\/\/salkolahti.com\/#organization","name":"Salkolahti lomam\u00f6kit","url":"https:\/\/salkolahti.com\/","logo":{"@type":"ImageObject","inLanguage":"en-US","@id":"https:\/\/salkolahti.com\/#\/schema\/logo\/image\/","url":"https:\/\/salkolahti.com\/wp-content\/uploads\/2020\/05\/favicon.ico","contentUrl":"https:\/\/salkolahti.com\/wp-content\/uploads\/2020\/05\/favicon.ico","width":32,"height":32,"caption":"Salkolahti lomam\u00f6kit"},"image":{"@id":"https:\/\/salkolahti.com\/#\/schema\/logo\/image\/"}}]}},"_links":{"self":[{"href":"https:\/\/salkolahti.com\/en\/wp-json\/wp\/v2\/product\/2651","targetHints":{"allow":["GET"]}}],"collection":[{"href":"https:\/\/salkolahti.com\/en\/wp-json\/wp\/v2\/product"}],"about":[{"href":"https:\/\/salkolahti.com\/en\/wp-json\/wp\/v2\/types\/product"}],"replies":[{"embeddable":true,"href":"https:\/\/salkolahti.com\/en\/wp-json\/wp\/v2\/comments?post=2651"}],"wp:featuredmedia":[{"embeddable":true,"href":"https:\/\/salkolahti.com\/en\/wp-json\/wp\/v2\/media\/2718"}],"wp:attachment":[{"href":"https:\/\/salkolahti.com\/en\/wp-json\/wp\/v2\/media?parent=2651"}],"wp:term":[{"taxonomy":"product_brand","embeddable":true,"href":"https:\/\/salkolahti.com\/en\/wp-json\/wp\/v2\/product_brand?post=2651"},{"taxonomy":"product_cat","embeddable":true,"href":"https:\/\/salkolahti.com\/en\/wp-json\/wp\/v2\/product_cat?post=2651"},{"taxonomy":"product_tag","embeddable":true,"href":"https:\/\/salkolahti.com\/en\/wp-json\/wp\/v2\/product_tag?post=2651"}],"curies":[{"name":"wp","href":"https:\/\/api.w.org\/{rel}","templated":true}]}}