{"id":2652,"date":"2023-07-21T08:32:16","date_gmt":"2023-07-21T05:32:16","guid":{"rendered":"https:\/\/salkolahti.com\/?post_type=product&#038;p=2652"},"modified":"2023-07-24T08:44:43","modified_gmt":"2023-07-24T05:44:43","slug":"tuura","status":"publish","type":"product","link":"https:\/\/salkolahti.com\/en\/product\/tuura\/","title":{"rendered":"Tuura"},"content":{"rendered":"<h2>Holiday cottage on a beautiful rocky beach<\/h2>\n<p>he holiday home and the spacious rocky beach invite you to spend a relaxing holiday. Be enchanted by the blue of the lake, soak up the sun on the pier and take a dip to swim. Then pop in to row, taste the blueberries in the nearby forest and heat up the sauna at the end of the day. The rent includes firewood, electricity and Wi-Fi. Linen, towels and final cleaning can be ordered separately.<\/p>\n<p>Here in a lovely blue holiday home you will spend a summer, relaxing holiday with family and friends by the lake, only an hour from Tampere!<\/p>","protected":false},"excerpt":{"rendered":"<h3>Holiday home Tuura<\/h3>\n<p>Holiday cottage Tuura is a beautiful, sky-blue 40 m2 summer cottage that invites you to relax on the shores of the shimmering Niemij\u00e4rvi, close to nature and the singing of birds. The cottage can comfortably accommodate 4 people. You can also bring a pet to this cottage.<\/p>","protected":false},"featured_media":2722,"comment_status":"open","ping_status":"closed","template":"","meta":{"_acf_changed":false,"_et_pb_use_builder":"","_et_pb_old_content":"","_et_gb_content_width":"","_links_to":"","_links_to_target":""},"product_brand":[],"product_cat":[33],"product_tag":[],"class_list":{"0":"post-2652","1":"product","2":"type-product","3":"status-publish","4":"has-post-thumbnail","6":"product_cat-yleinen","8":"first","9":"instock","10":"shipping-taxable","11":"purchasable","12":"product-type-simple"},"acf":[],"yoast_head":"<!-- This site is optimized with the Yoast SEO plugin v27.3 - https:\/\/yoast.com\/product\/yoast-seo-wordpress\/ -->\n<title>Tuura - Salkolahti Lomam\u00f6kit<\/title>\n<meta name=\"robots\" content=\"index, follow, max-snippet:-1, max-image-preview:large, max-video-preview:-1\" \/>\n<link rel=\"canonical\" href=\"https:\/\/salkolahti.com\/en\/product\/tuura\/\" \/>\n<meta property=\"og:locale\" content=\"en_US\" \/>\n<meta property=\"og:type\" content=\"article\" \/>\n<meta property=\"og:title\" content=\"Tuura - Salkolahti Lomam\u00f6kit\" \/>\n<meta property=\"og:description\" content=\"Lomam\u00f6kki Tuura Lomam\u00f6kki Tuura on kaunis, taivaansininen 40 m2:n kes\u00e4m\u00f6kki, joka kutsuu rentoutumaan hohtavan Niemij\u00e4rven rannalle, l\u00e4helle luontoa ja lintujen laulua. M\u00f6kiss\u00e4 majoittuu mukavasti 4 henkil\u00f6\u00e4. T\u00e4lle m\u00f6kille voit ottaa mukaasi my\u00f6s lemmikin.\" \/>\n<meta property=\"og:url\" content=\"https:\/\/salkolahti.com\/en\/product\/tuura\/\" \/>\n<meta property=\"og:site_name\" content=\"Salkolahti Lomam\u00f6kit\" \/>\n<meta property=\"article:modified_time\" content=\"2023-07-24T05:44:43+00:00\" \/>\n<meta property=\"og:image\" content=\"https:\/\/salkolahti.com\/wp-content\/uploads\/2023\/07\/1.Ulkokuva4.jpg\" \/>\n\t<meta property=\"og:image:width\" content=\"1000\" \/>\n\t<meta property=\"og:image:height\" content=\"563\" \/>\n\t<meta property=\"og:image:type\" content=\"image\/jpeg\" \/>\n<meta name=\"twitter:card\" content=\"summary_large_image\" \/>\n<meta name=\"twitter:label1\" content=\"Est. reading time\" \/>\n\t<meta name=\"twitter:data1\" content=\"1 minute\" \/>\n<script type=\"application\/ld+json\" class=\"yoast-schema-graph\">{\"@context\":\"https:\\\/\\\/schema.org\",\"@graph\":[{\"@type\":\"WebPage\",\"@id\":\"https:\\\/\\\/salkolahti.com\\\/tuote\\\/tuura\\\/\",\"url\":\"https:\\\/\\\/salkolahti.com\\\/tuote\\\/tuura\\\/\",\"name\":\"Tuura - Salkolahti Lomam\u00f6kit\",\"isPartOf\":{\"@id\":\"https:\\\/\\\/salkolahti.com\\\/#website\"},\"primaryImageOfPage\":{\"@id\":\"https:\\\/\\\/salkolahti.com\\\/tuote\\\/tuura\\\/#primaryimage\"},\"image\":{\"@id\":\"https:\\\/\\\/salkolahti.com\\\/tuote\\\/tuura\\\/#primaryimage\"},\"thumbnailUrl\":\"https:\\\/\\\/salkolahti.com\\\/wp-content\\\/uploads\\\/2023\\\/07\\\/1.Ulkokuva4.jpg\",\"datePublished\":\"2023-07-21T05:32:16+00:00\",\"dateModified\":\"2023-07-24T05:44:43+00:00\",\"breadcrumb\":{\"@id\":\"https:\\\/\\\/salkolahti.com\\\/tuote\\\/tuura\\\/#breadcrumb\"},\"inLanguage\":\"en-US\",\"potentialAction\":[{\"@type\":\"ReadAction\",\"target\":[\"https:\\\/\\\/salkolahti.com\\\/tuote\\\/tuura\\\/\"]}]},{\"@type\":\"ImageObject\",\"inLanguage\":\"en-US\",\"@id\":\"https:\\\/\\\/salkolahti.com\\\/tuote\\\/tuura\\\/#primaryimage\",\"url\":\"https:\\\/\\\/salkolahti.com\\\/wp-content\\\/uploads\\\/2023\\\/07\\\/1.Ulkokuva4.jpg\",\"contentUrl\":\"https:\\\/\\\/salkolahti.com\\\/wp-content\\\/uploads\\\/2023\\\/07\\\/1.Ulkokuva4.jpg\",\"width\":1000,\"height\":563},{\"@type\":\"BreadcrumbList\",\"@id\":\"https:\\\/\\\/salkolahti.com\\\/tuote\\\/tuura\\\/#breadcrumb\",\"itemListElement\":[{\"@type\":\"ListItem\",\"position\":1,\"name\":\"Home\",\"item\":\"https:\\\/\\\/salkolahti.com\\\/\"},{\"@type\":\"ListItem\",\"position\":2,\"name\":\"Kauppa\",\"item\":\"https:\\\/\\\/salkolahti.com\\\/kauppa\\\/\"},{\"@type\":\"ListItem\",\"position\":3,\"name\":\"Tuura\"}]},{\"@type\":\"WebSite\",\"@id\":\"https:\\\/\\\/salkolahti.com\\\/#website\",\"url\":\"https:\\\/\\\/salkolahti.com\\\/\",\"name\":\"Salkolahti Lomam\u00f6kit\",\"description\":\"M\u00f6kit ja Huvilat sinun tarpeisiin\",\"publisher\":{\"@id\":\"https:\\\/\\\/salkolahti.com\\\/#organization\"},\"potentialAction\":[{\"@type\":\"SearchAction\",\"target\":{\"@type\":\"EntryPoint\",\"urlTemplate\":\"https:\\\/\\\/salkolahti.com\\\/?s={search_term_string}\"},\"query-input\":{\"@type\":\"PropertyValueSpecification\",\"valueRequired\":true,\"valueName\":\"search_term_string\"}}],\"inLanguage\":\"en-US\"},{\"@type\":\"Organization\",\"@id\":\"https:\\\/\\\/salkolahti.com\\\/#organization\",\"name\":\"Salkolahti lomam\u00f6kit\",\"url\":\"https:\\\/\\\/salkolahti.com\\\/\",\"logo\":{\"@type\":\"ImageObject\",\"inLanguage\":\"en-US\",\"@id\":\"https:\\\/\\\/salkolahti.com\\\/#\\\/schema\\\/logo\\\/image\\\/\",\"url\":\"https:\\\/\\\/salkolahti.com\\\/wp-content\\\/uploads\\\/2020\\\/05\\\/favicon.ico\",\"contentUrl\":\"https:\\\/\\\/salkolahti.com\\\/wp-content\\\/uploads\\\/2020\\\/05\\\/favicon.ico\",\"width\":32,\"height\":32,\"caption\":\"Salkolahti lomam\u00f6kit\"},\"image\":{\"@id\":\"https:\\\/\\\/salkolahti.com\\\/#\\\/schema\\\/logo\\\/image\\\/\"}}]}<\/script>\n<!-- \/ Yoast SEO plugin. -->","yoast_head_json":{"title":"Tuura - Salkolahti Lomam\u00f6kit","robots":{"index":"index","follow":"follow","max-snippet":"max-snippet:-1","max-image-preview":"max-image-preview:large","max-video-preview":"max-video-preview:-1"},"canonical":"https:\/\/salkolahti.com\/en\/product\/tuura\/","og_locale":"en_US","og_type":"article","og_title":"Tuura - Salkolahti Lomam\u00f6kit","og_description":"Lomam\u00f6kki Tuura Lomam\u00f6kki Tuura on kaunis, taivaansininen 40 m2:n kes\u00e4m\u00f6kki, joka kutsuu rentoutumaan hohtavan Niemij\u00e4rven rannalle, l\u00e4helle luontoa ja lintujen laulua. M\u00f6kiss\u00e4 majoittuu mukavasti 4 henkil\u00f6\u00e4. T\u00e4lle m\u00f6kille voit ottaa mukaasi my\u00f6s lemmikin.","og_url":"https:\/\/salkolahti.com\/en\/product\/tuura\/","og_site_name":"Salkolahti Lomam\u00f6kit","article_modified_time":"2023-07-24T05:44:43+00:00","og_image":[{"width":1000,"height":563,"url":"https:\/\/salkolahti.com\/wp-content\/uploads\/2023\/07\/1.Ulkokuva4.jpg","type":"image\/jpeg"}],"twitter_card":"summary_large_image","twitter_misc":{"Est. reading time":"1 minute"},"schema":{"@context":"https:\/\/schema.org","@graph":[{"@type":"WebPage","@id":"https:\/\/salkolahti.com\/tuote\/tuura\/","url":"https:\/\/salkolahti.com\/tuote\/tuura\/","name":"Tuura - Salkolahti Lomam\u00f6kit","isPartOf":{"@id":"https:\/\/salkolahti.com\/#website"},"primaryImageOfPage":{"@id":"https:\/\/salkolahti.com\/tuote\/tuura\/#primaryimage"},"image":{"@id":"https:\/\/salkolahti.com\/tuote\/tuura\/#primaryimage"},"thumbnailUrl":"https:\/\/salkolahti.com\/wp-content\/uploads\/2023\/07\/1.Ulkokuva4.jpg","datePublished":"2023-07-21T05:32:16+00:00","dateModified":"2023-07-24T05:44:43+00:00","breadcrumb":{"@id":"https:\/\/salkolahti.com\/tuote\/tuura\/#breadcrumb"},"inLanguage":"en-US","potentialAction":[{"@type":"ReadAction","target":["https:\/\/salkolahti.com\/tuote\/tuura\/"]}]},{"@type":"ImageObject","inLanguage":"en-US","@id":"https:\/\/salkolahti.com\/tuote\/tuura\/#primaryimage","url":"https:\/\/salkolahti.com\/wp-content\/uploads\/2023\/07\/1.Ulkokuva4.jpg","contentUrl":"https:\/\/salkolahti.com\/wp-content\/uploads\/2023\/07\/1.Ulkokuva4.jpg","width":1000,"height":563},{"@type":"BreadcrumbList","@id":"https:\/\/salkolahti.com\/tuote\/tuura\/#breadcrumb","itemListElement":[{"@type":"ListItem","position":1,"name":"Home","item":"https:\/\/salkolahti.com\/"},{"@type":"ListItem","position":2,"name":"Kauppa","item":"https:\/\/salkolahti.com\/kauppa\/"},{"@type":"ListItem","position":3,"name":"Tuura"}]},{"@type":"WebSite","@id":"https:\/\/salkolahti.com\/#website","url":"https:\/\/salkolahti.com\/","name":"Salkolahti Lomam\u00f6kit","description":"M\u00f6kit ja Huvilat sinun tarpeisiin","publisher":{"@id":"https:\/\/salkolahti.com\/#organization"},"potentialAction":[{"@type":"SearchAction","target":{"@type":"EntryPoint","urlTemplate":"https:\/\/salkolahti.com\/?s={search_term_string}"},"query-input":{"@type":"PropertyValueSpecification","valueRequired":true,"valueName":"search_term_string"}}],"inLanguage":"en-US"},{"@type":"Organization","@id":"https:\/\/salkolahti.com\/#organization","name":"Salkolahti lomam\u00f6kit","url":"https:\/\/salkolahti.com\/","logo":{"@type":"ImageObject","inLanguage":"en-US","@id":"https:\/\/salkolahti.com\/#\/schema\/logo\/image\/","url":"https:\/\/salkolahti.com\/wp-content\/uploads\/2020\/05\/favicon.ico","contentUrl":"https:\/\/salkolahti.com\/wp-content\/uploads\/2020\/05\/favicon.ico","width":32,"height":32,"caption":"Salkolahti lomam\u00f6kit"},"image":{"@id":"https:\/\/salkolahti.com\/#\/schema\/logo\/image\/"}}]}},"_links":{"self":[{"href":"https:\/\/salkolahti.com\/en\/wp-json\/wp\/v2\/product\/2652","targetHints":{"allow":["GET"]}}],"collection":[{"href":"https:\/\/salkolahti.com\/en\/wp-json\/wp\/v2\/product"}],"about":[{"href":"https:\/\/salkolahti.com\/en\/wp-json\/wp\/v2\/types\/product"}],"replies":[{"embeddable":true,"href":"https:\/\/salkolahti.com\/en\/wp-json\/wp\/v2\/comments?post=2652"}],"wp:featuredmedia":[{"embeddable":true,"href":"https:\/\/salkolahti.com\/en\/wp-json\/wp\/v2\/media\/2722"}],"wp:attachment":[{"href":"https:\/\/salkolahti.com\/en\/wp-json\/wp\/v2\/media?parent=2652"}],"wp:term":[{"taxonomy":"product_brand","embeddable":true,"href":"https:\/\/salkolahti.com\/en\/wp-json\/wp\/v2\/product_brand?post=2652"},{"taxonomy":"product_cat","embeddable":true,"href":"https:\/\/salkolahti.com\/en\/wp-json\/wp\/v2\/product_cat?post=2652"},{"taxonomy":"product_tag","embeddable":true,"href":"https:\/\/salkolahti.com\/en\/wp-json\/wp\/v2\/product_tag?post=2652"}],"curies":[{"name":"wp","href":"https:\/\/api.w.org\/{rel}","templated":true}]}}