{"id":2653,"date":"2023-07-21T08:32:16","date_gmt":"2023-07-21T05:32:16","guid":{"rendered":"https:\/\/salkolahti.com\/?post_type=product&#038;p=2653"},"modified":"2023-07-24T08:44:28","modified_gmt":"2023-07-24T05:44:28","slug":"vehmaanpirtti","status":"publish","type":"product","link":"https:\/\/salkolahti.com\/en\/product\/vehmaanpirtti\/","title":{"rendered":"Vehmaanpirtti"},"content":{"rendered":"<h2>M\u00f6kin vuokraus mieless\u00e4?Kaunis m\u00f6kki &amp; rantasauna odottavat!<\/h2>\n<p>M\u00f6kin vuokraus mieless\u00e4 kes\u00e4lomalla? Vain tunti Tampereelta ja olet viihtyis\u00e4ll\u00e4 m\u00f6kill\u00e4, sinisen j\u00e4rven rannalla. Raikkaasti sisustetussa m\u00f6kiss\u00e4 on moderni keitti\u00f6, suihku ja s\u00e4hk\u00f6l\u00e4mmitys. Y\u00f6unet maistuvat m\u00f6kiss\u00e4, parvella ja upeassa vanhassa suola-aitassa.<\/p>\n<p>Raikas juomavesi tulee kaivosta, pihalla on grillikatos ja rannassa vene. Rantasauna on yhteisk\u00e4yt\u00f6ss\u00e4 naapurim\u00f6kin kanssa. Vuokraan sis\u00e4ltyy polttopuut, s\u00e4hk\u00f6 ja vene. Liinavaatteet, pyyhkeet ja loppusiivouksen voit tilata lis\u00e4palveluna. Tervetuloa maalle lomailemaan!<\/p>","protected":false},"excerpt":{"rendered":"<h3>Vehmaanpirtti m\u00f6kin vuokraus<\/h3>\n<p>This beautiful 30 m2 cottage is located on the shore of lake L\u00e4ngelm\u00e4vesi, and comfortably accommodates 2-3 people. The yard has additional accommodation for 2 people. You can admire the magnificent lake views from the courtyard or the glass deck at the traditional cottage.<\/p>\n<div class=\"et_pb_module et_pb_text et_pb_text_2 et_pb_text_align_left et_pb_text_align_center-phone et_pb_bg_layout_light\">\n<div class=\"et_pb_text_inner\">\n<p>From the lakeside sauna you can take a trip down the stairs to water and refresh yourself. The cottage has a private beach and a rowing boat is at your disposal. If you have your own canoe or kayak, you can easily paddle from the shallow kayak pier. In the bbq house you cook sausages and other delicacies for the whole group.<\/p>\n<\/div>\n<\/div>\n<div class=\"et_pb_module et_pb_code et_pb_code_0 et_pb_text_align_left et_pb_text_align_center-phone\"><\/div>","protected":false},"featured_media":2728,"comment_status":"open","ping_status":"closed","template":"","meta":{"_acf_changed":false,"_et_pb_use_builder":"","_et_pb_old_content":"","_et_gb_content_width":"","_links_to":"","_links_to_target":""},"product_brand":[],"product_cat":[33],"product_tag":[],"class_list":{"0":"post-2653","1":"product","2":"type-product","3":"status-publish","4":"has-post-thumbnail","6":"product_cat-yleinen","8":"first","9":"instock","10":"shipping-taxable","11":"purchasable","12":"product-type-simple"},"acf":[],"yoast_head":"<!-- This site is optimized with the Yoast SEO plugin v27.5 - https:\/\/yoast.com\/product\/yoast-seo-wordpress\/ -->\n<title>Vehmaanpirtti - Salkolahti Lomam\u00f6kit<\/title>\n<meta name=\"robots\" content=\"index, follow, max-snippet:-1, max-image-preview:large, max-video-preview:-1\" \/>\n<link rel=\"canonical\" href=\"https:\/\/salkolahti.com\/en\/product\/vehmaanpirtti\/\" \/>\n<meta property=\"og:locale\" content=\"en_US\" \/>\n<meta property=\"og:type\" content=\"article\" \/>\n<meta property=\"og:title\" content=\"Vehmaanpirtti - Salkolahti Lomam\u00f6kit\" \/>\n<meta property=\"og:description\" content=\"Vehmaanpirtti m\u00f6kin vuokraus Kauniissa, L\u00e4ngelm\u00e4veden rannalla sijaitsevassa 30 m2:n m\u00f6kiss\u00e4 majoittuu mukavasti 2-3 henkil\u00f6\u00e4. Piha-aitassa on lis\u00e4majoitusmahdollisuus 2 henkil\u00f6lle. Perinteisell\u00e4 m\u00f6kill\u00e4 ihailet upeaa j\u00e4rvimaisemaa pihalta tai lasiverannalta.    Rantasaunalta p\u00e4\u00e4set portaita pitkin veteen polskimaan ja virkist\u00e4ytym\u00e4\u00e4n. M\u00f6kill\u00e4 on oma ranta ja soutuvene on k\u00e4yt\u00f6ss\u00e4si. Jos sinulla on oma kanootti tai kajakki, p\u00e4\u00e4set matalasta kajakkilaiturista helposti melomaan. Grillikatoksessa kokkailet makkarat ja muut herkut koko porukalle.\" \/>\n<meta property=\"og:url\" content=\"https:\/\/salkolahti.com\/en\/product\/vehmaanpirtti\/\" \/>\n<meta property=\"og:site_name\" content=\"Salkolahti Lomam\u00f6kit\" \/>\n<meta property=\"article:modified_time\" content=\"2023-07-24T05:44:28+00:00\" \/>\n<meta property=\"og:image\" content=\"https:\/\/salkolahti.com\/wp-content\/uploads\/2023\/07\/Vehmaanpirtti_optimoitu40-scaled-1.jpg\" \/>\n\t<meta property=\"og:image:width\" content=\"2560\" \/>\n\t<meta property=\"og:image:height\" content=\"1441\" \/>\n\t<meta property=\"og:image:type\" content=\"image\/jpeg\" \/>\n<meta name=\"twitter:card\" content=\"summary_large_image\" \/>\n<meta name=\"twitter:label1\" content=\"Est. reading time\" \/>\n\t<meta name=\"twitter:data1\" content=\"1 minute\" \/>\n<script type=\"application\/ld+json\" class=\"yoast-schema-graph\">{\"@context\":\"https:\\\/\\\/schema.org\",\"@graph\":[{\"@type\":\"WebPage\",\"@id\":\"https:\\\/\\\/salkolahti.com\\\/tuote\\\/vehmaanpirtti\\\/\",\"url\":\"https:\\\/\\\/salkolahti.com\\\/tuote\\\/vehmaanpirtti\\\/\",\"name\":\"Vehmaanpirtti - Salkolahti Lomam\u00f6kit\",\"isPartOf\":{\"@id\":\"https:\\\/\\\/salkolahti.com\\\/#website\"},\"primaryImageOfPage\":{\"@id\":\"https:\\\/\\\/salkolahti.com\\\/tuote\\\/vehmaanpirtti\\\/#primaryimage\"},\"image\":{\"@id\":\"https:\\\/\\\/salkolahti.com\\\/tuote\\\/vehmaanpirtti\\\/#primaryimage\"},\"thumbnailUrl\":\"https:\\\/\\\/salkolahti.com\\\/wp-content\\\/uploads\\\/2023\\\/07\\\/Vehmaanpirtti_optimoitu40-scaled-1.jpg\",\"datePublished\":\"2023-07-21T05:32:16+00:00\",\"dateModified\":\"2023-07-24T05:44:28+00:00\",\"breadcrumb\":{\"@id\":\"https:\\\/\\\/salkolahti.com\\\/tuote\\\/vehmaanpirtti\\\/#breadcrumb\"},\"inLanguage\":\"en-US\",\"potentialAction\":[{\"@type\":\"ReadAction\",\"target\":[\"https:\\\/\\\/salkolahti.com\\\/tuote\\\/vehmaanpirtti\\\/\"]}]},{\"@type\":\"ImageObject\",\"inLanguage\":\"en-US\",\"@id\":\"https:\\\/\\\/salkolahti.com\\\/tuote\\\/vehmaanpirtti\\\/#primaryimage\",\"url\":\"https:\\\/\\\/salkolahti.com\\\/wp-content\\\/uploads\\\/2023\\\/07\\\/Vehmaanpirtti_optimoitu40-scaled-1.jpg\",\"contentUrl\":\"https:\\\/\\\/salkolahti.com\\\/wp-content\\\/uploads\\\/2023\\\/07\\\/Vehmaanpirtti_optimoitu40-scaled-1.jpg\",\"width\":2560,\"height\":1441},{\"@type\":\"BreadcrumbList\",\"@id\":\"https:\\\/\\\/salkolahti.com\\\/tuote\\\/vehmaanpirtti\\\/#breadcrumb\",\"itemListElement\":[{\"@type\":\"ListItem\",\"position\":1,\"name\":\"Home\",\"item\":\"https:\\\/\\\/salkolahti.com\\\/\"},{\"@type\":\"ListItem\",\"position\":2,\"name\":\"Kauppa\",\"item\":\"https:\\\/\\\/salkolahti.com\\\/kauppa\\\/\"},{\"@type\":\"ListItem\",\"position\":3,\"name\":\"Vehmaanpirtti\"}]},{\"@type\":\"WebSite\",\"@id\":\"https:\\\/\\\/salkolahti.com\\\/#website\",\"url\":\"https:\\\/\\\/salkolahti.com\\\/\",\"name\":\"Salkolahti Lomam\u00f6kit\",\"description\":\"M\u00f6kit ja Huvilat sinun tarpeisiin\",\"publisher\":{\"@id\":\"https:\\\/\\\/salkolahti.com\\\/#organization\"},\"potentialAction\":[{\"@type\":\"SearchAction\",\"target\":{\"@type\":\"EntryPoint\",\"urlTemplate\":\"https:\\\/\\\/salkolahti.com\\\/?s={search_term_string}\"},\"query-input\":{\"@type\":\"PropertyValueSpecification\",\"valueRequired\":true,\"valueName\":\"search_term_string\"}}],\"inLanguage\":\"en-US\"},{\"@type\":\"Organization\",\"@id\":\"https:\\\/\\\/salkolahti.com\\\/#organization\",\"name\":\"Salkolahti lomam\u00f6kit\",\"url\":\"https:\\\/\\\/salkolahti.com\\\/\",\"logo\":{\"@type\":\"ImageObject\",\"inLanguage\":\"en-US\",\"@id\":\"https:\\\/\\\/salkolahti.com\\\/#\\\/schema\\\/logo\\\/image\\\/\",\"url\":\"https:\\\/\\\/salkolahti.com\\\/wp-content\\\/uploads\\\/2020\\\/05\\\/favicon.ico\",\"contentUrl\":\"https:\\\/\\\/salkolahti.com\\\/wp-content\\\/uploads\\\/2020\\\/05\\\/favicon.ico\",\"width\":32,\"height\":32,\"caption\":\"Salkolahti lomam\u00f6kit\"},\"image\":{\"@id\":\"https:\\\/\\\/salkolahti.com\\\/#\\\/schema\\\/logo\\\/image\\\/\"}}]}<\/script>\n<!-- \/ Yoast SEO plugin. -->","yoast_head_json":{"title":"Vehmaanpirtti - Salkolahti Lomam\u00f6kit","robots":{"index":"index","follow":"follow","max-snippet":"max-snippet:-1","max-image-preview":"max-image-preview:large","max-video-preview":"max-video-preview:-1"},"canonical":"https:\/\/salkolahti.com\/en\/product\/vehmaanpirtti\/","og_locale":"en_US","og_type":"article","og_title":"Vehmaanpirtti - Salkolahti Lomam\u00f6kit","og_description":"Vehmaanpirtti m\u00f6kin vuokraus Kauniissa, L\u00e4ngelm\u00e4veden rannalla sijaitsevassa 30 m2:n m\u00f6kiss\u00e4 majoittuu mukavasti 2-3 henkil\u00f6\u00e4. Piha-aitassa on lis\u00e4majoitusmahdollisuus 2 henkil\u00f6lle. Perinteisell\u00e4 m\u00f6kill\u00e4 ihailet upeaa j\u00e4rvimaisemaa pihalta tai lasiverannalta.    Rantasaunalta p\u00e4\u00e4set portaita pitkin veteen polskimaan ja virkist\u00e4ytym\u00e4\u00e4n. M\u00f6kill\u00e4 on oma ranta ja soutuvene on k\u00e4yt\u00f6ss\u00e4si. Jos sinulla on oma kanootti tai kajakki, p\u00e4\u00e4set matalasta kajakkilaiturista helposti melomaan. Grillikatoksessa kokkailet makkarat ja muut herkut koko porukalle.","og_url":"https:\/\/salkolahti.com\/en\/product\/vehmaanpirtti\/","og_site_name":"Salkolahti Lomam\u00f6kit","article_modified_time":"2023-07-24T05:44:28+00:00","og_image":[{"width":2560,"height":1441,"url":"https:\/\/salkolahti.com\/wp-content\/uploads\/2023\/07\/Vehmaanpirtti_optimoitu40-scaled-1.jpg","type":"image\/jpeg"}],"twitter_card":"summary_large_image","twitter_misc":{"Est. reading time":"1 minute"},"schema":{"@context":"https:\/\/schema.org","@graph":[{"@type":"WebPage","@id":"https:\/\/salkolahti.com\/tuote\/vehmaanpirtti\/","url":"https:\/\/salkolahti.com\/tuote\/vehmaanpirtti\/","name":"Vehmaanpirtti - Salkolahti Lomam\u00f6kit","isPartOf":{"@id":"https:\/\/salkolahti.com\/#website"},"primaryImageOfPage":{"@id":"https:\/\/salkolahti.com\/tuote\/vehmaanpirtti\/#primaryimage"},"image":{"@id":"https:\/\/salkolahti.com\/tuote\/vehmaanpirtti\/#primaryimage"},"thumbnailUrl":"https:\/\/salkolahti.com\/wp-content\/uploads\/2023\/07\/Vehmaanpirtti_optimoitu40-scaled-1.jpg","datePublished":"2023-07-21T05:32:16+00:00","dateModified":"2023-07-24T05:44:28+00:00","breadcrumb":{"@id":"https:\/\/salkolahti.com\/tuote\/vehmaanpirtti\/#breadcrumb"},"inLanguage":"en-US","potentialAction":[{"@type":"ReadAction","target":["https:\/\/salkolahti.com\/tuote\/vehmaanpirtti\/"]}]},{"@type":"ImageObject","inLanguage":"en-US","@id":"https:\/\/salkolahti.com\/tuote\/vehmaanpirtti\/#primaryimage","url":"https:\/\/salkolahti.com\/wp-content\/uploads\/2023\/07\/Vehmaanpirtti_optimoitu40-scaled-1.jpg","contentUrl":"https:\/\/salkolahti.com\/wp-content\/uploads\/2023\/07\/Vehmaanpirtti_optimoitu40-scaled-1.jpg","width":2560,"height":1441},{"@type":"BreadcrumbList","@id":"https:\/\/salkolahti.com\/tuote\/vehmaanpirtti\/#breadcrumb","itemListElement":[{"@type":"ListItem","position":1,"name":"Home","item":"https:\/\/salkolahti.com\/"},{"@type":"ListItem","position":2,"name":"Kauppa","item":"https:\/\/salkolahti.com\/kauppa\/"},{"@type":"ListItem","position":3,"name":"Vehmaanpirtti"}]},{"@type":"WebSite","@id":"https:\/\/salkolahti.com\/#website","url":"https:\/\/salkolahti.com\/","name":"Salkolahti Lomam\u00f6kit","description":"M\u00f6kit ja Huvilat sinun tarpeisiin","publisher":{"@id":"https:\/\/salkolahti.com\/#organization"},"potentialAction":[{"@type":"SearchAction","target":{"@type":"EntryPoint","urlTemplate":"https:\/\/salkolahti.com\/?s={search_term_string}"},"query-input":{"@type":"PropertyValueSpecification","valueRequired":true,"valueName":"search_term_string"}}],"inLanguage":"en-US"},{"@type":"Organization","@id":"https:\/\/salkolahti.com\/#organization","name":"Salkolahti lomam\u00f6kit","url":"https:\/\/salkolahti.com\/","logo":{"@type":"ImageObject","inLanguage":"en-US","@id":"https:\/\/salkolahti.com\/#\/schema\/logo\/image\/","url":"https:\/\/salkolahti.com\/wp-content\/uploads\/2020\/05\/favicon.ico","contentUrl":"https:\/\/salkolahti.com\/wp-content\/uploads\/2020\/05\/favicon.ico","width":32,"height":32,"caption":"Salkolahti lomam\u00f6kit"},"image":{"@id":"https:\/\/salkolahti.com\/#\/schema\/logo\/image\/"}}]}},"_links":{"self":[{"href":"https:\/\/salkolahti.com\/en\/wp-json\/wp\/v2\/product\/2653","targetHints":{"allow":["GET"]}}],"collection":[{"href":"https:\/\/salkolahti.com\/en\/wp-json\/wp\/v2\/product"}],"about":[{"href":"https:\/\/salkolahti.com\/en\/wp-json\/wp\/v2\/types\/product"}],"replies":[{"embeddable":true,"href":"https:\/\/salkolahti.com\/en\/wp-json\/wp\/v2\/comments?post=2653"}],"wp:featuredmedia":[{"embeddable":true,"href":"https:\/\/salkolahti.com\/en\/wp-json\/wp\/v2\/media\/2728"}],"wp:attachment":[{"href":"https:\/\/salkolahti.com\/en\/wp-json\/wp\/v2\/media?parent=2653"}],"wp:term":[{"taxonomy":"product_brand","embeddable":true,"href":"https:\/\/salkolahti.com\/en\/wp-json\/wp\/v2\/product_brand?post=2653"},{"taxonomy":"product_cat","embeddable":true,"href":"https:\/\/salkolahti.com\/en\/wp-json\/wp\/v2\/product_cat?post=2653"},{"taxonomy":"product_tag","embeddable":true,"href":"https:\/\/salkolahti.com\/en\/wp-json\/wp\/v2\/product_tag?post=2653"}],"curies":[{"name":"wp","href":"https:\/\/api.w.org\/{rel}","templated":true}]}}